{"id":717,"date":"2025-05-20T16:33:08","date_gmt":"2025-05-20T16:33:08","guid":{"rendered":"https:\/\/ceu2.izt.uam.mx\/librosUAMI\/?page_id=717"},"modified":"2025-05-22T18:43:26","modified_gmt":"2025-05-22T18:43:26","slug":"mamiferos_en_riesgo","status":"publish","type":"page","link":"https:\/\/ceu2.izt.uam.mx\/librosUAMI\/index.php\/mamiferos_en_riesgo\/","title":{"rendered":"Estrategias para recuperar mam\u00edferos en riesgo"},"content":{"rendered":"\t\t<div data-elementor-type=\"wp-page\" data-elementor-id=\"717\" class=\"elementor elementor-717\" data-elementor-post-type=\"page\">\n\t\t\t\t\t\t<section class=\"elementor-section elementor-top-section elementor-element elementor-element-19b978e elementor-section-boxed elementor-section-height-default elementor-section-height-default jltma-glass-effect-no\" data-id=\"19b978e\" data-element_type=\"section\" data-settings=\"{&quot;background_background&quot;:&quot;classic&quot;,&quot;shape_divider_bottom&quot;:&quot;mountains&quot;}\">\n\t\t\t\t\t<div class=\"elementor-shape elementor-shape-bottom\" aria-hidden=\"true\" data-negative=\"false\">\n\t\t\t<svg xmlns=\"http:\/\/www.w3.org\/2000\/svg\" viewBox=\"0 0 1000 100\" preserveAspectRatio=\"none\">\n\t<path class=\"elementor-shape-fill\" opacity=\"0.33\" d=\"M473,67.3c-203.9,88.3-263.1-34-320.3,0C66,119.1,0,59.7,0,59.7V0h1000v59.7 c0,0-62.1,26.1-94.9,29.3c-32.8,3.3-62.8-12.3-75.8-22.1C806,49.6,745.3,8.7,694.9,4.7S492.4,59,473,67.3z\"\/>\n\t<path class=\"elementor-shape-fill\" opacity=\"0.66\" d=\"M734,67.3c-45.5,0-77.2-23.2-129.1-39.1c-28.6-8.7-150.3-10.1-254,39.1 s-91.7-34.4-149.2,0C115.7,118.3,0,39.8,0,39.8V0h1000v36.5c0,0-28.2-18.5-92.1-18.5C810.2,18.1,775.7,67.3,734,67.3z\"\/>\n\t<path class=\"elementor-shape-fill\" d=\"M766.1,28.9c-200-57.5-266,65.5-395.1,19.5C242,1.8,242,5.4,184.8,20.6C128,35.8,132.3,44.9,89.9,52.5C28.6,63.7,0,0,0,0 h1000c0,0-9.9,40.9-83.6,48.1S829.6,47,766.1,28.9z\"\/>\n<\/svg>\t\t<\/div>\n\t\t\t\t\t<div class=\"elementor-container elementor-column-gap-default\">\n\t\t\t\t\t<div class=\"elementor-column elementor-col-100 elementor-top-column elementor-element elementor-element-00a95ee jltma-glass-effect-no\" data-id=\"00a95ee\" data-element_type=\"column\">\n\t\t\t<div class=\"elementor-widget-wrap elementor-element-populated\">\n\t\t\t\t\t\t<div class=\"elementor-element elementor-element-323892f jltma-glass-effect-no elementor-widget elementor-widget-spacer\" data-id=\"323892f\" data-element_type=\"widget\" data-widget_type=\"spacer.default\">\n\t\t\t\t<div class=\"elementor-widget-container\">\n\t\t\t\t\t\t\t<div class=\"elementor-spacer\">\n\t\t\t<div class=\"elementor-spacer-inner\"><\/div>\n\t\t<\/div>\n\t\t\t\t\t\t<\/div>\n\t\t\t\t<\/div>\n\t\t\t\t\t<\/div>\n\t\t<\/div>\n\t\t\t\t\t<\/div>\n\t\t<\/section>\n\t\t\t\t<section class=\"elementor-section elementor-top-section elementor-element elementor-element-55fb6ad elementor-section-boxed elementor-section-height-default elementor-section-height-default jltma-glass-effect-no\" data-id=\"55fb6ad\" data-element_type=\"section\">\n\t\t\t\t\t\t<div class=\"elementor-container elementor-column-gap-default\">\n\t\t\t\t\t<div class=\"elementor-column elementor-col-100 elementor-top-column elementor-element elementor-element-bb06d4b jltma-glass-effect-no\" data-id=\"bb06d4b\" data-element_type=\"column\">\n\t\t\t<div class=\"elementor-widget-wrap elementor-element-populated\">\n\t\t\t\t\t\t<div class=\"elementor-element elementor-element-a3957fc jltma-glass-effect-no elementor-widget elementor-widget-spacer\" data-id=\"a3957fc\" data-element_type=\"widget\" data-widget_type=\"spacer.default\">\n\t\t\t\t<div class=\"elementor-widget-container\">\n\t\t\t\t\t\t\t<div class=\"elementor-spacer\">\n\t\t\t<div class=\"elementor-spacer-inner\"><\/div>\n\t\t<\/div>\n\t\t\t\t\t\t<\/div>\n\t\t\t\t<\/div>\n\t\t\t\t<div class=\"elementor-element elementor-element-1cca240 jltma-glass-effect-no elementor-widget elementor-widget-heading\" data-id=\"1cca240\" data-element_type=\"widget\" data-widget_type=\"heading.default\">\n\t\t\t\t<div class=\"elementor-widget-container\">\n\t\t\t\t\t<h2 class=\"elementor-heading-title elementor-size-default\">Estrategias para recuperar mam\u00edferos en riesgo<\/h2>\t\t\t\t<\/div>\n\t\t\t\t<\/div>\n\t\t\t\t<div class=\"elementor-element elementor-element-89090c9 jltma-glass-effect-no elementor-widget elementor-widget-spacer\" data-id=\"89090c9\" data-element_type=\"widget\" data-widget_type=\"spacer.default\">\n\t\t\t\t<div class=\"elementor-widget-container\">\n\t\t\t\t\t\t\t<div class=\"elementor-spacer\">\n\t\t\t<div class=\"elementor-spacer-inner\"><\/div>\n\t\t<\/div>\n\t\t\t\t\t\t<\/div>\n\t\t\t\t<\/div>\n\t\t\t\t\t<\/div>\n\t\t<\/div>\n\t\t\t\t\t<\/div>\n\t\t<\/section>\n\t\t\t\t<section class=\"elementor-section elementor-top-section elementor-element elementor-element-6a7abde elementor-section-boxed elementor-section-height-default elementor-section-height-default jltma-glass-effect-no\" data-id=\"6a7abde\" data-element_type=\"section\">\n\t\t\t\t\t\t<div class=\"elementor-container elementor-column-gap-default\">\n\t\t\t\t\t<div class=\"elementor-column elementor-col-50 elementor-top-column elementor-element elementor-element-d3cbcbe jltma-glass-effect-no\" data-id=\"d3cbcbe\" data-element_type=\"column\">\n\t\t\t<div class=\"elementor-widget-wrap elementor-element-populated\">\n\t\t\t\t\t\t<div class=\"elementor-element elementor-element-edcfbf6 jltma-glass-effect-no elementor-widget elementor-widget-image\" data-id=\"edcfbf6\" data-element_type=\"widget\" data-widget_type=\"image.default\">\n\t\t\t\t<div class=\"elementor-widget-container\">\n\t\t\t\t\t\t\t\t\t\t\t\t\t\t\t\t<a href=\"http:\/\/ceu2.izt.uam.mx\/librosUAMI\/wp-content\/uploads\/2025\/05\/Estrategias-para-Recuperar-Mimiferos_Portada.png\" data-elementor-open-lightbox=\"yes\" data-elementor-lightbox-title=\"Estrategias para Recuperar Mimiferos_Portada\" data-e-action-hash=\"#elementor-action%3Aaction%3Dlightbox%26settings%3DeyJpZCI6NzE2LCJ1cmwiOiJodHRwczpcL1wvY2V1Mi5penQudWFtLm14XC9saWJyb3NVQU1JXC93cC1jb250ZW50XC91cGxvYWRzXC8yMDI1XC8wNVwvRXN0cmF0ZWdpYXMtcGFyYS1SZWN1cGVyYXItTWltaWZlcm9zX1BvcnRhZGEucG5nIn0%3D\">\n\t\t\t\t\t\t\t<img fetchpriority=\"high\" decoding=\"async\" width=\"640\" height=\"858\" src=\"https:\/\/ceu2.izt.uam.mx\/librosUAMI\/wp-content\/uploads\/2025\/05\/Estrategias-para-Recuperar-Mimiferos_Portada.png\" class=\"attachment-large size-large wp-image-716\" alt=\"\" srcset=\"https:\/\/ceu2.izt.uam.mx\/librosUAMI\/wp-content\/uploads\/2025\/05\/Estrategias-para-Recuperar-Mimiferos_Portada.png 693w, https:\/\/ceu2.izt.uam.mx\/librosUAMI\/wp-content\/uploads\/2025\/05\/Estrategias-para-Recuperar-Mimiferos_Portada-224x300.png 224w\" sizes=\"(max-width: 640px) 100vw, 640px\" \/>\t\t\t\t\t\t\t\t<\/a>\n\t\t\t\t\t\t\t\t\t\t\t\t\t\t\t<\/div>\n\t\t\t\t<\/div>\n\t\t\t\t<div class=\"elementor-element elementor-element-3cdd000 elementor-align-center jltma-glass-effect-no elementor-widget elementor-widget-button\" data-id=\"3cdd000\" data-element_type=\"widget\" data-widget_type=\"button.default\">\n\t\t\t\t<div class=\"elementor-widget-container\">\n\t\t\t\t\t\t\t\t\t<div class=\"elementor-button-wrapper\">\n\t\t\t\t\t<a class=\"elementor-button elementor-button-link elementor-size-sm\" href=\"http:\/\/ceu2.izt.uam.mx\/librosUAMI\/wp-content\/uploads\/2025\/05\/Estrategias-para-Recuperar-Mamiferos-WEB.pdf\" target=\"_blank\">\n\t\t\t\t\t\t<span class=\"elementor-button-content-wrapper\">\n\t\t\t\t\t\t\t\t\t<span class=\"elementor-button-text\">Descargar PDF<\/span>\n\t\t\t\t\t<\/span>\n\t\t\t\t\t<\/a>\n\t\t\t\t<\/div>\n\t\t\t\t\t\t\t\t<\/div>\n\t\t\t\t<\/div>\n\t\t\t\t<div class=\"elementor-element elementor-element-017bf7f elementor-align-center jltma-glass-effect-no elementor-widget elementor-widget-button\" data-id=\"017bf7f\" data-element_type=\"widget\" data-widget_type=\"button.default\">\n\t\t\t\t<div class=\"elementor-widget-container\">\n\t\t\t\t\t\t\t\t\t<div class=\"elementor-button-wrapper\">\n\t\t\t\t\t<a class=\"elementor-button elementor-button-link elementor-size-sm\" href=\"https:\/\/ceu2.izt.uam.mx\/librosUAMI\/index.php\/3d-flip-book\/estrategias-para-recuperar-mamiferos-en-riesgo\/\" target=\"_blank\">\n\t\t\t\t\t\t<span class=\"elementor-button-content-wrapper\">\n\t\t\t\t\t\t\t\t\t<span class=\"elementor-button-text\">Ver en flipbook<\/span>\n\t\t\t\t\t<\/span>\n\t\t\t\t\t<\/a>\n\t\t\t\t<\/div>\n\t\t\t\t\t\t\t\t<\/div>\n\t\t\t\t<\/div>\n\t\t\t\t\t<\/div>\n\t\t<\/div>\n\t\t\t\t<div class=\"elementor-column elementor-col-50 elementor-top-column elementor-element elementor-element-569ca23 jltma-glass-effect-no\" data-id=\"569ca23\" data-element_type=\"column\">\n\t\t\t<div class=\"elementor-widget-wrap elementor-element-populated\">\n\t\t\t\t\t\t<div class=\"elementor-element elementor-element-bb6b822 jltma-glass-effect-no elementor-widget elementor-widget-text-editor\" data-id=\"bb6b822\" data-element_type=\"widget\" data-widget_type=\"text-editor.default\">\n\t\t\t\t<div class=\"elementor-widget-container\">\n\t\t\t\t\t\t\t\t\t<p><i>En el mundo existen aproximadamente 5,500 especies de mam\u00edferos, y <\/i><i>de acuerdo con organismos nacionales e internacionales al menos 1,141 <\/i><i>especies de estos mam\u00edferos del mundo, est\u00e1n en alg\u00fan nivel de riesgo o <\/i><i>amenaza (IUCN, 2020).<\/i><\/p><p><i>La biodiversidad en el mundo aparentemente es muy grande, la riqueza <\/i><i>de especies, manejando un c\u00e1lculo muy conservador, nos indica que existen <\/i><i>entre 5 a 10 millones de especies de animales en el planeta, as\u00ed mismo esos <\/i><i>c\u00e1lculos nos indican que perdemos de 15,000 a 60,000 especies cada a.o. De <\/i><i>acuerdo con la ONU, se extinguen al d\u00eda 150 especies.<\/i><\/p><p><i>M\u00e9xico cuenta con al menos 540 especies de mam\u00edferos (Gonz\u00e1lez y <\/i><i>Arroyo 2012). De acuerdo con la NOM-059-SEMARNAT-2010, tenemos 291 especies <\/i><i>en alguna categor\u00eda de riesgo (54.3%) (DOF 2010). M\u00e9xico se encuentra <\/i><i>entre los 3 primeros lugares en cuanto al n\u00famero de especies de mam\u00edferos.<\/i><\/p><p><i>Son diversas las causas que est\u00e1n provocando y presionando a las especies <\/i><i>y sus h\u00e1bitats, para que cada d\u00eda se incrementen los listados en los <\/i><i>documentos que mencionan los diferentes estatus de amenaza en el mundo, <\/i><i>tales como la Lista Roja de Especies Amenazadas, NOM 059 SEMARNAT <\/i><i>2010 y los ap\u00e9ndices de la CITES. Entre las principales amenazas destacan, <\/i><i>la p\u00e9rdida de h\u00e1bitat, cacer\u00eda, tr\u00e1fico, obras de desarrollo, industria, contaminaci\u00f3n, <\/i><i>agricultura y ganader\u00eda entre otras. En M\u00e9xico los ecosistemas <\/i><i>que existen enfrentan un sinn\u00famero de amenazas mismas que presentan <\/i><i>similares causas y consecuencias. Es preocupante ver, sin embargo, que las <\/i><i>malas decisiones y pol\u00edticas p\u00fablicas est\u00e1n contribuyendo de manera importante <\/i><i>en la p\u00e9rdida de biodiversidad en el pa\u00eds.<\/i><\/p>\t\t\t\t\t\t\t\t<\/div>\n\t\t\t\t<\/div>\n\t\t\t\t\t<\/div>\n\t\t<\/div>\n\t\t\t\t\t<\/div>\n\t\t<\/section>\n\t\t\t\t<\/div>\n\t\t","protected":false},"excerpt":{"rendered":"<p>Estrategias para recuperar mam\u00edferos en riesgo Descargar PDF Ver en flipbook En el mundo existen aproximadamente 5,500 especies de mam\u00edferos, y de acuerdo con organismos nacionales e internacionales al menos 1,141 especies de estos mam\u00edferos del mundo, est\u00e1n en alg\u00fan nivel de riesgo o amenaza (IUCN, 2020). La biodiversidad en el mundo aparentemente es muy [&hellip;]<\/p>\n","protected":false},"author":2,"featured_media":0,"parent":0,"menu_order":0,"comment_status":"closed","ping_status":"closed","template":"elementor_header_footer","meta":{"footnotes":""},"class_list":["post-717","page","type-page","status-publish","hentry"],"_links":{"self":[{"href":"https:\/\/ceu2.izt.uam.mx\/librosUAMI\/index.php\/wp-json\/wp\/v2\/pages\/717","targetHints":{"allow":["GET"]}}],"collection":[{"href":"https:\/\/ceu2.izt.uam.mx\/librosUAMI\/index.php\/wp-json\/wp\/v2\/pages"}],"about":[{"href":"https:\/\/ceu2.izt.uam.mx\/librosUAMI\/index.php\/wp-json\/wp\/v2\/types\/page"}],"author":[{"embeddable":true,"href":"https:\/\/ceu2.izt.uam.mx\/librosUAMI\/index.php\/wp-json\/wp\/v2\/users\/2"}],"replies":[{"embeddable":true,"href":"https:\/\/ceu2.izt.uam.mx\/librosUAMI\/index.php\/wp-json\/wp\/v2\/comments?post=717"}],"version-history":[{"count":13,"href":"https:\/\/ceu2.izt.uam.mx\/librosUAMI\/index.php\/wp-json\/wp\/v2\/pages\/717\/revisions"}],"predecessor-version":[{"id":1120,"href":"https:\/\/ceu2.izt.uam.mx\/librosUAMI\/index.php\/wp-json\/wp\/v2\/pages\/717\/revisions\/1120"}],"wp:attachment":[{"href":"https:\/\/ceu2.izt.uam.mx\/librosUAMI\/index.php\/wp-json\/wp\/v2\/media?parent=717"}],"curies":[{"name":"wp","href":"https:\/\/api.w.org\/{rel}","templated":true}]}}