{"id":552,"date":"2025-05-09T18:10:55","date_gmt":"2025-05-09T18:10:55","guid":{"rendered":"https:\/\/ceu2.izt.uam.mx\/librosUAMI\/?page_id=552"},"modified":"2025-05-22T18:50:39","modified_gmt":"2025-05-22T18:50:39","slug":"bioterio_uami","status":"publish","type":"page","link":"https:\/\/ceu2.izt.uam.mx\/librosUAMI\/index.php\/bioterio_uami\/","title":{"rendered":"Manejo de animales del Bioterio de la UAM-I"},"content":{"rendered":"\t\t<div data-elementor-type=\"wp-page\" data-elementor-id=\"552\" class=\"elementor elementor-552\" data-elementor-post-type=\"page\">\n\t\t\t\t\t\t<section class=\"elementor-section elementor-top-section elementor-element elementor-element-fad34be elementor-section-boxed elementor-section-height-default elementor-section-height-default jltma-glass-effect-no\" data-id=\"fad34be\" data-element_type=\"section\" data-settings=\"{&quot;background_background&quot;:&quot;classic&quot;,&quot;shape_divider_bottom&quot;:&quot;mountains&quot;}\">\n\t\t\t\t\t<div class=\"elementor-shape elementor-shape-bottom\" aria-hidden=\"true\" data-negative=\"false\">\n\t\t\t<svg xmlns=\"http:\/\/www.w3.org\/2000\/svg\" viewBox=\"0 0 1000 100\" preserveAspectRatio=\"none\">\n\t<path class=\"elementor-shape-fill\" opacity=\"0.33\" d=\"M473,67.3c-203.9,88.3-263.1-34-320.3,0C66,119.1,0,59.7,0,59.7V0h1000v59.7 c0,0-62.1,26.1-94.9,29.3c-32.8,3.3-62.8-12.3-75.8-22.1C806,49.6,745.3,8.7,694.9,4.7S492.4,59,473,67.3z\"\/>\n\t<path class=\"elementor-shape-fill\" opacity=\"0.66\" d=\"M734,67.3c-45.5,0-77.2-23.2-129.1-39.1c-28.6-8.7-150.3-10.1-254,39.1 s-91.7-34.4-149.2,0C115.7,118.3,0,39.8,0,39.8V0h1000v36.5c0,0-28.2-18.5-92.1-18.5C810.2,18.1,775.7,67.3,734,67.3z\"\/>\n\t<path class=\"elementor-shape-fill\" d=\"M766.1,28.9c-200-57.5-266,65.5-395.1,19.5C242,1.8,242,5.4,184.8,20.6C128,35.8,132.3,44.9,89.9,52.5C28.6,63.7,0,0,0,0 h1000c0,0-9.9,40.9-83.6,48.1S829.6,47,766.1,28.9z\"\/>\n<\/svg>\t\t<\/div>\n\t\t\t\t\t<div class=\"elementor-container elementor-column-gap-default\">\n\t\t\t\t\t<div class=\"elementor-column elementor-col-100 elementor-top-column elementor-element elementor-element-b31e67b jltma-glass-effect-no\" data-id=\"b31e67b\" data-element_type=\"column\">\n\t\t\t<div class=\"elementor-widget-wrap elementor-element-populated\">\n\t\t\t\t\t\t<div class=\"elementor-element elementor-element-7367aec jltma-glass-effect-no elementor-widget elementor-widget-spacer\" data-id=\"7367aec\" data-element_type=\"widget\" data-widget_type=\"spacer.default\">\n\t\t\t\t<div class=\"elementor-widget-container\">\n\t\t\t\t\t\t\t<div class=\"elementor-spacer\">\n\t\t\t<div class=\"elementor-spacer-inner\"><\/div>\n\t\t<\/div>\n\t\t\t\t\t\t<\/div>\n\t\t\t\t<\/div>\n\t\t\t\t\t<\/div>\n\t\t<\/div>\n\t\t\t\t\t<\/div>\n\t\t<\/section>\n\t\t\t\t<section class=\"elementor-section elementor-top-section elementor-element elementor-element-55fb6ad elementor-section-boxed elementor-section-height-default elementor-section-height-default jltma-glass-effect-no\" data-id=\"55fb6ad\" data-element_type=\"section\">\n\t\t\t\t\t\t<div class=\"elementor-container elementor-column-gap-default\">\n\t\t\t\t\t<div class=\"elementor-column elementor-col-100 elementor-top-column elementor-element elementor-element-bb06d4b jltma-glass-effect-no\" data-id=\"bb06d4b\" data-element_type=\"column\">\n\t\t\t<div class=\"elementor-widget-wrap elementor-element-populated\">\n\t\t\t\t\t\t<div class=\"elementor-element elementor-element-a3957fc jltma-glass-effect-no elementor-widget elementor-widget-spacer\" data-id=\"a3957fc\" data-element_type=\"widget\" data-widget_type=\"spacer.default\">\n\t\t\t\t<div class=\"elementor-widget-container\">\n\t\t\t\t\t\t\t<div class=\"elementor-spacer\">\n\t\t\t<div class=\"elementor-spacer-inner\"><\/div>\n\t\t<\/div>\n\t\t\t\t\t\t<\/div>\n\t\t\t\t<\/div>\n\t\t\t\t<div class=\"elementor-element elementor-element-1cca240 jltma-glass-effect-no elementor-widget elementor-widget-heading\" data-id=\"1cca240\" data-element_type=\"widget\" data-widget_type=\"heading.default\">\n\t\t\t\t<div class=\"elementor-widget-container\">\n\t\t\t\t\t<h2 class=\"elementor-heading-title elementor-size-default\">Manejo de animales del Bioterio de la UAM-I<\/h2>\t\t\t\t<\/div>\n\t\t\t\t<\/div>\n\t\t\t\t<div class=\"elementor-element elementor-element-89090c9 jltma-glass-effect-no elementor-widget elementor-widget-spacer\" data-id=\"89090c9\" data-element_type=\"widget\" data-widget_type=\"spacer.default\">\n\t\t\t\t<div class=\"elementor-widget-container\">\n\t\t\t\t\t\t\t<div class=\"elementor-spacer\">\n\t\t\t<div class=\"elementor-spacer-inner\"><\/div>\n\t\t<\/div>\n\t\t\t\t\t\t<\/div>\n\t\t\t\t<\/div>\n\t\t\t\t\t<\/div>\n\t\t<\/div>\n\t\t\t\t\t<\/div>\n\t\t<\/section>\n\t\t\t\t<section class=\"elementor-section elementor-top-section elementor-element elementor-element-6a7abde elementor-section-boxed elementor-section-height-default elementor-section-height-default jltma-glass-effect-no\" data-id=\"6a7abde\" data-element_type=\"section\">\n\t\t\t\t\t\t<div class=\"elementor-container elementor-column-gap-default\">\n\t\t\t\t\t<div class=\"elementor-column elementor-col-50 elementor-top-column elementor-element elementor-element-d3cbcbe jltma-glass-effect-no\" data-id=\"d3cbcbe\" data-element_type=\"column\">\n\t\t\t<div class=\"elementor-widget-wrap elementor-element-populated\">\n\t\t\t\t\t\t<div class=\"elementor-element elementor-element-edcfbf6 jltma-glass-effect-no elementor-widget elementor-widget-image\" data-id=\"edcfbf6\" data-element_type=\"widget\" data-widget_type=\"image.default\">\n\t\t\t\t<div class=\"elementor-widget-container\">\n\t\t\t\t\t\t\t\t\t\t\t\t\t\t\t\t<a href=\"http:\/\/ceu2.izt.uam.mx\/librosUAMI\/wp-content\/uploads\/2025\/05\/Manejo-de-Animales-del-Bioterio-de-la-UAM-I-Portada.png\" data-elementor-open-lightbox=\"yes\" data-elementor-lightbox-title=\"Manejo de Animales del Bioterio de la UAM-I-Portada\" data-e-action-hash=\"#elementor-action%3Aaction%3Dlightbox%26settings%3DeyJpZCI6NTUxLCJ1cmwiOiJodHRwczpcL1wvY2V1Mi5penQudWFtLm14XC9saWJyb3NVQU1JXC93cC1jb250ZW50XC91cGxvYWRzXC8yMDI1XC8wNVwvTWFuZWpvLWRlLUFuaW1hbGVzLWRlbC1CaW90ZXJpby1kZS1sYS1VQU0tSS1Qb3J0YWRhLnBuZyJ9\">\n\t\t\t\t\t\t\t<img fetchpriority=\"high\" decoding=\"async\" width=\"613\" height=\"800\" src=\"https:\/\/ceu2.izt.uam.mx\/librosUAMI\/wp-content\/uploads\/2025\/05\/Manejo-de-Animales-del-Bioterio-de-la-UAM-I-Portada.png\" class=\"attachment-large size-large wp-image-551\" alt=\"\" srcset=\"https:\/\/ceu2.izt.uam.mx\/librosUAMI\/wp-content\/uploads\/2025\/05\/Manejo-de-Animales-del-Bioterio-de-la-UAM-I-Portada.png 613w, https:\/\/ceu2.izt.uam.mx\/librosUAMI\/wp-content\/uploads\/2025\/05\/Manejo-de-Animales-del-Bioterio-de-la-UAM-I-Portada-230x300.png 230w\" sizes=\"(max-width: 613px) 100vw, 613px\" \/>\t\t\t\t\t\t\t\t<\/a>\n\t\t\t\t\t\t\t\t\t\t\t\t\t\t\t<\/div>\n\t\t\t\t<\/div>\n\t\t\t\t<div class=\"elementor-element elementor-element-3cdd000 elementor-align-center jltma-glass-effect-no elementor-widget elementor-widget-button\" data-id=\"3cdd000\" data-element_type=\"widget\" data-widget_type=\"button.default\">\n\t\t\t\t<div class=\"elementor-widget-container\">\n\t\t\t\t\t\t\t\t\t<div class=\"elementor-button-wrapper\">\n\t\t\t\t\t<a class=\"elementor-button elementor-button-link elementor-size-sm\" href=\"http:\/\/ceu2.izt.uam.mx\/librosUAMI\/wp-content\/uploads\/2025\/05\/BIOTERIO.pdf\" target=\"_blank\">\n\t\t\t\t\t\t<span class=\"elementor-button-content-wrapper\">\n\t\t\t\t\t\t\t\t\t<span class=\"elementor-button-text\">Descargar PDF<\/span>\n\t\t\t\t\t<\/span>\n\t\t\t\t\t<\/a>\n\t\t\t\t<\/div>\n\t\t\t\t\t\t\t\t<\/div>\n\t\t\t\t<\/div>\n\t\t\t\t<div class=\"elementor-element elementor-element-4e6c678 elementor-align-center jltma-glass-effect-no elementor-widget elementor-widget-button\" data-id=\"4e6c678\" data-element_type=\"widget\" data-widget_type=\"button.default\">\n\t\t\t\t<div class=\"elementor-widget-container\">\n\t\t\t\t\t\t\t\t\t<div class=\"elementor-button-wrapper\">\n\t\t\t\t\t<a class=\"elementor-button elementor-button-link elementor-size-sm\" href=\"https:\/\/ceu2.izt.uam.mx\/librosUAMI\/index.php\/3d-flip-book\/manejo-de-animales-del-bioterio-de-la-uam-i\/\" target=\"_blank\">\n\t\t\t\t\t\t<span class=\"elementor-button-content-wrapper\">\n\t\t\t\t\t\t\t\t\t<span class=\"elementor-button-text\">Ver en flipbook<\/span>\n\t\t\t\t\t<\/span>\n\t\t\t\t\t<\/a>\n\t\t\t\t<\/div>\n\t\t\t\t\t\t\t\t<\/div>\n\t\t\t\t<\/div>\n\t\t\t\t\t<\/div>\n\t\t<\/div>\n\t\t\t\t<div class=\"elementor-column elementor-col-50 elementor-top-column elementor-element elementor-element-569ca23 jltma-glass-effect-no\" data-id=\"569ca23\" data-element_type=\"column\">\n\t\t\t<div class=\"elementor-widget-wrap elementor-element-populated\">\n\t\t\t\t\t\t<div class=\"elementor-element elementor-element-bb6b822 jltma-glass-effect-no elementor-widget elementor-widget-text-editor\" data-id=\"bb6b822\" data-element_type=\"widget\" data-widget_type=\"text-editor.default\">\n\t\t\t\t<div class=\"elementor-widget-container\">\n\t\t\t\t\t\t\t\t\t<p><i>Este libro dar\u00e1 apoyo a la docencia, ya que algunas Unidades de Ense\u00f1anza Aprendizaje (UEA) de los diferentes planes y programas <\/i><i>de estudio de Licenciatura y Posgrado de la Divisi\u00f3n de Ciencias Biol\u00f3gicas y de la Salud (CBS) de la Unidad Iztapalapa, <\/i><i>utilizan animales del Bioterio.<\/i><\/p><p><i>As\u00ed, tenemos por ejemplo para la Licenciatura en Producci\u00f3n Animal, este libro dar\u00e1 apoyo a las siguientes UEA obligatorias <\/i><i>del Plan de Estudios: T\u00e9cnicas de Manejo Reproductivo, Paquetes de Desarrollo I y II y las UEA optativas Avances y Evaluaci\u00f3n <\/i><i>de las Biotecnolog\u00edas Agropecuarias y Bio\u00e9tica. En el caso de la UEA T\u00e9cnicas de Manejo Reproductivo, el modelo roedor es muy <\/i><i>utilizado en la UAM-I, debido a que los ciclos reproductivos de las hembras son cortos y se pueden obtener gametos masculino <\/i><i>y femenino, as\u00ed como embriones, con relativa facilidad para su estudio. Para el caso de las UEA Paquete de Desarrollo I y II, <\/i><i>este libro apoyar\u00e1 en el contenido relacionado con la biolog\u00eda de la reproducci\u00f3n. Para el caso de la UEA Avances y Evaluaci\u00f3n <\/i><i>de las Biotecnolog\u00edas Agropecuarias, apoyar\u00e1 el contenido sobre la inducci\u00f3n de la ovulaci\u00f3n y la superovulaci\u00f3n, as\u00ed como la <\/i><i>transferencia de embriones, el uso de animales transg\u00e9nicos en la medicina y el uso de anab\u00f3licos promotores del crecimiento.<\/i><\/p><p><i>Finalmente, para el caso de la UEA Bio\u00e9tica, se aborda el manejo bio\u00e9tico de los animales de bioterio. <\/i><i>Para la Licenciatura en Biolog\u00eda Experimental, dar\u00e1 apoyo a las UEA obligatorias del Plan de Estudios teniendo como modelo <\/i><i>la rata y rat\u00f3n: Diversidad Animal, Histolog\u00eda y Anatom\u00eda Animal, Comportamiento Animal, Diferenciaci\u00f3n y Desarrollo, Principios <\/i><i>de Farmacolog\u00eda y Toxicolog\u00eda, Proyecto de Investigaci\u00f3n I. En el caso de Diversidad Animal, apoyar\u00e1 el contenido relacionado a <\/i><i>manejo y conservaci\u00f3n de los recursos animales. Para el caso de Histolog\u00eda y Anatom\u00eda Animal, apoyar\u00e1 el contenido referente a <\/i><i>organizaci\u00f3n tisular e histolog\u00eda sist\u00e9mica. Para el caso de Comportamiento Animal, apoyar\u00e1 el contenido referente a comportamiento <\/i><i>y estructura social. Para el caso de Diferenciaci\u00f3n y Desarrollo, apoyar\u00e1 el contenido referente a patrones de desarrollo.<\/i><\/p><p><i>Para el caso de Principios de Farmacolog\u00eda y Toxicolog\u00eda, apoyar\u00e1 el contenido referente a relaci\u00f3n dosis-respuesta, dosis terap\u00e9utica <\/i><i>y dosis letal, rutas de exposici\u00f3n, tolerancia. Para el caso de la UEA Proyecto de Investigaci\u00f3n I, este libro apoyar\u00e1 el contenido <\/i><i>referente al trabajo experimental del alumno, que requiera del uso de animales de bioterio. <\/i><i>Respecto a la investigaci\u00f3n cient\u00edfica desarrollada en los Departamentos de la Divisi\u00f3n de CBS, este libro servir\u00e1 de apoyo a <\/i><i>las l\u00edneas de investigaci\u00f3n y proyectos aprobados por Consejo Divisional encaminadas al estudio de la biolog\u00eda de la reproducci\u00f3n, <\/i><i>la conducta sexual, la producci\u00f3n in vitro de embriones, el desarrollo embrionario preimplantacional, la fisiolog\u00eda del sue\u00f1o, <\/i><i>la farmacolog\u00eda, la senescencia y el envejecimiento, investigaciones que utilizan animales de bioterio.<\/i><\/p><p><i>En resumen, este libro servir\u00e1 de apoyo tanto a los estudiantes como a los docentes e investigadores que utilicen las especies <\/i><i>de bioterio.<\/i><\/p>\t\t\t\t\t\t\t\t<\/div>\n\t\t\t\t<\/div>\n\t\t\t\t\t<\/div>\n\t\t<\/div>\n\t\t\t\t\t<\/div>\n\t\t<\/section>\n\t\t\t\t<\/div>\n\t\t","protected":false},"excerpt":{"rendered":"<p>Manejo de animales del Bioterio de la UAM-I Descargar PDF Ver en flipbook Este libro dar\u00e1 apoyo a la docencia, ya que algunas Unidades de Ense\u00f1anza Aprendizaje (UEA) de los diferentes planes y programas de estudio de Licenciatura y Posgrado de la Divisi\u00f3n de Ciencias Biol\u00f3gicas y de la Salud (CBS) de la Unidad Iztapalapa, [&hellip;]<\/p>\n","protected":false},"author":2,"featured_media":0,"parent":0,"menu_order":0,"comment_status":"closed","ping_status":"closed","template":"elementor_header_footer","meta":{"footnotes":""},"class_list":["post-552","page","type-page","status-publish","hentry"],"_links":{"self":[{"href":"https:\/\/ceu2.izt.uam.mx\/librosUAMI\/index.php\/wp-json\/wp\/v2\/pages\/552","targetHints":{"allow":["GET"]}}],"collection":[{"href":"https:\/\/ceu2.izt.uam.mx\/librosUAMI\/index.php\/wp-json\/wp\/v2\/pages"}],"about":[{"href":"https:\/\/ceu2.izt.uam.mx\/librosUAMI\/index.php\/wp-json\/wp\/v2\/types\/page"}],"author":[{"embeddable":true,"href":"https:\/\/ceu2.izt.uam.mx\/librosUAMI\/index.php\/wp-json\/wp\/v2\/users\/2"}],"replies":[{"embeddable":true,"href":"https:\/\/ceu2.izt.uam.mx\/librosUAMI\/index.php\/wp-json\/wp\/v2\/comments?post=552"}],"version-history":[{"count":11,"href":"https:\/\/ceu2.izt.uam.mx\/librosUAMI\/index.php\/wp-json\/wp\/v2\/pages\/552\/revisions"}],"predecessor-version":[{"id":1159,"href":"https:\/\/ceu2.izt.uam.mx\/librosUAMI\/index.php\/wp-json\/wp\/v2\/pages\/552\/revisions\/1159"}],"wp:attachment":[{"href":"https:\/\/ceu2.izt.uam.mx\/librosUAMI\/index.php\/wp-json\/wp\/v2\/media?parent=552"}],"curies":[{"name":"wp","href":"https:\/\/api.w.org\/{rel}","templated":true}]}}