{"id":496,"date":"2025-05-09T15:30:52","date_gmt":"2025-05-09T15:30:52","guid":{"rendered":"https:\/\/ceu2.izt.uam.mx\/librosUAMI\/?page_id=496"},"modified":"2025-05-22T18:47:34","modified_gmt":"2025-05-22T18:47:34","slug":"cultivo_de_setas","status":"publish","type":"page","link":"https:\/\/ceu2.izt.uam.mx\/librosUAMI\/index.php\/cultivo_de_setas\/","title":{"rendered":"Gu\u00eda pr\u00e1ctica para el cultivo de Setas"},"content":{"rendered":"\t\t<div data-elementor-type=\"wp-page\" data-elementor-id=\"496\" class=\"elementor elementor-496\" data-elementor-post-type=\"page\">\n\t\t\t\t\t\t<section class=\"elementor-section elementor-top-section elementor-element elementor-element-7d375a9 elementor-section-boxed elementor-section-height-default elementor-section-height-default jltma-glass-effect-no\" data-id=\"7d375a9\" data-element_type=\"section\" data-settings=\"{&quot;background_background&quot;:&quot;classic&quot;,&quot;shape_divider_bottom&quot;:&quot;mountains&quot;}\">\n\t\t\t\t\t<div class=\"elementor-shape elementor-shape-bottom\" aria-hidden=\"true\" data-negative=\"false\">\n\t\t\t<svg xmlns=\"http:\/\/www.w3.org\/2000\/svg\" viewBox=\"0 0 1000 100\" preserveAspectRatio=\"none\">\n\t<path class=\"elementor-shape-fill\" opacity=\"0.33\" d=\"M473,67.3c-203.9,88.3-263.1-34-320.3,0C66,119.1,0,59.7,0,59.7V0h1000v59.7 c0,0-62.1,26.1-94.9,29.3c-32.8,3.3-62.8-12.3-75.8-22.1C806,49.6,745.3,8.7,694.9,4.7S492.4,59,473,67.3z\"\/>\n\t<path class=\"elementor-shape-fill\" opacity=\"0.66\" d=\"M734,67.3c-45.5,0-77.2-23.2-129.1-39.1c-28.6-8.7-150.3-10.1-254,39.1 s-91.7-34.4-149.2,0C115.7,118.3,0,39.8,0,39.8V0h1000v36.5c0,0-28.2-18.5-92.1-18.5C810.2,18.1,775.7,67.3,734,67.3z\"\/>\n\t<path class=\"elementor-shape-fill\" d=\"M766.1,28.9c-200-57.5-266,65.5-395.1,19.5C242,1.8,242,5.4,184.8,20.6C128,35.8,132.3,44.9,89.9,52.5C28.6,63.7,0,0,0,0 h1000c0,0-9.9,40.9-83.6,48.1S829.6,47,766.1,28.9z\"\/>\n<\/svg>\t\t<\/div>\n\t\t\t\t\t<div class=\"elementor-container elementor-column-gap-default\">\n\t\t\t\t\t<div class=\"elementor-column elementor-col-100 elementor-top-column elementor-element elementor-element-885b2a0 jltma-glass-effect-no\" data-id=\"885b2a0\" data-element_type=\"column\">\n\t\t\t<div class=\"elementor-widget-wrap elementor-element-populated\">\n\t\t\t\t\t\t<div class=\"elementor-element elementor-element-b2ef917 jltma-glass-effect-no elementor-widget elementor-widget-spacer\" data-id=\"b2ef917\" data-element_type=\"widget\" data-widget_type=\"spacer.default\">\n\t\t\t\t<div class=\"elementor-widget-container\">\n\t\t\t\t\t\t\t<div class=\"elementor-spacer\">\n\t\t\t<div class=\"elementor-spacer-inner\"><\/div>\n\t\t<\/div>\n\t\t\t\t\t\t<\/div>\n\t\t\t\t<\/div>\n\t\t\t\t\t<\/div>\n\t\t<\/div>\n\t\t\t\t\t<\/div>\n\t\t<\/section>\n\t\t\t\t<section class=\"elementor-section elementor-top-section elementor-element elementor-element-55fb6ad elementor-section-boxed elementor-section-height-default elementor-section-height-default jltma-glass-effect-no\" data-id=\"55fb6ad\" data-element_type=\"section\">\n\t\t\t\t\t\t<div class=\"elementor-container elementor-column-gap-default\">\n\t\t\t\t\t<div class=\"elementor-column elementor-col-100 elementor-top-column elementor-element elementor-element-bb06d4b jltma-glass-effect-no\" data-id=\"bb06d4b\" data-element_type=\"column\">\n\t\t\t<div class=\"elementor-widget-wrap elementor-element-populated\">\n\t\t\t\t\t\t<div class=\"elementor-element elementor-element-a3957fc jltma-glass-effect-no elementor-widget elementor-widget-spacer\" data-id=\"a3957fc\" data-element_type=\"widget\" data-widget_type=\"spacer.default\">\n\t\t\t\t<div class=\"elementor-widget-container\">\n\t\t\t\t\t\t\t<div class=\"elementor-spacer\">\n\t\t\t<div class=\"elementor-spacer-inner\"><\/div>\n\t\t<\/div>\n\t\t\t\t\t\t<\/div>\n\t\t\t\t<\/div>\n\t\t\t\t<div class=\"elementor-element elementor-element-1cca240 jltma-glass-effect-no elementor-widget elementor-widget-heading\" data-id=\"1cca240\" data-element_type=\"widget\" data-widget_type=\"heading.default\">\n\t\t\t\t<div class=\"elementor-widget-container\">\n\t\t\t\t\t<h2 class=\"elementor-heading-title elementor-size-default\">Gu\u00eda pr\u00e1ctica para el cultivo de Setas<\/h2>\t\t\t\t<\/div>\n\t\t\t\t<\/div>\n\t\t\t\t<div class=\"elementor-element elementor-element-89090c9 jltma-glass-effect-no elementor-widget elementor-widget-spacer\" data-id=\"89090c9\" data-element_type=\"widget\" data-widget_type=\"spacer.default\">\n\t\t\t\t<div class=\"elementor-widget-container\">\n\t\t\t\t\t\t\t<div class=\"elementor-spacer\">\n\t\t\t<div class=\"elementor-spacer-inner\"><\/div>\n\t\t<\/div>\n\t\t\t\t\t\t<\/div>\n\t\t\t\t<\/div>\n\t\t\t\t\t<\/div>\n\t\t<\/div>\n\t\t\t\t\t<\/div>\n\t\t<\/section>\n\t\t\t\t<section class=\"elementor-section elementor-top-section elementor-element elementor-element-6a7abde elementor-section-boxed elementor-section-height-default elementor-section-height-default jltma-glass-effect-no\" data-id=\"6a7abde\" data-element_type=\"section\">\n\t\t\t\t\t\t<div class=\"elementor-container elementor-column-gap-default\">\n\t\t\t\t\t<div class=\"elementor-column elementor-col-50 elementor-top-column elementor-element elementor-element-d3cbcbe jltma-glass-effect-no\" data-id=\"d3cbcbe\" data-element_type=\"column\">\n\t\t\t<div class=\"elementor-widget-wrap elementor-element-populated\">\n\t\t\t\t\t\t<div class=\"elementor-element elementor-element-edcfbf6 jltma-glass-effect-no elementor-widget elementor-widget-image\" data-id=\"edcfbf6\" data-element_type=\"widget\" data-widget_type=\"image.default\">\n\t\t\t\t<div class=\"elementor-widget-container\">\n\t\t\t\t\t\t\t\t\t\t\t\t\t\t\t\t<a href=\"http:\/\/ceu2.izt.uam.mx\/librosUAMI\/wp-content\/uploads\/2025\/05\/Guia-Practica-para-el-Cultivo-de-Setas-Portada.png\" data-elementor-open-lightbox=\"yes\" data-elementor-lightbox-title=\"Guia Practica para el Cultivo de Setas-Portada\" data-e-action-hash=\"#elementor-action%3Aaction%3Dlightbox%26settings%3DeyJpZCI6NDk5LCJ1cmwiOiJodHRwczpcL1wvY2V1Mi5penQudWFtLm14XC9saWJyb3NVQU1JXC93cC1jb250ZW50XC91cGxvYWRzXC8yMDI1XC8wNVwvR3VpYS1QcmFjdGljYS1wYXJhLWVsLUN1bHRpdm8tZGUtU2V0YXMtUG9ydGFkYS5wbmcifQ%3D%3D\">\n\t\t\t\t\t\t\t<img fetchpriority=\"high\" decoding=\"async\" width=\"610\" height=\"800\" src=\"https:\/\/ceu2.izt.uam.mx\/librosUAMI\/wp-content\/uploads\/2025\/05\/Guia-Practica-para-el-Cultivo-de-Setas-Portada.png\" class=\"attachment-large size-large wp-image-499\" alt=\"\" srcset=\"https:\/\/ceu2.izt.uam.mx\/librosUAMI\/wp-content\/uploads\/2025\/05\/Guia-Practica-para-el-Cultivo-de-Setas-Portada.png 610w, https:\/\/ceu2.izt.uam.mx\/librosUAMI\/wp-content\/uploads\/2025\/05\/Guia-Practica-para-el-Cultivo-de-Setas-Portada-229x300.png 229w\" sizes=\"(max-width: 610px) 100vw, 610px\" \/>\t\t\t\t\t\t\t\t<\/a>\n\t\t\t\t\t\t\t\t\t\t\t\t\t\t\t<\/div>\n\t\t\t\t<\/div>\n\t\t\t\t<div class=\"elementor-element elementor-element-3cdd000 elementor-align-center jltma-glass-effect-no elementor-widget elementor-widget-button\" data-id=\"3cdd000\" data-element_type=\"widget\" data-widget_type=\"button.default\">\n\t\t\t\t<div class=\"elementor-widget-container\">\n\t\t\t\t\t\t\t\t\t<div class=\"elementor-button-wrapper\">\n\t\t\t\t\t<a class=\"elementor-button elementor-button-link elementor-size-sm\" href=\"http:\/\/ceu2.izt.uam.mx\/librosUAMI\/wp-content\/uploads\/2025\/05\/csetas.pdf\" target=\"_blank\">\n\t\t\t\t\t\t<span class=\"elementor-button-content-wrapper\">\n\t\t\t\t\t\t\t\t\t<span class=\"elementor-button-text\">Descargar PDF<\/span>\n\t\t\t\t\t<\/span>\n\t\t\t\t\t<\/a>\n\t\t\t\t<\/div>\n\t\t\t\t\t\t\t\t<\/div>\n\t\t\t\t<\/div>\n\t\t\t\t<div class=\"elementor-element elementor-element-d4c3292 elementor-align-center jltma-glass-effect-no elementor-widget elementor-widget-button\" data-id=\"d4c3292\" data-element_type=\"widget\" data-widget_type=\"button.default\">\n\t\t\t\t<div class=\"elementor-widget-container\">\n\t\t\t\t\t\t\t\t\t<div class=\"elementor-button-wrapper\">\n\t\t\t\t\t<a class=\"elementor-button elementor-button-link elementor-size-sm\" href=\"https:\/\/ceu2.izt.uam.mx\/librosUAMI\/index.php\/3d-flip-book\/guia-practica-para-el-cultivo-de-setas\/\" target=\"_blank\">\n\t\t\t\t\t\t<span class=\"elementor-button-content-wrapper\">\n\t\t\t\t\t\t\t\t\t<span class=\"elementor-button-text\">Ver en flipbook<\/span>\n\t\t\t\t\t<\/span>\n\t\t\t\t\t<\/a>\n\t\t\t\t<\/div>\n\t\t\t\t\t\t\t\t<\/div>\n\t\t\t\t<\/div>\n\t\t\t\t\t<\/div>\n\t\t<\/div>\n\t\t\t\t<div class=\"elementor-column elementor-col-50 elementor-top-column elementor-element elementor-element-569ca23 jltma-glass-effect-no\" data-id=\"569ca23\" data-element_type=\"column\">\n\t\t\t<div class=\"elementor-widget-wrap elementor-element-populated\">\n\t\t\t\t\t\t<div class=\"elementor-element elementor-element-bb6b822 jltma-glass-effect-no elementor-widget elementor-widget-text-editor\" data-id=\"bb6b822\" data-element_type=\"widget\" data-widget_type=\"text-editor.default\">\n\t\t\t\t<div class=\"elementor-widget-container\">\n\t\t\t\t\t\t\t\t\t<p><i>En M\u00e9xico el cultivo de los hongos comestibles se inici\u00f3 desde mediados de la d\u00e9cada de los 30\u2019s, sin embargo la industria actual <\/i><i>en nuestro pa\u00eds data de apenas 40 a\u00f1os y cultivando solamente champi\u00f1\u00f3n, con t\u00e9cnicas y cepas extranjeras. No fue sino a partir <\/i><i>de 1974, cuando el cultivo de las \u201cOrejas blancas\u201d o setas (Pleurotus ostreatus), inquiet\u00f3 a peque\u00f1os y medianos cultivadores.<\/i><\/p><p><i>Sobre todo porque este tipo de hongos marco un inter\u00e9s, dada la ventaja de que estos hongos crecen sobre materiales baratos <\/i><i>como esquilmos y productos agro-industriales, que se utilizan como sustratos<\/i><i>1<\/i><i>.<\/i><\/p><p><i>Pleurotus spp., es un g\u00e9nero de hongos comestibles, cuyas caracter\u00edsticas morfol\u00f3gicas en la tonalidad del sombrero es variable <\/i><i>y los hay desde el blanco, amarillo, caf\u00e9, gris hasta el azul p\u00e1lido. \u00c9ste mide de 6 a 15 cm de di\u00e1metro, ya que su tama\u00f1o var\u00eda <\/i><i>de acuerdo a la edad y a las condiciones en las que ha crecido. La forma del sombrero, tambi\u00e9n depende de la edad, al principio <\/i><i>es redondeada y despu\u00e9s se va abriendo y ensanchando, \u00e9ste se hace cada vez m\u00e1s convexo hasta que se aplana, despu\u00e9s el <\/i><i>borde se va levantando y el conjunto acaba teniendo concavidad semejante a un plato.<\/i><\/p><p><i>En la parte inferior del sombrero existe un conjunto de estructuras llamadas l\u00e1minas, que son de color blanco y que forman <\/i><i>el himenio y donde se encuentran los basidios. \u00c9stos \u00faltimos contienen las esporas que son sexuales considerada la parte f\u00e9rtil.<\/i><\/p><p><i>Las esporas vistas al microscopio son alargadas, casi cil\u00edndricas y miden de 7 a 11.5 X 3 a 5.6 \u03bcm de di\u00e1metro<\/i><i>2<\/i><i>. El sombrero y el <\/i><i>pie, tambi\u00e9n tiene una cubierta superficial que los recubre y es llamada cut\u00edcula. Regularmente, el hongo que presenta un pie o <\/i><i>est\u00edpite algo corto, es de sabor agradable.<\/i><\/p><p><i>Por otro lado, todo el hongo es llamado el cuerpo fruct\u00edfero y est\u00e1 formado interiormente de una masa de hebras llamadas <\/i><i>hifas, que son filamentos que en su interior presentan tabiques transversales, en formas y n\u00famero regular. El conjunto de hifas recibe <\/i><i>el nombre de micelio y \u00e9ste puede disponerse ordenada o desordenadamente de acuerdo a la funci\u00f3n que tenga. Las hifas <\/i><i>presentan distintas estructuras, grosor, contenido, fragilidad etc., seg\u00fan la especie que se trate. Estas estructuras son de gran importancia <\/i><i>por la secreci\u00f3n de enzimas y porque pueden introducirse en espacios microsc\u00f3picamente peque\u00f1os de los sustratos.<\/i><\/p><p><i>El g\u00e9nero Pleurotus, presenta la propiedad de colonizar algunos sustratos como rastrojos u otros materiales de bajo costo <\/i><i>y con alto contenido en lignina y celulosa, adem\u00e1s de la hemicelulosa. Se caracteriza por romper enzim\u00e1ticamente los enlaces <\/i><i>y convertir metab\u00f3licamente estos compuestos, por ello son considerados como degradadores primarios de descomposici\u00f3n, <\/i><i>porque son capaces de utilizar directamente los desechos de las plantas o materia org\u00e1nica en su forma natural, sin que hayan <\/i><i>sido sujetas a alg\u00fan proceso de degradaci\u00f3n bioqu\u00edmica o microbiol\u00f3gica previa. Esta situaci\u00f3n no sucede con el cultivo del <\/i><i>g\u00e9nero Agaricus (como el Champi\u00f1\u00f3n, Portobello y Cremini) y otras especies, en las que es indispensable el tratamiento y <\/i><i>acondicionamiento previo de los sustratos, mediante la fermentaci\u00f3n y composteo, de ah\u00ed que sean degradadores secundarios.<\/i><\/p><p><i>La utilizaci\u00f3n de estos sustratos lignocelul\u00f3sicos como fuente para la producci\u00f3n de hongos comestibles y en espec\u00edfico de las <\/i><i>setas, representa una amplia posibilidad biotecnol\u00f3gica para la obtenci\u00f3n de alimento humano<\/i><i>3, 4<\/i><i>.<\/i><\/p><p><i>El valor nutritivo de los hongos comestibles es alto. Seg\u00fan estudios realizados por especialistas en alimentos, tienen 19 &#8211; <\/i><i>35% de prote\u00ednas aprovechables en peso seco, en comparaci\u00f3n con los vegetales (hortalizas y frutas), que solamente tienen <\/i><i>7.3 &#8211; 13.2%, con excepci\u00f3n de la soya que tiene 39.1%<\/i><i>1<\/i><i>.<\/i><\/p><p><i>En M\u00e9xico existen m\u00e1s de 300 especies de hongos comestibles, que se recolectan de los bosques considerados de consumo <\/i><i>particular o para comerciar durante la temporada de lluvias (julio a septiembre). La visita a los mercados durante esa temporada, <\/i><i>nos permite conocer la gran variedad de especies, las cuales var\u00edan de regi\u00f3n a regi\u00f3n.<\/i><\/p><p><i>El cultivo de P. ostreatus ha tenido un desarrollo r\u00e1pido y buena aceptaci\u00f3n en el mercado por sus propiedades nutricionales, <\/i><i>sabor y consistencia, en la peque\u00f1a y mediana industria por la variedad de residuos y materiales org\u00e1nicos en los que es capaz <\/i><i>de crecer, y sobre todo con intervalos de temperatura amplios.<\/i><\/p>\t\t\t\t\t\t\t\t<\/div>\n\t\t\t\t<\/div>\n\t\t\t\t\t<\/div>\n\t\t<\/div>\n\t\t\t\t\t<\/div>\n\t\t<\/section>\n\t\t\t\t<\/div>\n\t\t","protected":false},"excerpt":{"rendered":"<p>Gu\u00eda pr\u00e1ctica para el cultivo de Setas Descargar PDF Ver en flipbook En M\u00e9xico el cultivo de los hongos comestibles se inici\u00f3 desde mediados de la d\u00e9cada de los 30\u2019s, sin embargo la industria actual en nuestro pa\u00eds data de apenas 40 a\u00f1os y cultivando solamente champi\u00f1\u00f3n, con t\u00e9cnicas y cepas extranjeras. No fue sino [&hellip;]<\/p>\n","protected":false},"author":2,"featured_media":0,"parent":0,"menu_order":0,"comment_status":"closed","ping_status":"closed","template":"elementor_header_footer","meta":{"footnotes":""},"class_list":["post-496","page","type-page","status-publish","hentry"],"_links":{"self":[{"href":"https:\/\/ceu2.izt.uam.mx\/librosUAMI\/index.php\/wp-json\/wp\/v2\/pages\/496","targetHints":{"allow":["GET"]}}],"collection":[{"href":"https:\/\/ceu2.izt.uam.mx\/librosUAMI\/index.php\/wp-json\/wp\/v2\/pages"}],"about":[{"href":"https:\/\/ceu2.izt.uam.mx\/librosUAMI\/index.php\/wp-json\/wp\/v2\/types\/page"}],"author":[{"embeddable":true,"href":"https:\/\/ceu2.izt.uam.mx\/librosUAMI\/index.php\/wp-json\/wp\/v2\/users\/2"}],"replies":[{"embeddable":true,"href":"https:\/\/ceu2.izt.uam.mx\/librosUAMI\/index.php\/wp-json\/wp\/v2\/comments?post=496"}],"version-history":[{"count":14,"href":"https:\/\/ceu2.izt.uam.mx\/librosUAMI\/index.php\/wp-json\/wp\/v2\/pages\/496\/revisions"}],"predecessor-version":[{"id":1144,"href":"https:\/\/ceu2.izt.uam.mx\/librosUAMI\/index.php\/wp-json\/wp\/v2\/pages\/496\/revisions\/1144"}],"wp:attachment":[{"href":"https:\/\/ceu2.izt.uam.mx\/librosUAMI\/index.php\/wp-json\/wp\/v2\/media?parent=496"}],"curies":[{"name":"wp","href":"https:\/\/api.w.org\/{rel}","templated":true}]}}