{"id":329,"date":"2025-05-06T00:47:04","date_gmt":"2025-05-06T00:47:04","guid":{"rendered":"https:\/\/ceu2.izt.uam.mx\/librosUAMI\/?page_id=329"},"modified":"2025-05-22T19:24:18","modified_gmt":"2025-05-22T19:24:18","slug":"tecnologia_de_carnes","status":"publish","type":"page","link":"https:\/\/ceu2.izt.uam.mx\/librosUAMI\/index.php\/tecnologia_de_carnes\/","title":{"rendered":"Tecnolog\u00eda de Carnes"},"content":{"rendered":"\t\t<div data-elementor-type=\"wp-page\" data-elementor-id=\"329\" class=\"elementor elementor-329\" data-elementor-post-type=\"page\">\n\t\t\t\t\t\t<section class=\"elementor-section elementor-top-section elementor-element elementor-element-359a7ac elementor-section-boxed elementor-section-height-default elementor-section-height-default jltma-glass-effect-no\" data-id=\"359a7ac\" data-element_type=\"section\" data-settings=\"{&quot;background_background&quot;:&quot;classic&quot;,&quot;shape_divider_bottom&quot;:&quot;mountains&quot;}\">\n\t\t\t\t\t<div class=\"elementor-shape elementor-shape-bottom\" aria-hidden=\"true\" data-negative=\"false\">\n\t\t\t<svg xmlns=\"http:\/\/www.w3.org\/2000\/svg\" viewBox=\"0 0 1000 100\" preserveAspectRatio=\"none\">\n\t<path class=\"elementor-shape-fill\" opacity=\"0.33\" d=\"M473,67.3c-203.9,88.3-263.1-34-320.3,0C66,119.1,0,59.7,0,59.7V0h1000v59.7 c0,0-62.1,26.1-94.9,29.3c-32.8,3.3-62.8-12.3-75.8-22.1C806,49.6,745.3,8.7,694.9,4.7S492.4,59,473,67.3z\"\/>\n\t<path class=\"elementor-shape-fill\" opacity=\"0.66\" d=\"M734,67.3c-45.5,0-77.2-23.2-129.1-39.1c-28.6-8.7-150.3-10.1-254,39.1 s-91.7-34.4-149.2,0C115.7,118.3,0,39.8,0,39.8V0h1000v36.5c0,0-28.2-18.5-92.1-18.5C810.2,18.1,775.7,67.3,734,67.3z\"\/>\n\t<path class=\"elementor-shape-fill\" d=\"M766.1,28.9c-200-57.5-266,65.5-395.1,19.5C242,1.8,242,5.4,184.8,20.6C128,35.8,132.3,44.9,89.9,52.5C28.6,63.7,0,0,0,0 h1000c0,0-9.9,40.9-83.6,48.1S829.6,47,766.1,28.9z\"\/>\n<\/svg>\t\t<\/div>\n\t\t\t\t\t<div class=\"elementor-container elementor-column-gap-default\">\n\t\t\t\t\t<div class=\"elementor-column elementor-col-100 elementor-top-column elementor-element elementor-element-27edae7 jltma-glass-effect-no\" data-id=\"27edae7\" data-element_type=\"column\">\n\t\t\t<div class=\"elementor-widget-wrap elementor-element-populated\">\n\t\t\t\t\t\t<div class=\"elementor-element elementor-element-50fd1db jltma-glass-effect-no elementor-widget elementor-widget-spacer\" data-id=\"50fd1db\" data-element_type=\"widget\" data-widget_type=\"spacer.default\">\n\t\t\t\t<div class=\"elementor-widget-container\">\n\t\t\t\t\t\t\t<div class=\"elementor-spacer\">\n\t\t\t<div class=\"elementor-spacer-inner\"><\/div>\n\t\t<\/div>\n\t\t\t\t\t\t<\/div>\n\t\t\t\t<\/div>\n\t\t\t\t\t<\/div>\n\t\t<\/div>\n\t\t\t\t\t<\/div>\n\t\t<\/section>\n\t\t\t\t<section class=\"elementor-section elementor-top-section elementor-element elementor-element-55fb6ad elementor-section-boxed elementor-section-height-default elementor-section-height-default jltma-glass-effect-no\" data-id=\"55fb6ad\" data-element_type=\"section\">\n\t\t\t\t\t\t<div class=\"elementor-container elementor-column-gap-default\">\n\t\t\t\t\t<div class=\"elementor-column elementor-col-100 elementor-top-column elementor-element elementor-element-bb06d4b jltma-glass-effect-no\" data-id=\"bb06d4b\" data-element_type=\"column\">\n\t\t\t<div class=\"elementor-widget-wrap elementor-element-populated\">\n\t\t\t\t\t\t<div class=\"elementor-element elementor-element-a3957fc jltma-glass-effect-no elementor-widget elementor-widget-spacer\" data-id=\"a3957fc\" data-element_type=\"widget\" data-widget_type=\"spacer.default\">\n\t\t\t\t<div class=\"elementor-widget-container\">\n\t\t\t\t\t\t\t<div class=\"elementor-spacer\">\n\t\t\t<div class=\"elementor-spacer-inner\"><\/div>\n\t\t<\/div>\n\t\t\t\t\t\t<\/div>\n\t\t\t\t<\/div>\n\t\t\t\t<div class=\"elementor-element elementor-element-1cca240 jltma-glass-effect-no elementor-widget elementor-widget-heading\" data-id=\"1cca240\" data-element_type=\"widget\" data-widget_type=\"heading.default\">\n\t\t\t\t<div class=\"elementor-widget-container\">\n\t\t\t\t\t<h2 class=\"elementor-heading-title elementor-size-default\">Tecnolog\u00eda de Carnes<\/h2>\t\t\t\t<\/div>\n\t\t\t\t<\/div>\n\t\t\t\t<div class=\"elementor-element elementor-element-89090c9 jltma-glass-effect-no elementor-widget elementor-widget-spacer\" data-id=\"89090c9\" data-element_type=\"widget\" data-widget_type=\"spacer.default\">\n\t\t\t\t<div class=\"elementor-widget-container\">\n\t\t\t\t\t\t\t<div class=\"elementor-spacer\">\n\t\t\t<div class=\"elementor-spacer-inner\"><\/div>\n\t\t<\/div>\n\t\t\t\t\t\t<\/div>\n\t\t\t\t<\/div>\n\t\t\t\t\t<\/div>\n\t\t<\/div>\n\t\t\t\t\t<\/div>\n\t\t<\/section>\n\t\t\t\t<section class=\"elementor-section elementor-top-section elementor-element elementor-element-6a7abde elementor-section-boxed elementor-section-height-default elementor-section-height-default jltma-glass-effect-no\" data-id=\"6a7abde\" data-element_type=\"section\">\n\t\t\t\t\t\t<div class=\"elementor-container elementor-column-gap-default\">\n\t\t\t\t\t<div class=\"elementor-column elementor-col-50 elementor-top-column elementor-element elementor-element-d3cbcbe jltma-glass-effect-no\" data-id=\"d3cbcbe\" data-element_type=\"column\">\n\t\t\t<div class=\"elementor-widget-wrap elementor-element-populated\">\n\t\t\t\t\t\t<div class=\"elementor-element elementor-element-edcfbf6 jltma-glass-effect-no elementor-widget elementor-widget-image\" data-id=\"edcfbf6\" data-element_type=\"widget\" data-widget_type=\"image.default\">\n\t\t\t\t<div class=\"elementor-widget-container\">\n\t\t\t\t\t\t\t\t\t\t\t\t\t\t\t\t<a href=\"http:\/\/ceu2.izt.uam.mx\/librosUAMI\/wp-content\/uploads\/2025\/05\/Manuela-de-Practicas-de-Laboratorio-Tecnologia-de-Carnes_Portada.png\" data-elementor-open-lightbox=\"yes\" data-elementor-lightbox-title=\"Manuela de Practicas de Laboratorio Tecnolog\u00eda de Carnes_Portada\" data-e-action-hash=\"#elementor-action%3Aaction%3Dlightbox%26settings%3DeyJpZCI6MzI4LCJ1cmwiOiJodHRwczpcL1wvY2V1Mi5penQudWFtLm14XC9saWJyb3NVQU1JXC93cC1jb250ZW50XC91cGxvYWRzXC8yMDI1XC8wNVwvTWFudWVsYS1kZS1QcmFjdGljYXMtZGUtTGFib3JhdG9yaW8tVGVjbm9sb2dpYS1kZS1DYXJuZXNfUG9ydGFkYS5wbmcifQ%3D%3D\">\n\t\t\t\t\t\t\t<img fetchpriority=\"high\" decoding=\"async\" width=\"619\" height=\"800\" src=\"https:\/\/ceu2.izt.uam.mx\/librosUAMI\/wp-content\/uploads\/2025\/05\/Manuela-de-Practicas-de-Laboratorio-Tecnologia-de-Carnes_Portada.png\" class=\"attachment-large size-large wp-image-328\" alt=\"\" srcset=\"https:\/\/ceu2.izt.uam.mx\/librosUAMI\/wp-content\/uploads\/2025\/05\/Manuela-de-Practicas-de-Laboratorio-Tecnologia-de-Carnes_Portada.png 619w, https:\/\/ceu2.izt.uam.mx\/librosUAMI\/wp-content\/uploads\/2025\/05\/Manuela-de-Practicas-de-Laboratorio-Tecnologia-de-Carnes_Portada-232x300.png 232w\" sizes=\"(max-width: 619px) 100vw, 619px\" \/>\t\t\t\t\t\t\t\t<\/a>\n\t\t\t\t\t\t\t\t\t\t\t\t\t\t\t<\/div>\n\t\t\t\t<\/div>\n\t\t\t\t<div class=\"elementor-element elementor-element-3cdd000 elementor-align-center jltma-glass-effect-no elementor-widget elementor-widget-button\" data-id=\"3cdd000\" data-element_type=\"widget\" data-widget_type=\"button.default\">\n\t\t\t\t<div class=\"elementor-widget-container\">\n\t\t\t\t\t\t\t\t\t<div class=\"elementor-button-wrapper\">\n\t\t\t\t\t<a class=\"elementor-button elementor-button-link elementor-size-sm\" href=\"http:\/\/ceu2.izt.uam.mx\/librosUAMI\/wp-content\/uploads\/2025\/05\/carnes.pdf\" target=\"_blank\">\n\t\t\t\t\t\t<span class=\"elementor-button-content-wrapper\">\n\t\t\t\t\t\t\t\t\t<span class=\"elementor-button-text\">Descargar PDF<\/span>\n\t\t\t\t\t<\/span>\n\t\t\t\t\t<\/a>\n\t\t\t\t<\/div>\n\t\t\t\t\t\t\t\t<\/div>\n\t\t\t\t<\/div>\n\t\t\t\t<div class=\"elementor-element elementor-element-24e6d0a elementor-align-center jltma-glass-effect-no elementor-widget elementor-widget-button\" data-id=\"24e6d0a\" data-element_type=\"widget\" data-widget_type=\"button.default\">\n\t\t\t\t<div class=\"elementor-widget-container\">\n\t\t\t\t\t\t\t\t\t<div class=\"elementor-button-wrapper\">\n\t\t\t\t\t<a class=\"elementor-button elementor-button-link elementor-size-sm\" href=\"https:\/\/ceu2.izt.uam.mx\/librosUAMI\/index.php\/3d-flip-book\/tecnologia-de-carnes\/\" target=\"_blank\">\n\t\t\t\t\t\t<span class=\"elementor-button-content-wrapper\">\n\t\t\t\t\t\t\t\t\t<span class=\"elementor-button-text\">Ver en flipbook<\/span>\n\t\t\t\t\t<\/span>\n\t\t\t\t\t<\/a>\n\t\t\t\t<\/div>\n\t\t\t\t\t\t\t\t<\/div>\n\t\t\t\t<\/div>\n\t\t\t\t\t<\/div>\n\t\t<\/div>\n\t\t\t\t<div class=\"elementor-column elementor-col-50 elementor-top-column elementor-element elementor-element-569ca23 jltma-glass-effect-no\" data-id=\"569ca23\" data-element_type=\"column\">\n\t\t\t<div class=\"elementor-widget-wrap elementor-element-populated\">\n\t\t\t\t\t\t<div class=\"elementor-element elementor-element-bb6b822 jltma-glass-effect-no elementor-widget elementor-widget-text-editor\" data-id=\"bb6b822\" data-element_type=\"widget\" data-widget_type=\"text-editor.default\">\n\t\t\t\t<div class=\"elementor-widget-container\">\n\t\t\t\t\t\t\t\t\t<p>Este Manual tiene la finalidad de servir como gu\u00eda en el desarrollo de las actividades pr\u00e1cticas dentro del proceso de ense\u00f1anza-aprendizaje de la UEA de Tecnolog\u00eda de Carnes. UEA que forma parte del plan de estudios de la Licenciatura en Ingenier\u00eda de los Alimentos, cuya modificaci\u00f3n fue aprobada en la sesi\u00f3n 344 del Colegio Acad\u00e9mico, celebrada el 19 de abril del 2012.<span class=\"Apple-converted-space\">\u00a0<\/span><\/p><p>La presente obra se basa en la experiencia profesional y docente de las autoras. Adem\u00e1s, en su elaboraci\u00f3n se incluyeron aspectos de seguridad y manejo de desechos conforme al <i>Instructivo del funcionamiento interno y operativo para regular el uso de los servicios e instalaciones de los laboratorios de docencia<\/i>, aprobado por el Consejo Acad\u00e9mico de la Unidad Iztapalapa (Sesi\u00f3n n\u00famero 314, del 9 de Noviembre del 2009).<span class=\"Apple-converted-space\">\u00a0<\/span><\/p><p>Se presentan 10 pr\u00e1cticas que cubren la totalidad del contenido sint\u00e9tico de la UEA, se revisan aspectos de calidad de carne fresca y la elaboraci\u00f3n de varios tipos de productos c\u00e1rnicos, as\u00ed como metodolog\u00edas para el seguimiento del proceso y control de calidad de los productos terminados. El alumno encontrar\u00e1 informaci\u00f3n que le permitir\u00e1 comprender el fundamento de cada pr\u00e1ctica, adem\u00e1s de un cuestionario y bibliograf\u00eda actualizada para ampliar la informaci\u00f3n e interpretar los resultados. Se hace \u00e9nfasis en la consulta a las normas nacionales e internacionales que enmarcan el progreso de la industria de la carne.<span class=\"Apple-converted-space\">\u00a0<\/span><\/p><p>La ciencia y tecnolog\u00eda de la carne es un pilar en el desarrollo de nuestro pa\u00eds, considerando que en el 66% del territorio nacional se desarrollan actividades de ganader\u00eda y procesamiento de la carne. El cuidado en el manejo de la carne fresca y el desarrollo de productos c\u00e1rnicos seguros y con una mayor vida \u00fatil, traer\u00e1 beneficios para la salud de los consumidores y potenciar\u00e1 la econom\u00eda de este sector de la industria. El presente Manual constituye una buena base para la formaci\u00f3n acad\u00e9mica de los profesionales en el \u00e1rea de alimentos.<\/p>\t\t\t\t\t\t\t\t<\/div>\n\t\t\t\t<\/div>\n\t\t\t\t\t<\/div>\n\t\t<\/div>\n\t\t\t\t\t<\/div>\n\t\t<\/section>\n\t\t\t\t<\/div>\n\t\t","protected":false},"excerpt":{"rendered":"<p>Tecnolog\u00eda de Carnes Descargar PDF Ver en flipbook Este Manual tiene la finalidad de servir como gu\u00eda en el desarrollo de las actividades pr\u00e1cticas dentro del proceso de ense\u00f1anza-aprendizaje de la UEA de Tecnolog\u00eda de Carnes. UEA que forma parte del plan de estudios de la Licenciatura en Ingenier\u00eda de los Alimentos, cuya modificaci\u00f3n fue [&hellip;]<\/p>\n","protected":false},"author":2,"featured_media":0,"parent":0,"menu_order":0,"comment_status":"closed","ping_status":"closed","template":"elementor_header_footer","meta":{"footnotes":""},"class_list":["post-329","page","type-page","status-publish","hentry"],"_links":{"self":[{"href":"https:\/\/ceu2.izt.uam.mx\/librosUAMI\/index.php\/wp-json\/wp\/v2\/pages\/329","targetHints":{"allow":["GET"]}}],"collection":[{"href":"https:\/\/ceu2.izt.uam.mx\/librosUAMI\/index.php\/wp-json\/wp\/v2\/pages"}],"about":[{"href":"https:\/\/ceu2.izt.uam.mx\/librosUAMI\/index.php\/wp-json\/wp\/v2\/types\/page"}],"author":[{"embeddable":true,"href":"https:\/\/ceu2.izt.uam.mx\/librosUAMI\/index.php\/wp-json\/wp\/v2\/users\/2"}],"replies":[{"embeddable":true,"href":"https:\/\/ceu2.izt.uam.mx\/librosUAMI\/index.php\/wp-json\/wp\/v2\/comments?post=329"}],"version-history":[{"count":10,"href":"https:\/\/ceu2.izt.uam.mx\/librosUAMI\/index.php\/wp-json\/wp\/v2\/pages\/329\/revisions"}],"predecessor-version":[{"id":1214,"href":"https:\/\/ceu2.izt.uam.mx\/librosUAMI\/index.php\/wp-json\/wp\/v2\/pages\/329\/revisions\/1214"}],"wp:attachment":[{"href":"https:\/\/ceu2.izt.uam.mx\/librosUAMI\/index.php\/wp-json\/wp\/v2\/media?parent=329"}],"curies":[{"name":"wp","href":"https:\/\/api.w.org\/{rel}","templated":true}]}}