{"id":322,"date":"2025-05-06T00:43:53","date_gmt":"2025-05-06T00:43:53","guid":{"rendered":"https:\/\/ceu2.izt.uam.mx\/librosUAMI\/?page_id=322"},"modified":"2025-05-22T19:24:01","modified_gmt":"2025-05-22T19:24:01","slug":"biologia_molecular","status":"publish","type":"page","link":"https:\/\/ceu2.izt.uam.mx\/librosUAMI\/index.php\/biologia_molecular\/","title":{"rendered":"T\u00e9cnicas B\u00e1sicas de Biologia Molecular"},"content":{"rendered":"\t\t<div data-elementor-type=\"wp-page\" data-elementor-id=\"322\" class=\"elementor elementor-322\" data-elementor-post-type=\"page\">\n\t\t\t\t\t\t<section class=\"elementor-section elementor-top-section elementor-element elementor-element-fcac2ae elementor-section-boxed elementor-section-height-default elementor-section-height-default jltma-glass-effect-no\" data-id=\"fcac2ae\" data-element_type=\"section\" data-settings=\"{&quot;background_background&quot;:&quot;classic&quot;,&quot;shape_divider_bottom&quot;:&quot;mountains&quot;}\">\n\t\t\t\t\t<div class=\"elementor-shape elementor-shape-bottom\" aria-hidden=\"true\" data-negative=\"false\">\n\t\t\t<svg xmlns=\"http:\/\/www.w3.org\/2000\/svg\" viewBox=\"0 0 1000 100\" preserveAspectRatio=\"none\">\n\t<path class=\"elementor-shape-fill\" opacity=\"0.33\" d=\"M473,67.3c-203.9,88.3-263.1-34-320.3,0C66,119.1,0,59.7,0,59.7V0h1000v59.7 c0,0-62.1,26.1-94.9,29.3c-32.8,3.3-62.8-12.3-75.8-22.1C806,49.6,745.3,8.7,694.9,4.7S492.4,59,473,67.3z\"\/>\n\t<path class=\"elementor-shape-fill\" opacity=\"0.66\" d=\"M734,67.3c-45.5,0-77.2-23.2-129.1-39.1c-28.6-8.7-150.3-10.1-254,39.1 s-91.7-34.4-149.2,0C115.7,118.3,0,39.8,0,39.8V0h1000v36.5c0,0-28.2-18.5-92.1-18.5C810.2,18.1,775.7,67.3,734,67.3z\"\/>\n\t<path class=\"elementor-shape-fill\" d=\"M766.1,28.9c-200-57.5-266,65.5-395.1,19.5C242,1.8,242,5.4,184.8,20.6C128,35.8,132.3,44.9,89.9,52.5C28.6,63.7,0,0,0,0 h1000c0,0-9.9,40.9-83.6,48.1S829.6,47,766.1,28.9z\"\/>\n<\/svg>\t\t<\/div>\n\t\t\t\t\t<div class=\"elementor-container elementor-column-gap-default\">\n\t\t\t\t\t<div class=\"elementor-column elementor-col-100 elementor-top-column elementor-element elementor-element-8a10bca jltma-glass-effect-no\" data-id=\"8a10bca\" data-element_type=\"column\">\n\t\t\t<div class=\"elementor-widget-wrap elementor-element-populated\">\n\t\t\t\t\t\t<div class=\"elementor-element elementor-element-0361ec8 jltma-glass-effect-no elementor-widget elementor-widget-spacer\" data-id=\"0361ec8\" data-element_type=\"widget\" data-widget_type=\"spacer.default\">\n\t\t\t\t<div class=\"elementor-widget-container\">\n\t\t\t\t\t\t\t<div class=\"elementor-spacer\">\n\t\t\t<div class=\"elementor-spacer-inner\"><\/div>\n\t\t<\/div>\n\t\t\t\t\t\t<\/div>\n\t\t\t\t<\/div>\n\t\t\t\t\t<\/div>\n\t\t<\/div>\n\t\t\t\t\t<\/div>\n\t\t<\/section>\n\t\t\t\t<section class=\"elementor-section elementor-top-section elementor-element elementor-element-55fb6ad elementor-section-boxed elementor-section-height-default elementor-section-height-default jltma-glass-effect-no\" data-id=\"55fb6ad\" data-element_type=\"section\">\n\t\t\t\t\t\t<div class=\"elementor-container elementor-column-gap-default\">\n\t\t\t\t\t<div class=\"elementor-column elementor-col-100 elementor-top-column elementor-element elementor-element-bb06d4b jltma-glass-effect-no\" data-id=\"bb06d4b\" data-element_type=\"column\">\n\t\t\t<div class=\"elementor-widget-wrap elementor-element-populated\">\n\t\t\t\t\t\t<div class=\"elementor-element elementor-element-a3957fc jltma-glass-effect-no elementor-widget elementor-widget-spacer\" data-id=\"a3957fc\" data-element_type=\"widget\" data-widget_type=\"spacer.default\">\n\t\t\t\t<div class=\"elementor-widget-container\">\n\t\t\t\t\t\t\t<div class=\"elementor-spacer\">\n\t\t\t<div class=\"elementor-spacer-inner\"><\/div>\n\t\t<\/div>\n\t\t\t\t\t\t<\/div>\n\t\t\t\t<\/div>\n\t\t\t\t<div class=\"elementor-element elementor-element-1cca240 jltma-glass-effect-no elementor-widget elementor-widget-heading\" data-id=\"1cca240\" data-element_type=\"widget\" data-widget_type=\"heading.default\">\n\t\t\t\t<div class=\"elementor-widget-container\">\n\t\t\t\t\t<h2 class=\"elementor-heading-title elementor-size-default\">T\u00e9cnicas B\u00e1soicas de Biolog\u00eda Molecular<\/h2>\t\t\t\t<\/div>\n\t\t\t\t<\/div>\n\t\t\t\t<div class=\"elementor-element elementor-element-89090c9 jltma-glass-effect-no elementor-widget elementor-widget-spacer\" data-id=\"89090c9\" data-element_type=\"widget\" data-widget_type=\"spacer.default\">\n\t\t\t\t<div class=\"elementor-widget-container\">\n\t\t\t\t\t\t\t<div class=\"elementor-spacer\">\n\t\t\t<div class=\"elementor-spacer-inner\"><\/div>\n\t\t<\/div>\n\t\t\t\t\t\t<\/div>\n\t\t\t\t<\/div>\n\t\t\t\t\t<\/div>\n\t\t<\/div>\n\t\t\t\t\t<\/div>\n\t\t<\/section>\n\t\t\t\t<section class=\"elementor-section elementor-top-section elementor-element elementor-element-6a7abde elementor-section-boxed elementor-section-height-default elementor-section-height-default jltma-glass-effect-no\" data-id=\"6a7abde\" data-element_type=\"section\">\n\t\t\t\t\t\t<div class=\"elementor-container elementor-column-gap-default\">\n\t\t\t\t\t<div class=\"elementor-column elementor-col-50 elementor-top-column elementor-element elementor-element-d3cbcbe jltma-glass-effect-no\" data-id=\"d3cbcbe\" data-element_type=\"column\">\n\t\t\t<div class=\"elementor-widget-wrap elementor-element-populated\">\n\t\t\t\t\t\t<div class=\"elementor-element elementor-element-edcfbf6 jltma-glass-effect-no elementor-widget elementor-widget-image\" data-id=\"edcfbf6\" data-element_type=\"widget\" data-widget_type=\"image.default\">\n\t\t\t\t<div class=\"elementor-widget-container\">\n\t\t\t\t\t\t\t\t\t\t\t\t\t\t\t\t<a href=\"http:\/\/ceu2.izt.uam.mx\/librosUAMI\/wp-content\/uploads\/2025\/05\/Manual-de-practicas-de-laboratorio-Tecnicas-Basicas-de-Biologia-Molecular_Portada.png\" data-elementor-open-lightbox=\"yes\" data-elementor-lightbox-title=\"Manual de pr\u00e1cticas de laboratorio T\u00e9cnicas B\u00e1sicas de Biolog\u00eda Molecular_Portada\" data-e-action-hash=\"#elementor-action%3Aaction%3Dlightbox%26settings%3DeyJpZCI6MzIxLCJ1cmwiOiJodHRwczpcL1wvY2V1Mi5penQudWFtLm14XC9saWJyb3NVQU1JXC93cC1jb250ZW50XC91cGxvYWRzXC8yMDI1XC8wNVwvTWFudWFsLWRlLXByYWN0aWNhcy1kZS1sYWJvcmF0b3Jpby1UZWNuaWNhcy1CYXNpY2FzLWRlLUJpb2xvZ2lhLU1vbGVjdWxhcl9Qb3J0YWRhLnBuZyJ9\">\n\t\t\t\t\t\t\t<img fetchpriority=\"high\" decoding=\"async\" width=\"614\" height=\"800\" src=\"https:\/\/ceu2.izt.uam.mx\/librosUAMI\/wp-content\/uploads\/2025\/05\/Manual-de-practicas-de-laboratorio-Tecnicas-Basicas-de-Biologia-Molecular_Portada.png\" class=\"attachment-large size-large wp-image-321\" alt=\"\" srcset=\"https:\/\/ceu2.izt.uam.mx\/librosUAMI\/wp-content\/uploads\/2025\/05\/Manual-de-practicas-de-laboratorio-Tecnicas-Basicas-de-Biologia-Molecular_Portada.png 614w, https:\/\/ceu2.izt.uam.mx\/librosUAMI\/wp-content\/uploads\/2025\/05\/Manual-de-practicas-de-laboratorio-Tecnicas-Basicas-de-Biologia-Molecular_Portada-230x300.png 230w\" sizes=\"(max-width: 614px) 100vw, 614px\" \/>\t\t\t\t\t\t\t\t<\/a>\n\t\t\t\t\t\t\t\t\t\t\t\t\t\t\t<\/div>\n\t\t\t\t<\/div>\n\t\t\t\t<div class=\"elementor-element elementor-element-3cdd000 elementor-align-center jltma-glass-effect-no elementor-widget elementor-widget-button\" data-id=\"3cdd000\" data-element_type=\"widget\" data-widget_type=\"button.default\">\n\t\t\t\t<div class=\"elementor-widget-container\">\n\t\t\t\t\t\t\t\t\t<div class=\"elementor-button-wrapper\">\n\t\t\t\t\t<a class=\"elementor-button elementor-button-link elementor-size-sm\" href=\"http:\/\/ceu2.izt.uam.mx\/librosUAMI\/wp-content\/uploads\/2025\/05\/biomolec.pdf\" target=\"_blank\">\n\t\t\t\t\t\t<span class=\"elementor-button-content-wrapper\">\n\t\t\t\t\t\t\t\t\t<span class=\"elementor-button-text\">Descargar PDF<\/span>\n\t\t\t\t\t<\/span>\n\t\t\t\t\t<\/a>\n\t\t\t\t<\/div>\n\t\t\t\t\t\t\t\t<\/div>\n\t\t\t\t<\/div>\n\t\t\t\t<div class=\"elementor-element elementor-element-34a54ec elementor-align-center jltma-glass-effect-no elementor-widget elementor-widget-button\" data-id=\"34a54ec\" data-element_type=\"widget\" data-widget_type=\"button.default\">\n\t\t\t\t<div class=\"elementor-widget-container\">\n\t\t\t\t\t\t\t\t\t<div class=\"elementor-button-wrapper\">\n\t\t\t\t\t<a class=\"elementor-button elementor-button-link elementor-size-sm\" href=\"https:\/\/ceu2.izt.uam.mx\/librosUAMI\/index.php\/3d-flip-book\/tecnicas-basicas-de-biologia-molecular\/\" target=\"_blank\">\n\t\t\t\t\t\t<span class=\"elementor-button-content-wrapper\">\n\t\t\t\t\t\t\t\t\t<span class=\"elementor-button-text\">Ver en flipbook<\/span>\n\t\t\t\t\t<\/span>\n\t\t\t\t\t<\/a>\n\t\t\t\t<\/div>\n\t\t\t\t\t\t\t\t<\/div>\n\t\t\t\t<\/div>\n\t\t\t\t\t<\/div>\n\t\t<\/div>\n\t\t\t\t<div class=\"elementor-column elementor-col-50 elementor-top-column elementor-element elementor-element-569ca23 jltma-glass-effect-no\" data-id=\"569ca23\" data-element_type=\"column\">\n\t\t\t<div class=\"elementor-widget-wrap elementor-element-populated\">\n\t\t\t\t\t\t<div class=\"elementor-element elementor-element-bb6b822 jltma-glass-effect-no elementor-widget elementor-widget-text-editor\" data-id=\"bb6b822\" data-element_type=\"widget\" data-widget_type=\"text-editor.default\">\n\t\t\t\t<div class=\"elementor-widget-container\">\n\t\t\t\t\t\t\t\t\t<p>Este \u201cManual de pr\u00e1cticas de laboratorio. T\u00e9cnicas B\u00e1sicas de Biolog\u00eda Molecular\u201d tiene como objetivo llenar dicho vac\u00edo a trav\u00e9s de la descripci\u00f3n de manera clara de los fundamentos te\u00f3ricos de los principales m\u00e9todos y explicar paso a paso a los profesores y alumnos el desarrollo de las t\u00e9cnicas b\u00e1sicas utilizadas en la Biolog\u00eda Molecular, mediante el uso de los materiales, reactivos y equipos con los que cuentan los laboratorios de docencia de la DCBS-UAMI, permitiendo la comprensi\u00f3n y realizaci\u00f3n de las t\u00e9cnicas propuestas que servir\u00e1n de base para el desarrollo de m\u00e9todos m\u00e1s avanzados. Con el fin de guiar a los alumnos en la revisi\u00f3n de los conocimientos necesarios previos al desarrollo del trabajo de laboratorio y reforzar posteriormente los conocimientos adquiridos, se plantean cuestionarios pre y post-pr\u00e1ctica. Es importante se\u00f1alar que este manual, adem\u00e1s de apoyar los Programas de Estudio de Bioqu\u00edmica III y Biolog\u00eda Molecular, tambi\u00e9n puede servir de texto de la UEA T\u00e9cnicas B\u00e1sicas de Biolog\u00eda Molecular (trimestre VII), que es parte de la propuesta de modificaci\u00f3n al Plan de Estudio vigente de la Licenciatura en Biolog\u00eda Experimental, ya que cubre la mayor parte del contenido sint\u00e9tico del Programa de Estudio de esta UEA (Tema 1 Enzimas utilizadas en Biolog\u00eda Molecular; Tema 2 Digesti\u00f3n con endonucleasas de restricci\u00f3n; Tema 3 Vectores de clonaci\u00f3n; Tema 4 Extracci\u00f3n de ADN total y electroforesis de ADN; Tema 7 PCR). Tambi\u00e9n puede ser usado en la parte pr\u00e1ctica de la UEA Biolog\u00eda Molecular, que pertenece a las propuestas de modificaci\u00f3n de los Planes de Estudio de las Licenciaturas en Ingenier\u00eda en Alimentos e Ingenier\u00eda Bioqu\u00edmica Industrial.<\/p>\t\t\t\t\t\t\t\t<\/div>\n\t\t\t\t<\/div>\n\t\t\t\t\t<\/div>\n\t\t<\/div>\n\t\t\t\t\t<\/div>\n\t\t<\/section>\n\t\t\t\t<\/div>\n\t\t","protected":false},"excerpt":{"rendered":"<p>T\u00e9cnicas B\u00e1soicas de Biolog\u00eda Molecular Descargar PDF Ver en flipbook Este \u201cManual de pr\u00e1cticas de laboratorio. T\u00e9cnicas B\u00e1sicas de Biolog\u00eda Molecular\u201d tiene como objetivo llenar dicho vac\u00edo a trav\u00e9s de la descripci\u00f3n de manera clara de los fundamentos te\u00f3ricos de los principales m\u00e9todos y explicar paso a paso a los profesores y alumnos el desarrollo [&hellip;]<\/p>\n","protected":false},"author":2,"featured_media":0,"parent":0,"menu_order":0,"comment_status":"closed","ping_status":"closed","template":"elementor_header_footer","meta":{"footnotes":""},"class_list":["post-322","page","type-page","status-publish","hentry"],"_links":{"self":[{"href":"https:\/\/ceu2.izt.uam.mx\/librosUAMI\/index.php\/wp-json\/wp\/v2\/pages\/322","targetHints":{"allow":["GET"]}}],"collection":[{"href":"https:\/\/ceu2.izt.uam.mx\/librosUAMI\/index.php\/wp-json\/wp\/v2\/pages"}],"about":[{"href":"https:\/\/ceu2.izt.uam.mx\/librosUAMI\/index.php\/wp-json\/wp\/v2\/types\/page"}],"author":[{"embeddable":true,"href":"https:\/\/ceu2.izt.uam.mx\/librosUAMI\/index.php\/wp-json\/wp\/v2\/users\/2"}],"replies":[{"embeddable":true,"href":"https:\/\/ceu2.izt.uam.mx\/librosUAMI\/index.php\/wp-json\/wp\/v2\/comments?post=322"}],"version-history":[{"count":10,"href":"https:\/\/ceu2.izt.uam.mx\/librosUAMI\/index.php\/wp-json\/wp\/v2\/pages\/322\/revisions"}],"predecessor-version":[{"id":1211,"href":"https:\/\/ceu2.izt.uam.mx\/librosUAMI\/index.php\/wp-json\/wp\/v2\/pages\/322\/revisions\/1211"}],"wp:attachment":[{"href":"https:\/\/ceu2.izt.uam.mx\/librosUAMI\/index.php\/wp-json\/wp\/v2\/media?parent=322"}],"curies":[{"name":"wp","href":"https:\/\/api.w.org\/{rel}","templated":true}]}}