{"id":264,"date":"2025-05-02T15:59:49","date_gmt":"2025-05-02T15:59:49","guid":{"rendered":"https:\/\/ceu2.izt.uam.mx\/librosUAMI\/?page_id=264"},"modified":"2025-05-22T18:19:13","modified_gmt":"2025-05-22T18:19:13","slug":"analisis_funcional_organico","status":"publish","type":"page","link":"https:\/\/ceu2.izt.uam.mx\/librosUAMI\/index.php\/analisis_funcional_organico\/","title":{"rendered":"An\u00e1lisis Funcional Org\u00e1nico"},"content":{"rendered":"\t\t<div data-elementor-type=\"wp-page\" data-elementor-id=\"264\" class=\"elementor elementor-264\" data-elementor-post-type=\"page\">\n\t\t\t\t\t\t<section class=\"elementor-section elementor-top-section elementor-element elementor-element-46a5e8b elementor-section-boxed elementor-section-height-default elementor-section-height-default jltma-glass-effect-no\" data-id=\"46a5e8b\" data-element_type=\"section\" data-settings=\"{&quot;background_background&quot;:&quot;classic&quot;,&quot;shape_divider_bottom&quot;:&quot;mountains&quot;}\">\n\t\t\t\t\t<div class=\"elementor-shape elementor-shape-bottom\" aria-hidden=\"true\" data-negative=\"false\">\n\t\t\t<svg xmlns=\"http:\/\/www.w3.org\/2000\/svg\" viewBox=\"0 0 1000 100\" preserveAspectRatio=\"none\">\n\t<path class=\"elementor-shape-fill\" opacity=\"0.33\" d=\"M473,67.3c-203.9,88.3-263.1-34-320.3,0C66,119.1,0,59.7,0,59.7V0h1000v59.7 c0,0-62.1,26.1-94.9,29.3c-32.8,3.3-62.8-12.3-75.8-22.1C806,49.6,745.3,8.7,694.9,4.7S492.4,59,473,67.3z\"\/>\n\t<path class=\"elementor-shape-fill\" opacity=\"0.66\" d=\"M734,67.3c-45.5,0-77.2-23.2-129.1-39.1c-28.6-8.7-150.3-10.1-254,39.1 s-91.7-34.4-149.2,0C115.7,118.3,0,39.8,0,39.8V0h1000v36.5c0,0-28.2-18.5-92.1-18.5C810.2,18.1,775.7,67.3,734,67.3z\"\/>\n\t<path class=\"elementor-shape-fill\" d=\"M766.1,28.9c-200-57.5-266,65.5-395.1,19.5C242,1.8,242,5.4,184.8,20.6C128,35.8,132.3,44.9,89.9,52.5C28.6,63.7,0,0,0,0 h1000c0,0-9.9,40.9-83.6,48.1S829.6,47,766.1,28.9z\"\/>\n<\/svg>\t\t<\/div>\n\t\t\t\t\t<div class=\"elementor-container elementor-column-gap-default\">\n\t\t\t\t\t<div class=\"elementor-column elementor-col-100 elementor-top-column elementor-element elementor-element-75d02fc jltma-glass-effect-no\" data-id=\"75d02fc\" data-element_type=\"column\">\n\t\t\t<div class=\"elementor-widget-wrap elementor-element-populated\">\n\t\t\t\t\t\t<div class=\"elementor-element elementor-element-25199e2 jltma-glass-effect-no elementor-widget elementor-widget-spacer\" data-id=\"25199e2\" data-element_type=\"widget\" data-widget_type=\"spacer.default\">\n\t\t\t\t<div class=\"elementor-widget-container\">\n\t\t\t\t\t\t\t<div class=\"elementor-spacer\">\n\t\t\t<div class=\"elementor-spacer-inner\"><\/div>\n\t\t<\/div>\n\t\t\t\t\t\t<\/div>\n\t\t\t\t<\/div>\n\t\t\t\t\t<\/div>\n\t\t<\/div>\n\t\t\t\t\t<\/div>\n\t\t<\/section>\n\t\t\t\t<section class=\"elementor-section elementor-top-section elementor-element elementor-element-55fb6ad elementor-section-boxed elementor-section-height-default elementor-section-height-default jltma-glass-effect-no\" data-id=\"55fb6ad\" data-element_type=\"section\">\n\t\t\t\t\t\t<div class=\"elementor-container elementor-column-gap-default\">\n\t\t\t\t\t<div class=\"elementor-column elementor-col-100 elementor-top-column elementor-element elementor-element-bb06d4b jltma-glass-effect-no\" data-id=\"bb06d4b\" data-element_type=\"column\">\n\t\t\t<div class=\"elementor-widget-wrap elementor-element-populated\">\n\t\t\t\t\t\t<div class=\"elementor-element elementor-element-a3957fc jltma-glass-effect-no elementor-widget elementor-widget-spacer\" data-id=\"a3957fc\" data-element_type=\"widget\" data-widget_type=\"spacer.default\">\n\t\t\t\t<div class=\"elementor-widget-container\">\n\t\t\t\t\t\t\t<div class=\"elementor-spacer\">\n\t\t\t<div class=\"elementor-spacer-inner\"><\/div>\n\t\t<\/div>\n\t\t\t\t\t\t<\/div>\n\t\t\t\t<\/div>\n\t\t\t\t<div class=\"elementor-element elementor-element-1cca240 jltma-glass-effect-no elementor-widget elementor-widget-heading\" data-id=\"1cca240\" data-element_type=\"widget\" data-widget_type=\"heading.default\">\n\t\t\t\t<div class=\"elementor-widget-container\">\n\t\t\t\t\t<h2 class=\"elementor-heading-title elementor-size-default\">An\u00e1lisis Funcional Org\u00e1nico<\/h2>\t\t\t\t<\/div>\n\t\t\t\t<\/div>\n\t\t\t\t<div class=\"elementor-element elementor-element-89090c9 jltma-glass-effect-no elementor-widget elementor-widget-spacer\" data-id=\"89090c9\" data-element_type=\"widget\" data-widget_type=\"spacer.default\">\n\t\t\t\t<div class=\"elementor-widget-container\">\n\t\t\t\t\t\t\t<div class=\"elementor-spacer\">\n\t\t\t<div class=\"elementor-spacer-inner\"><\/div>\n\t\t<\/div>\n\t\t\t\t\t\t<\/div>\n\t\t\t\t<\/div>\n\t\t\t\t\t<\/div>\n\t\t<\/div>\n\t\t\t\t\t<\/div>\n\t\t<\/section>\n\t\t\t\t<section class=\"elementor-section elementor-top-section elementor-element elementor-element-6a7abde elementor-section-boxed elementor-section-height-default elementor-section-height-default jltma-glass-effect-no\" data-id=\"6a7abde\" data-element_type=\"section\">\n\t\t\t\t\t\t<div class=\"elementor-container elementor-column-gap-default\">\n\t\t\t\t\t<div class=\"elementor-column elementor-col-50 elementor-top-column elementor-element elementor-element-d3cbcbe jltma-glass-effect-no\" data-id=\"d3cbcbe\" data-element_type=\"column\">\n\t\t\t<div class=\"elementor-widget-wrap elementor-element-populated\">\n\t\t\t\t\t\t<div class=\"elementor-element elementor-element-edcfbf6 jltma-glass-effect-no elementor-widget elementor-widget-image\" data-id=\"edcfbf6\" data-element_type=\"widget\" data-widget_type=\"image.default\">\n\t\t\t\t<div class=\"elementor-widget-container\">\n\t\t\t\t\t\t\t\t\t\t\t\t\t\t\t\t<a href=\"http:\/\/ceu2.izt.uam.mx\/librosUAMI\/wp-content\/uploads\/2025\/05\/Analisis-Funcional-Organico-Portada.png\" data-elementor-open-lightbox=\"yes\" data-elementor-lightbox-title=\"An\u00e1lisis Funcional Org\u00e1nico- Portada\" data-e-action-hash=\"#elementor-action%3Aaction%3Dlightbox%26settings%3DeyJpZCI6MjYyLCJ1cmwiOiJodHRwczpcL1wvY2V1Mi5penQudWFtLm14XC9saWJyb3NVQU1JXC93cC1jb250ZW50XC91cGxvYWRzXC8yMDI1XC8wNVwvQW5hbGlzaXMtRnVuY2lvbmFsLU9yZ2FuaWNvLVBvcnRhZGEucG5nIn0%3D\">\n\t\t\t\t\t\t\t<img fetchpriority=\"high\" decoding=\"async\" width=\"618\" height=\"800\" src=\"https:\/\/ceu2.izt.uam.mx\/librosUAMI\/wp-content\/uploads\/2025\/05\/Analisis-Funcional-Organico-Portada.png\" class=\"attachment-large size-large wp-image-262\" alt=\"\" srcset=\"https:\/\/ceu2.izt.uam.mx\/librosUAMI\/wp-content\/uploads\/2025\/05\/Analisis-Funcional-Organico-Portada.png 618w, https:\/\/ceu2.izt.uam.mx\/librosUAMI\/wp-content\/uploads\/2025\/05\/Analisis-Funcional-Organico-Portada-232x300.png 232w\" sizes=\"(max-width: 618px) 100vw, 618px\" \/>\t\t\t\t\t\t\t\t<\/a>\n\t\t\t\t\t\t\t\t\t\t\t\t\t\t\t<\/div>\n\t\t\t\t<\/div>\n\t\t\t\t<div class=\"elementor-element elementor-element-3cdd000 elementor-align-center jltma-glass-effect-no elementor-widget elementor-widget-button\" data-id=\"3cdd000\" data-element_type=\"widget\" data-widget_type=\"button.default\">\n\t\t\t\t<div class=\"elementor-widget-container\">\n\t\t\t\t\t\t\t\t\t<div class=\"elementor-button-wrapper\">\n\t\t\t\t\t<a class=\"elementor-button elementor-button-link elementor-size-sm\" href=\"http:\/\/ceu2.izt.uam.mx\/librosUAMI\/wp-content\/uploads\/2025\/05\/analisis.pdf\" target=\"_blank\">\n\t\t\t\t\t\t<span class=\"elementor-button-content-wrapper\">\n\t\t\t\t\t\t\t\t\t<span class=\"elementor-button-text\">Descargar PDF<\/span>\n\t\t\t\t\t<\/span>\n\t\t\t\t\t<\/a>\n\t\t\t\t<\/div>\n\t\t\t\t\t\t\t\t<\/div>\n\t\t\t\t<\/div>\n\t\t\t\t<div class=\"elementor-element elementor-element-9405a0f elementor-align-center jltma-glass-effect-no elementor-widget elementor-widget-button\" data-id=\"9405a0f\" data-element_type=\"widget\" data-widget_type=\"button.default\">\n\t\t\t\t<div class=\"elementor-widget-container\">\n\t\t\t\t\t\t\t\t\t<div class=\"elementor-button-wrapper\">\n\t\t\t\t\t<a class=\"elementor-button elementor-button-link elementor-size-sm\" href=\"https:\/\/ceu2.izt.uam.mx\/librosUAMI\/index.php\/3d-flip-book\/analisis-funcional-organico\/\" target=\"_blank\">\n\t\t\t\t\t\t<span class=\"elementor-button-content-wrapper\">\n\t\t\t\t\t\t\t\t\t<span class=\"elementor-button-text\">Ver en flipbook<\/span>\n\t\t\t\t\t<\/span>\n\t\t\t\t\t<\/a>\n\t\t\t\t<\/div>\n\t\t\t\t\t\t\t\t<\/div>\n\t\t\t\t<\/div>\n\t\t\t\t\t<\/div>\n\t\t<\/div>\n\t\t\t\t<div class=\"elementor-column elementor-col-50 elementor-top-column elementor-element elementor-element-569ca23 jltma-glass-effect-no\" data-id=\"569ca23\" data-element_type=\"column\">\n\t\t\t<div class=\"elementor-widget-wrap elementor-element-populated\">\n\t\t\t\t\t\t<div class=\"elementor-element elementor-element-bb6b822 jltma-glass-effect-no elementor-widget elementor-widget-text-editor\" data-id=\"bb6b822\" data-element_type=\"widget\" data-widget_type=\"text-editor.default\">\n\t\t\t\t<div class=\"elementor-widget-container\">\n\t\t\t\t\t\t\t\t\t<p>Para realizar la identificaci\u00f3n sistem\u00e1tica de un compuesto org\u00e1nico determinado, es indispensable iniciar el an\u00e1lisis identificando cada uno de los elementos que lo conforman; para lograr este objetivo es necesario romper los enlaces covalentes mediante una fusi\u00f3n alcalina para obtenerlos en forma i\u00f3nica. Los elementos que se encuentran en las sustancias org\u00e1nicas son generalmente los encontrados en los seres vivos (C, H, O, N, S, P Cl, Br, I). Para el reconocimiento de alguno de estos elementos y otros como azufre, nitr\u00f3geno, f\u00f3sforo \u00f3 alg\u00fan hal\u00f3geno, es necesario someter al compuesto org\u00e1nico a una combusti\u00f3n en presencia de un metal alcalino como sodio o potasio, mediante la cual estos elementos se transforman en iones f\u00e1cilmente identificables.<span class=\"Apple-converted-space\">\u00a0<\/span><\/p><p>Para continuar la identificaci\u00f3n sistem\u00e1tica del compuesto org\u00e1nico es necesario realizar pruebas de solubilidad, para lo cual se disuelve el compuesto s\u00f3lido o l\u00edquido en soluciones espec\u00edficas (H2O, NaOH diluido, NaHSO3 diluido, HCl diluido y H2SO4 concentrado). El comportamiento de solubilidad de la sustancia org\u00e1nica da una orientaci\u00f3n del tipo de compuesto que se est\u00e1 analizando; por ejemplo seg\u00fan su solubilidad se puede clasificar un compuesto como \u00e1cido, b\u00e1sico o neutro.<span class=\"Apple-converted-space\">\u00a0<\/span><\/p><p>Un tercer paso es la aplicaci\u00f3n de las pruebas de clasificaci\u00f3n de grupos funcionales. Se sugiere que una forma de iniciar la parte experimental es que al mismo tiempo que se efect\u00faa una prueba con la sustancia desconocida, deber\u00e1 realizarse una prueba control con alguno de los compuestos sugeridos en la literatura para cada prueba. As\u00ed, ser\u00e1 posible hacer comparaciones directas e inmediatas entre los resultados de los experimentos sobre los compuestos conocidos y el desconocido. Es importante tener en cuenta las siguientes observaciones en las pruebas de clasificaci\u00f3n: 1) observar c\u00f3mo se manifiestan las pruebas positivas o negativas, puede haber interpretaciones err\u00f3neas 2) excluir la presencia de algunos grupos funcionales y 3) es preferible no ensayar todos los reactivos sobre cada sustancia desconocida ya que puede ocasionar serias confusiones.<span class=\"Apple-converted-space\">\u00a0<\/span><\/p><p>Al terminar con las pruebas de clasificaci\u00f3n, se re\u00fane y clasifica toda la informaci\u00f3n recabada sobre el compuesto org\u00e1nico problema (punto de ebullici\u00f3n o de fusi\u00f3n, comportamiento en la ignici\u00f3n, solubilidad y pruebas de clasificaci\u00f3n). A partir de estos datos y de las propiedades f\u00edsicas del compuesto (color, estado f\u00edsico, olor), generalmente es posible obtener indicios acerca del tipo de grupos funcionales que puedan estar presentes en el compuesto problema.<span class=\"Apple-converted-space\">\u00a0<\/span><\/p><p>Finalmente, el \u00faltimo paso en la identificaci\u00f3n, es la b\u00fasqueda de informaci\u00f3n espec\u00edfica concerniente a la presencia o ausencia de grupos funcionales comunes. Para este prop\u00f3sito deben seleccionarse algunos reactivos de clasificaci\u00f3n. Algunos de estos reactivos son espec\u00edficos para un grupo funcional en particular, ya que cada prueba que se desarrolle en esta pr\u00e1ctica posee determinadas limitaciones.<span class=\"Apple-converted-space\">\u00a0<\/span><\/p><p>Es importante tener en cuenta que por acuerdo institucional. \u201cToda UEA que contemple en su programa de estudios actividades experimentales (pr\u00e1cticas de laboratorio) deber\u00e1 contar con un manual de pr\u00e1cticas. En \u00e9ste se se\u00f1alar\u00e1n los objetivos, la programaci\u00f3n de las actividades, la relaci\u00f3n de los equipos, materiales y art\u00edculos consumibles que ser\u00e1n utilizados, as\u00ed como la disponibilidad de los mismos. Adem\u00e1s, se incluir\u00e1 informaci\u00f3n expl\u00edcita acerca de las medidas de seguridad y, en su caso, las concernientes a la disposici\u00f3n de residuos o desechos que deber\u00e1n observarse de acuerdo con las indicaciones de los profesores asignados. En este Manual, los ensayos son a la gota, por lo que se trabajar\u00e1 con cantidades de reactivos del orden de mg o mL por lo que los residuos provenientes de las pr\u00e1cticas ser\u00e1n m\u00ednimos; los residuos org\u00e1nicos ser\u00e1n depositados en contenedores de pl\u00e1stico habilitados ex profeso y los acuosos ser\u00e1n lavados con agua de la llave.<span class=\"Apple-converted-space\">\u00a0<\/span><\/p><p>Se considera que es importante resaltar que en el presente Manual se presentan las pr\u00e1cticas del curso de An\u00e1lisis Funcional Org\u00e1nico, teniendo como directrices para su elaboraci\u00f3n: 1) La experiencia obtenida por los Profesores en la impartici\u00f3n de \u00e9sta UEA durante todo el tiempo que estuvo como UEA obligatoria en la Licenciatura de Ingenier\u00eda Bioqu\u00edmica industrial y 2) La vinculaci\u00f3n de las pr\u00e1cticas propuestas con el contenido sint\u00e9tico del programa de estudios.<span class=\"Apple-converted-space\">\u00a0<\/span><\/p>\t\t\t\t\t\t\t\t<\/div>\n\t\t\t\t<\/div>\n\t\t\t\t\t<\/div>\n\t\t<\/div>\n\t\t\t\t\t<\/div>\n\t\t<\/section>\n\t\t\t\t<\/div>\n\t\t","protected":false},"excerpt":{"rendered":"<p>An\u00e1lisis Funcional Org\u00e1nico Descargar PDF Ver en flipbook Para realizar la identificaci\u00f3n sistem\u00e1tica de un compuesto org\u00e1nico determinado, es indispensable iniciar el an\u00e1lisis identificando cada uno de los elementos que lo conforman; para lograr este objetivo es necesario romper los enlaces covalentes mediante una fusi\u00f3n alcalina para obtenerlos en forma i\u00f3nica. Los elementos que se [&hellip;]<\/p>\n","protected":false},"author":2,"featured_media":0,"parent":0,"menu_order":0,"comment_status":"closed","ping_status":"closed","template":"elementor_header_footer","meta":{"footnotes":""},"class_list":["post-264","page","type-page","status-publish","hentry"],"_links":{"self":[{"href":"https:\/\/ceu2.izt.uam.mx\/librosUAMI\/index.php\/wp-json\/wp\/v2\/pages\/264","targetHints":{"allow":["GET"]}}],"collection":[{"href":"https:\/\/ceu2.izt.uam.mx\/librosUAMI\/index.php\/wp-json\/wp\/v2\/pages"}],"about":[{"href":"https:\/\/ceu2.izt.uam.mx\/librosUAMI\/index.php\/wp-json\/wp\/v2\/types\/page"}],"author":[{"embeddable":true,"href":"https:\/\/ceu2.izt.uam.mx\/librosUAMI\/index.php\/wp-json\/wp\/v2\/users\/2"}],"replies":[{"embeddable":true,"href":"https:\/\/ceu2.izt.uam.mx\/librosUAMI\/index.php\/wp-json\/wp\/v2\/comments?post=264"}],"version-history":[{"count":10,"href":"https:\/\/ceu2.izt.uam.mx\/librosUAMI\/index.php\/wp-json\/wp\/v2\/pages\/264\/revisions"}],"predecessor-version":[{"id":1075,"href":"https:\/\/ceu2.izt.uam.mx\/librosUAMI\/index.php\/wp-json\/wp\/v2\/pages\/264\/revisions\/1075"}],"wp:attachment":[{"href":"https:\/\/ceu2.izt.uam.mx\/librosUAMI\/index.php\/wp-json\/wp\/v2\/media?parent=264"}],"curies":[{"name":"wp","href":"https:\/\/api.w.org\/{rel}","templated":true}]}}