{"id":196,"date":"2025-01-13T22:43:06","date_gmt":"2025-01-13T22:43:06","guid":{"rendered":"https:\/\/ceu2.izt.uam.mx\/librosUAMI\/?page_id=196"},"modified":"2025-05-22T18:46:13","modified_gmt":"2025-05-22T18:46:13","slug":"fitobentos","status":"publish","type":"page","link":"https:\/\/ceu2.izt.uam.mx\/librosUAMI\/index.php\/fitobentos\/","title":{"rendered":"Fitobentos"},"content":{"rendered":"\t\t<div data-elementor-type=\"wp-page\" data-elementor-id=\"196\" class=\"elementor elementor-196\" data-elementor-post-type=\"page\">\n\t\t\t\t\t\t<section class=\"elementor-section elementor-top-section elementor-element elementor-element-e405e9b elementor-section-boxed elementor-section-height-default elementor-section-height-default jltma-glass-effect-no\" data-id=\"e405e9b\" data-element_type=\"section\" data-settings=\"{&quot;background_background&quot;:&quot;classic&quot;,&quot;shape_divider_bottom&quot;:&quot;mountains&quot;}\">\n\t\t\t\t\t<div class=\"elementor-shape elementor-shape-bottom\" aria-hidden=\"true\" data-negative=\"false\">\n\t\t\t<svg xmlns=\"http:\/\/www.w3.org\/2000\/svg\" viewBox=\"0 0 1000 100\" preserveAspectRatio=\"none\">\n\t<path class=\"elementor-shape-fill\" opacity=\"0.33\" d=\"M473,67.3c-203.9,88.3-263.1-34-320.3,0C66,119.1,0,59.7,0,59.7V0h1000v59.7 c0,0-62.1,26.1-94.9,29.3c-32.8,3.3-62.8-12.3-75.8-22.1C806,49.6,745.3,8.7,694.9,4.7S492.4,59,473,67.3z\"\/>\n\t<path class=\"elementor-shape-fill\" opacity=\"0.66\" d=\"M734,67.3c-45.5,0-77.2-23.2-129.1-39.1c-28.6-8.7-150.3-10.1-254,39.1 s-91.7-34.4-149.2,0C115.7,118.3,0,39.8,0,39.8V0h1000v36.5c0,0-28.2-18.5-92.1-18.5C810.2,18.1,775.7,67.3,734,67.3z\"\/>\n\t<path class=\"elementor-shape-fill\" d=\"M766.1,28.9c-200-57.5-266,65.5-395.1,19.5C242,1.8,242,5.4,184.8,20.6C128,35.8,132.3,44.9,89.9,52.5C28.6,63.7,0,0,0,0 h1000c0,0-9.9,40.9-83.6,48.1S829.6,47,766.1,28.9z\"\/>\n<\/svg>\t\t<\/div>\n\t\t\t\t\t<div class=\"elementor-container elementor-column-gap-default\">\n\t\t\t\t\t<div class=\"elementor-column elementor-col-100 elementor-top-column elementor-element elementor-element-8144d25 jltma-glass-effect-no\" data-id=\"8144d25\" data-element_type=\"column\">\n\t\t\t<div class=\"elementor-widget-wrap elementor-element-populated\">\n\t\t\t\t\t\t<div class=\"elementor-element elementor-element-8b11860 jltma-glass-effect-no elementor-widget elementor-widget-spacer\" data-id=\"8b11860\" data-element_type=\"widget\" data-widget_type=\"spacer.default\">\n\t\t\t\t<div class=\"elementor-widget-container\">\n\t\t\t\t\t\t\t<div class=\"elementor-spacer\">\n\t\t\t<div class=\"elementor-spacer-inner\"><\/div>\n\t\t<\/div>\n\t\t\t\t\t\t<\/div>\n\t\t\t\t<\/div>\n\t\t\t\t\t<\/div>\n\t\t<\/div>\n\t\t\t\t\t<\/div>\n\t\t<\/section>\n\t\t\t\t<section class=\"elementor-section elementor-top-section elementor-element elementor-element-55fb6ad elementor-section-boxed elementor-section-height-default elementor-section-height-default jltma-glass-effect-no\" data-id=\"55fb6ad\" data-element_type=\"section\">\n\t\t\t\t\t\t<div class=\"elementor-container elementor-column-gap-default\">\n\t\t\t\t\t<div class=\"elementor-column elementor-col-100 elementor-top-column elementor-element elementor-element-bb06d4b jltma-glass-effect-no\" data-id=\"bb06d4b\" data-element_type=\"column\">\n\t\t\t<div class=\"elementor-widget-wrap elementor-element-populated\">\n\t\t\t\t\t\t<div class=\"elementor-element elementor-element-a3957fc jltma-glass-effect-no elementor-widget elementor-widget-spacer\" data-id=\"a3957fc\" data-element_type=\"widget\" data-widget_type=\"spacer.default\">\n\t\t\t\t<div class=\"elementor-widget-container\">\n\t\t\t\t\t\t\t<div class=\"elementor-spacer\">\n\t\t\t<div class=\"elementor-spacer-inner\"><\/div>\n\t\t<\/div>\n\t\t\t\t\t\t<\/div>\n\t\t\t\t<\/div>\n\t\t\t\t<div class=\"elementor-element elementor-element-1cca240 jltma-glass-effect-no elementor-widget elementor-widget-heading\" data-id=\"1cca240\" data-element_type=\"widget\" data-widget_type=\"heading.default\">\n\t\t\t\t<div class=\"elementor-widget-container\">\n\t\t\t\t\t<h2 class=\"elementor-heading-title elementor-size-default\">Fitobentos<\/h2>\t\t\t\t<\/div>\n\t\t\t\t<\/div>\n\t\t\t\t<div class=\"elementor-element elementor-element-89090c9 jltma-glass-effect-no elementor-widget elementor-widget-spacer\" data-id=\"89090c9\" data-element_type=\"widget\" data-widget_type=\"spacer.default\">\n\t\t\t\t<div class=\"elementor-widget-container\">\n\t\t\t\t\t\t\t<div class=\"elementor-spacer\">\n\t\t\t<div class=\"elementor-spacer-inner\"><\/div>\n\t\t<\/div>\n\t\t\t\t\t\t<\/div>\n\t\t\t\t<\/div>\n\t\t\t\t\t<\/div>\n\t\t<\/div>\n\t\t\t\t\t<\/div>\n\t\t<\/section>\n\t\t\t\t<section class=\"elementor-section elementor-top-section elementor-element elementor-element-6a7abde elementor-section-boxed elementor-section-height-default elementor-section-height-default jltma-glass-effect-no\" data-id=\"6a7abde\" data-element_type=\"section\">\n\t\t\t\t\t\t<div class=\"elementor-container elementor-column-gap-default\">\n\t\t\t\t\t<div class=\"elementor-column elementor-col-50 elementor-top-column elementor-element elementor-element-d3cbcbe jltma-glass-effect-no\" data-id=\"d3cbcbe\" data-element_type=\"column\">\n\t\t\t<div class=\"elementor-widget-wrap elementor-element-populated\">\n\t\t\t\t\t\t<div class=\"elementor-element elementor-element-edcfbf6 jltma-glass-effect-no elementor-widget elementor-widget-image\" data-id=\"edcfbf6\" data-element_type=\"widget\" data-widget_type=\"image.default\">\n\t\t\t\t<div class=\"elementor-widget-container\">\n\t\t\t\t\t\t\t\t\t\t\t\t\t\t\t\t<a href=\"http:\/\/ceu2.izt.uam.mx\/librosUAMI\/wp-content\/uploads\/2025\/01\/portada-sola-copy.png\" data-elementor-open-lightbox=\"yes\" data-elementor-lightbox-title=\"portada sola copy\" data-e-action-hash=\"#elementor-action%3Aaction%3Dlightbox%26settings%3DeyJpZCI6MTk5LCJ1cmwiOiJodHRwczpcL1wvY2V1Mi5penQudWFtLm14XC9saWJyb3NVQU1JXC93cC1jb250ZW50XC91cGxvYWRzXC8yMDI1XC8wMVwvcG9ydGFkYS1zb2xhLWNvcHkucG5nIn0%3D\">\n\t\t\t\t\t\t\t<img fetchpriority=\"high\" decoding=\"async\" width=\"640\" height=\"834\" src=\"https:\/\/ceu2.izt.uam.mx\/librosUAMI\/wp-content\/uploads\/2025\/01\/portada-sola-copy-786x1024.png\" class=\"attachment-large size-large wp-image-199\" alt=\"\" srcset=\"https:\/\/ceu2.izt.uam.mx\/librosUAMI\/wp-content\/uploads\/2025\/01\/portada-sola-copy-786x1024.png 786w, https:\/\/ceu2.izt.uam.mx\/librosUAMI\/wp-content\/uploads\/2025\/01\/portada-sola-copy-230x300.png 230w, https:\/\/ceu2.izt.uam.mx\/librosUAMI\/wp-content\/uploads\/2025\/01\/portada-sola-copy-768x1000.png 768w, https:\/\/ceu2.izt.uam.mx\/librosUAMI\/wp-content\/uploads\/2025\/01\/portada-sola-copy-1179x1536.png 1179w, https:\/\/ceu2.izt.uam.mx\/librosUAMI\/wp-content\/uploads\/2025\/01\/portada-sola-copy.png 1200w\" sizes=\"(max-width: 640px) 100vw, 640px\" \/>\t\t\t\t\t\t\t\t<\/a>\n\t\t\t\t\t\t\t\t\t\t\t\t\t\t\t<\/div>\n\t\t\t\t<\/div>\n\t\t\t\t<div class=\"elementor-element elementor-element-3cdd000 elementor-align-center jltma-glass-effect-no elementor-widget elementor-widget-button\" data-id=\"3cdd000\" data-element_type=\"widget\" data-widget_type=\"button.default\">\n\t\t\t\t<div class=\"elementor-widget-container\">\n\t\t\t\t\t\t\t\t\t<div class=\"elementor-button-wrapper\">\n\t\t\t\t\t<a class=\"elementor-button elementor-button-link elementor-size-sm\" href=\"http:\/\/ceu2.izt.uam.mx\/librosUAMI\/wp-content\/uploads\/2025\/01\/FITOBENTOS-DIGITAL.pdf\" target=\"_blank\">\n\t\t\t\t\t\t<span class=\"elementor-button-content-wrapper\">\n\t\t\t\t\t\t\t\t\t<span class=\"elementor-button-text\">Descargar PDF<\/span>\n\t\t\t\t\t<\/span>\n\t\t\t\t\t<\/a>\n\t\t\t\t<\/div>\n\t\t\t\t\t\t\t\t<\/div>\n\t\t\t\t<\/div>\n\t\t\t\t<div class=\"elementor-element elementor-element-c0fca91 elementor-align-center jltma-glass-effect-no elementor-widget elementor-widget-button\" data-id=\"c0fca91\" data-element_type=\"widget\" data-widget_type=\"button.default\">\n\t\t\t\t<div class=\"elementor-widget-container\">\n\t\t\t\t\t\t\t\t\t<div class=\"elementor-button-wrapper\">\n\t\t\t\t\t<a class=\"elementor-button elementor-button-link elementor-size-sm\" href=\"https:\/\/ceu2.izt.uam.mx\/librosUAMI\/index.php\/3d-flip-book\/fitobentos\/\" target=\"_blank\">\n\t\t\t\t\t\t<span class=\"elementor-button-content-wrapper\">\n\t\t\t\t\t\t\t\t\t<span class=\"elementor-button-text\">Ver en flipbook<\/span>\n\t\t\t\t\t<\/span>\n\t\t\t\t\t<\/a>\n\t\t\t\t<\/div>\n\t\t\t\t\t\t\t\t<\/div>\n\t\t\t\t<\/div>\n\t\t\t\t\t<\/div>\n\t\t<\/div>\n\t\t\t\t<div class=\"elementor-column elementor-col-50 elementor-top-column elementor-element elementor-element-569ca23 jltma-glass-effect-no\" data-id=\"569ca23\" data-element_type=\"column\">\n\t\t\t<div class=\"elementor-widget-wrap elementor-element-populated\">\n\t\t\t\t\t\t<div class=\"elementor-element elementor-element-bb6b822 jltma-glass-effect-no elementor-widget elementor-widget-text-editor\" data-id=\"bb6b822\" data-element_type=\"widget\" data-widget_type=\"text-editor.default\">\n\t\t\t\t<div class=\"elementor-widget-container\">\n\t\t\t\t\t\t\t\t\t<div class=\"page\" title=\"Page 9\"><div class=\"layoutArea\"><p class=\"p1\">Dentro del gran grupo de eucariontes fotosint\u00e9ticos est\u00e1n agrupados un conjunto de organismos, de naturaleza muy diversa, que comparten numerosas semejanzas en su organizaci\u00f3n morfol\u00f3gica y funcional, procesos reproductivos, ambientes e intervalos de distribuci\u00f3n, resultado de convergencias a lo largo de su compleja historia evolutiva. Actualmente, las nuevas clasificaciones basadas principalmente, en comparaciones de secuencias de ARN ribosomal, sustentan la relaci\u00f3n filogen\u00e9tica entre una buena secci\u00f3n del grupo de las algas (Glaucophyta, Rhodophyta y Cholorophyta) con las plantas embriofita, dentro del super grupo Archaeplastida, siendo su car\u00e1cter morfol\u00f3gico unificador la adquisici\u00f3n de cloroplastos por endosimbiosis primaria, proveniente de un grupo de cianoprocariontes (Dominio Eubacteria), las cu\u00e1les, tambi\u00e9n son organismos fotosint\u00e9ticos que comparten caracter\u00edsticas bioqu\u00edmicas, fisiol\u00f3gicas y niveles de organizaci\u00f3n, m\u00e1s relacionadas con las algas que con el mismo grupo de eubacterias al que pertenecen. El proceso de simbiosis no es un evento aislado que haya ocurrido una sola vez en la historia evolutiva, hay evidencia de que ocurrieron otros procesos de segunda y hasta tercera simbiosis para la adquisici\u00f3n de cloroplastos; como ejemplo est\u00e1n los supergrupos: Stramenopiles (espec\u00edficamente los heterokotos fotosint\u00e9ticos de la divisi\u00f3n Ochrophyta que incluye a diatomeas, crisof\u00edceas y algas pluricelulares feof\u00edceas); Alveolata (representados por los dinoflagelados), Excavata (Euglenas) y Rhizaria (Chlorarachniophyceae). Adicionalmente, se considera tambi\u00e9n, dentro de estos eucariontes fotosint\u00e9ticos, a los grupos en <i>incertae sedis<\/i> Haptophyta y Cryptophyta, con metabolismo mix\u00f3trofo.<\/p><p class=\"p1\">Los grupos mencionados anteriormente, tienen representantes en el fitobentos, \u00e9ste se refiere a los organismos aut\u00f3trofos que viven asociados a cualquier sustrato en los ecosistemas acu\u00e1ticos, e incluye cianobacterias (algas verde-azules), algunas algas micro y macrosc\u00f3picas, adem\u00e1s de varios grupos de embriofitas acu\u00e1ticas.<\/p><p class=\"p1\">La finalidad de este manual es involucrar a los alumnos con informaci\u00f3n b\u00e1sica de la diversidad de macrofitas, reconociendo en los grupos biol\u00f3gicos sus caracter\u00edsticas diagn\u00f3sticas. Es por ello, que se abordan ocho pr\u00e1cticas las cuales enfrentan los grupos fitobent\u00f3nicos representativos en los ambientes acu\u00e1ticos de M\u00e9xico.<\/p><p class=\"p1\">Este manual de pr\u00e1cticas puede ser utilizado en la parte pr\u00e1ctica de las UEA Fitobentos y Diversidad Biol\u00f3gica I de la licenciatura de Hidrobiolog\u00eda y en Biolog\u00eda de Plantas 1 de la licenciatura de Biolog\u00eda de la UAMI.<\/p><\/div><\/div>\t\t\t\t\t\t\t\t<\/div>\n\t\t\t\t<\/div>\n\t\t\t\t\t<\/div>\n\t\t<\/div>\n\t\t\t\t\t<\/div>\n\t\t<\/section>\n\t\t\t\t<\/div>\n\t\t","protected":false},"excerpt":{"rendered":"<p>Fitobentos Descargar PDF Ver en flipbook Dentro del gran grupo de eucariontes fotosint\u00e9ticos est\u00e1n agrupados un conjunto de organismos, de naturaleza muy diversa, que comparten numerosas semejanzas en su organizaci\u00f3n morfol\u00f3gica y funcional, procesos reproductivos, ambientes e intervalos de distribuci\u00f3n, resultado de convergencias a lo largo de su compleja historia evolutiva. Actualmente, las nuevas clasificaciones [&hellip;]<\/p>\n","protected":false},"author":1,"featured_media":0,"parent":0,"menu_order":0,"comment_status":"closed","ping_status":"closed","template":"elementor_header_footer","meta":{"footnotes":""},"class_list":["post-196","page","type-page","status-publish","hentry"],"_links":{"self":[{"href":"https:\/\/ceu2.izt.uam.mx\/librosUAMI\/index.php\/wp-json\/wp\/v2\/pages\/196","targetHints":{"allow":["GET"]}}],"collection":[{"href":"https:\/\/ceu2.izt.uam.mx\/librosUAMI\/index.php\/wp-json\/wp\/v2\/pages"}],"about":[{"href":"https:\/\/ceu2.izt.uam.mx\/librosUAMI\/index.php\/wp-json\/wp\/v2\/types\/page"}],"author":[{"embeddable":true,"href":"https:\/\/ceu2.izt.uam.mx\/librosUAMI\/index.php\/wp-json\/wp\/v2\/users\/1"}],"replies":[{"embeddable":true,"href":"https:\/\/ceu2.izt.uam.mx\/librosUAMI\/index.php\/wp-json\/wp\/v2\/comments?post=196"}],"version-history":[{"count":10,"href":"https:\/\/ceu2.izt.uam.mx\/librosUAMI\/index.php\/wp-json\/wp\/v2\/pages\/196\/revisions"}],"predecessor-version":[{"id":1135,"href":"https:\/\/ceu2.izt.uam.mx\/librosUAMI\/index.php\/wp-json\/wp\/v2\/pages\/196\/revisions\/1135"}],"wp:attachment":[{"href":"https:\/\/ceu2.izt.uam.mx\/librosUAMI\/index.php\/wp-json\/wp\/v2\/media?parent=196"}],"curies":[{"name":"wp","href":"https:\/\/api.w.org\/{rel}","templated":true}]}}