{"id":153,"date":"2024-07-02T21:06:26","date_gmt":"2024-07-02T21:06:26","guid":{"rendered":"https:\/\/ceu2.izt.uam.mx\/librosUAMI\/?page_id=153"},"modified":"2025-05-22T19:23:09","modified_gmt":"2025-05-22T19:23:09","slug":"sinopsis-aceites","status":"publish","type":"page","link":"https:\/\/ceu2.izt.uam.mx\/librosUAMI\/index.php\/sinopsis-aceites\/","title":{"rendered":"Sinopsis de Aceites Esenciales en Plantas Medicinales"},"content":{"rendered":"\t\t<div data-elementor-type=\"wp-page\" data-elementor-id=\"153\" class=\"elementor elementor-153\" data-elementor-post-type=\"page\">\n\t\t\t\t\t\t<section class=\"elementor-section elementor-top-section elementor-element elementor-element-6a2c067 elementor-section-boxed elementor-section-height-default elementor-section-height-default jltma-glass-effect-no\" data-id=\"6a2c067\" data-element_type=\"section\" data-settings=\"{&quot;background_background&quot;:&quot;classic&quot;,&quot;shape_divider_bottom&quot;:&quot;mountains&quot;}\">\n\t\t\t\t\t<div class=\"elementor-shape elementor-shape-bottom\" aria-hidden=\"true\" data-negative=\"false\">\n\t\t\t<svg xmlns=\"http:\/\/www.w3.org\/2000\/svg\" viewBox=\"0 0 1000 100\" preserveAspectRatio=\"none\">\n\t<path class=\"elementor-shape-fill\" opacity=\"0.33\" d=\"M473,67.3c-203.9,88.3-263.1-34-320.3,0C66,119.1,0,59.7,0,59.7V0h1000v59.7 c0,0-62.1,26.1-94.9,29.3c-32.8,3.3-62.8-12.3-75.8-22.1C806,49.6,745.3,8.7,694.9,4.7S492.4,59,473,67.3z\"\/>\n\t<path class=\"elementor-shape-fill\" opacity=\"0.66\" d=\"M734,67.3c-45.5,0-77.2-23.2-129.1-39.1c-28.6-8.7-150.3-10.1-254,39.1 s-91.7-34.4-149.2,0C115.7,118.3,0,39.8,0,39.8V0h1000v36.5c0,0-28.2-18.5-92.1-18.5C810.2,18.1,775.7,67.3,734,67.3z\"\/>\n\t<path class=\"elementor-shape-fill\" d=\"M766.1,28.9c-200-57.5-266,65.5-395.1,19.5C242,1.8,242,5.4,184.8,20.6C128,35.8,132.3,44.9,89.9,52.5C28.6,63.7,0,0,0,0 h1000c0,0-9.9,40.9-83.6,48.1S829.6,47,766.1,28.9z\"\/>\n<\/svg>\t\t<\/div>\n\t\t\t\t\t<div class=\"elementor-container elementor-column-gap-default\">\n\t\t\t\t\t<div class=\"elementor-column elementor-col-100 elementor-top-column elementor-element elementor-element-ded3b37 jltma-glass-effect-no\" data-id=\"ded3b37\" data-element_type=\"column\">\n\t\t\t<div class=\"elementor-widget-wrap elementor-element-populated\">\n\t\t\t\t\t\t<div class=\"elementor-element elementor-element-a3d1194 jltma-glass-effect-no elementor-widget elementor-widget-spacer\" data-id=\"a3d1194\" data-element_type=\"widget\" data-widget_type=\"spacer.default\">\n\t\t\t\t<div class=\"elementor-widget-container\">\n\t\t\t\t\t\t\t<div class=\"elementor-spacer\">\n\t\t\t<div class=\"elementor-spacer-inner\"><\/div>\n\t\t<\/div>\n\t\t\t\t\t\t<\/div>\n\t\t\t\t<\/div>\n\t\t\t\t\t<\/div>\n\t\t<\/div>\n\t\t\t\t\t<\/div>\n\t\t<\/section>\n\t\t\t\t<section class=\"elementor-section elementor-top-section elementor-element elementor-element-e2dfed3 elementor-section-boxed elementor-section-height-default elementor-section-height-default jltma-glass-effect-no\" data-id=\"e2dfed3\" data-element_type=\"section\">\n\t\t\t\t\t\t<div class=\"elementor-container elementor-column-gap-default\">\n\t\t\t\t\t<div class=\"elementor-column elementor-col-50 elementor-top-column elementor-element elementor-element-56f0d3b jltma-glass-effect-no\" data-id=\"56f0d3b\" data-element_type=\"column\">\n\t\t\t<div class=\"elementor-widget-wrap elementor-element-populated\">\n\t\t\t\t\t\t<div class=\"elementor-element elementor-element-a3957fc jltma-glass-effect-no elementor-widget elementor-widget-spacer\" data-id=\"a3957fc\" data-element_type=\"widget\" data-widget_type=\"spacer.default\">\n\t\t\t\t<div class=\"elementor-widget-container\">\n\t\t\t\t\t\t\t<div class=\"elementor-spacer\">\n\t\t\t<div class=\"elementor-spacer-inner\"><\/div>\n\t\t<\/div>\n\t\t\t\t\t\t<\/div>\n\t\t\t\t<\/div>\n\t\t\t\t<div class=\"elementor-element elementor-element-1cca240 jltma-glass-effect-no elementor-widget elementor-widget-heading\" data-id=\"1cca240\" data-element_type=\"widget\" data-widget_type=\"heading.default\">\n\t\t\t\t<div class=\"elementor-widget-container\">\n\t\t\t\t\t<h2 class=\"elementor-heading-title elementor-size-default\">Sinopsis de Aceites Esenciales en Plantas Medicinales<\/h2>\t\t\t\t<\/div>\n\t\t\t\t<\/div>\n\t\t\t\t\t<\/div>\n\t\t<\/div>\n\t\t\t\t<div class=\"elementor-column elementor-col-50 elementor-top-column elementor-element elementor-element-c9029e2 jltma-glass-effect-no\" data-id=\"c9029e2\" data-element_type=\"column\">\n\t\t\t<div class=\"elementor-widget-wrap\">\n\t\t\t\t\t\t\t<\/div>\n\t\t<\/div>\n\t\t\t\t\t<\/div>\n\t\t<\/section>\n\t\t\t\t<section class=\"elementor-section elementor-top-section elementor-element elementor-element-6a7abde elementor-section-boxed elementor-section-height-default elementor-section-height-default jltma-glass-effect-no\" data-id=\"6a7abde\" data-element_type=\"section\">\n\t\t\t\t\t\t<div class=\"elementor-container elementor-column-gap-default\">\n\t\t\t\t\t<div class=\"elementor-column elementor-col-50 elementor-top-column elementor-element elementor-element-d3cbcbe jltma-glass-effect-no\" data-id=\"d3cbcbe\" data-element_type=\"column\">\n\t\t\t<div class=\"elementor-widget-wrap elementor-element-populated\">\n\t\t\t\t\t\t<div class=\"elementor-element elementor-element-edcfbf6 jltma-glass-effect-no elementor-widget elementor-widget-image\" data-id=\"edcfbf6\" data-element_type=\"widget\" data-widget_type=\"image.default\">\n\t\t\t\t<div class=\"elementor-widget-container\">\n\t\t\t\t\t\t\t\t\t\t\t\t\t\t\t\t<a href=\"http:\/\/ceu2.izt.uam.mx\/librosUAMI\/wp-content\/uploads\/2024\/07\/portada-aceites.png\" data-elementor-open-lightbox=\"yes\" data-elementor-lightbox-title=\"portada aceites\" data-e-action-hash=\"#elementor-action%3Aaction%3Dlightbox%26settings%3DeyJpZCI6MTUyLCJ1cmwiOiJodHRwczpcL1wvY2V1Mi5penQudWFtLm14XC9saWJyb3NVQU1JXC93cC1jb250ZW50XC91cGxvYWRzXC8yMDI0XC8wN1wvcG9ydGFkYS1hY2VpdGVzLnBuZyJ9\">\n\t\t\t\t\t\t\t<img fetchpriority=\"high\" decoding=\"async\" width=\"640\" height=\"834\" src=\"https:\/\/ceu2.izt.uam.mx\/librosUAMI\/wp-content\/uploads\/2024\/07\/portada-aceites-786x1024.png\" class=\"attachment-large size-large wp-image-152\" alt=\"\" srcset=\"https:\/\/ceu2.izt.uam.mx\/librosUAMI\/wp-content\/uploads\/2024\/07\/portada-aceites-786x1024.png 786w, https:\/\/ceu2.izt.uam.mx\/librosUAMI\/wp-content\/uploads\/2024\/07\/portada-aceites-230x300.png 230w, https:\/\/ceu2.izt.uam.mx\/librosUAMI\/wp-content\/uploads\/2024\/07\/portada-aceites-768x1000.png 768w, https:\/\/ceu2.izt.uam.mx\/librosUAMI\/wp-content\/uploads\/2024\/07\/portada-aceites-1179x1536.png 1179w, https:\/\/ceu2.izt.uam.mx\/librosUAMI\/wp-content\/uploads\/2024\/07\/portada-aceites-1572x2048.png 1572w\" sizes=\"(max-width: 640px) 100vw, 640px\" \/>\t\t\t\t\t\t\t\t<\/a>\n\t\t\t\t\t\t\t\t\t\t\t\t\t\t\t<\/div>\n\t\t\t\t<\/div>\n\t\t\t\t<div class=\"elementor-element elementor-element-3cdd000 elementor-align-center jltma-glass-effect-no elementor-widget elementor-widget-button\" data-id=\"3cdd000\" data-element_type=\"widget\" data-widget_type=\"button.default\">\n\t\t\t\t<div class=\"elementor-widget-container\">\n\t\t\t\t\t\t\t\t\t<div class=\"elementor-button-wrapper\">\n\t\t\t\t\t<a class=\"elementor-button elementor-button-link elementor-size-sm\" href=\"http:\/\/ceu2.izt.uam.mx\/librosUAMI\/wp-content\/uploads\/2024\/07\/Plantas-DIGITAL.pdf\" target=\"_blank\">\n\t\t\t\t\t\t<span class=\"elementor-button-content-wrapper\">\n\t\t\t\t\t\t\t\t\t<span class=\"elementor-button-text\">Descargar PDF<\/span>\n\t\t\t\t\t<\/span>\n\t\t\t\t\t<\/a>\n\t\t\t\t<\/div>\n\t\t\t\t\t\t\t\t<\/div>\n\t\t\t\t<\/div>\n\t\t\t\t<div class=\"elementor-element elementor-element-8714aaf elementor-align-center jltma-glass-effect-no elementor-widget elementor-widget-button\" data-id=\"8714aaf\" data-element_type=\"widget\" data-widget_type=\"button.default\">\n\t\t\t\t<div class=\"elementor-widget-container\">\n\t\t\t\t\t\t\t\t\t<div class=\"elementor-button-wrapper\">\n\t\t\t\t\t<a class=\"elementor-button elementor-button-link elementor-size-sm\" href=\"https:\/\/ceu2.izt.uam.mx\/librosUAMI\/index.php\/3d-flip-book\/sinopsis-de-aceites-esenciales-en-plantas-medicinales\/\" target=\"_blank\">\n\t\t\t\t\t\t<span class=\"elementor-button-content-wrapper\">\n\t\t\t\t\t\t\t\t\t<span class=\"elementor-button-text\">Ver en flipbook<\/span>\n\t\t\t\t\t<\/span>\n\t\t\t\t\t<\/a>\n\t\t\t\t<\/div>\n\t\t\t\t\t\t\t\t<\/div>\n\t\t\t\t<\/div>\n\t\t\t\t<div class=\"elementor-element elementor-element-d808863 elementor-author-box--layout-image-above elementor-author-box--align-center jltma-glass-effect-no elementor-widget elementor-widget-author-box\" data-id=\"d808863\" data-element_type=\"widget\" data-widget_type=\"author-box.default\">\n\t\t\t\t<div class=\"elementor-widget-container\">\n\t\t\t\t\t\t\t<div class=\"elementor-author-box\">\n\t\t\t\n\t\t\t<div class=\"elementor-author-box__text\">\n\t\t\t\t\t\t\t\t\t<div >\n\t\t\t\t\t\t<h1 class=\"elementor-author-box__name\">\n\t\t\t\t\t\t\tJos\u00e9 Mar\u00eda Adolfo Barba Ch\u00e1vez\t\t\t\t\t\t<\/h1>\n\t\t\t\t\t<\/div>\n\t\t\t\t\n\t\t\t\t\t\t\t\t\t<div class=\"elementor-author-box__bio\">\n\t\t\t\t\t\t<p>Profesor-Investigador de la Divisi\u00f3n de Ciencias Biol\u00f3gicas y de la Salud<\/p>\n\t\t\t\t\t<\/div>\n\t\t\t\t\n\t\t\t\t\t\t\t<\/div>\n\t\t<\/div>\n\t\t\t\t\t\t<\/div>\n\t\t\t\t<\/div>\n\t\t\t\t\t<\/div>\n\t\t<\/div>\n\t\t\t\t<div class=\"elementor-column elementor-col-50 elementor-top-column elementor-element elementor-element-569ca23 jltma-glass-effect-no\" data-id=\"569ca23\" data-element_type=\"column\">\n\t\t\t<div class=\"elementor-widget-wrap elementor-element-populated\">\n\t\t\t\t\t\t<div class=\"elementor-element elementor-element-bb6b822 jltma-glass-effect-no elementor-widget elementor-widget-text-editor\" data-id=\"bb6b822\" data-element_type=\"widget\" data-widget_type=\"text-editor.default\">\n\t\t\t\t<div class=\"elementor-widget-container\">\n\t\t\t\t\t\t\t\t\t<div class=\"page\" title=\"Page 9\"><div class=\"layoutArea\"><div class=\"column\"><p class=\"p1\">El an\u00e1lisis de las plantas en su contexto general no se agota, ya que s\u00f3lo un bajo porcentaje de \u00e9stas se ha estudiado fitoqu\u00edmicamente. El desarrollo evolutivo en el conocimiento del contenido de metabolitos secundarios de las plantas, es tan sorprendente que muchos qu\u00edmicos han sintetizado una amplia gama de compuestos para el consumo humano, ya sea como medicamento o su aplicaci\u00f3n en muchos productos diferentes como: cosmetolog\u00eda, aromatizante, saborizante, atrayente o repelente en muy diversas presentaciones como cremas, jabones, lociones, etc.<\/p><p class=\"p1\">\u00a0 \u00a0El prop\u00f3sito de esta obra es ofrecer una revisi\u00f3n parcial de literatura af\u00edn al tema considerada como b\u00e1sica para investigadores y estudiantes, interesados en la fitoqu\u00edmica y el aislamiento de compuestos con actividad biol\u00f3gica. Tomando en cuenta este creciente inter\u00e9s, se pretende a trav\u00e9s de esta obra, poner al alcance algunos conocimientos complementarios sobre plantas medicinales, bas\u00e1ndose en los trabajos de autores especializados que han aplicado m\u00e9todos cient\u00edficos a su estudio.<\/p><p class=\"p1\">\u00a0 \u00a0La obra presenta ocho cap\u00edtulos. El cap\u00edtulo uno trata una breve historia de las plantas medicinales. El siguiente cap\u00edtulo presenta la qu\u00edmica de los aceites esenciales considerados compuestos insaponificables como los terpenos y esteroles estos presentan caracter\u00edsticas de terpenoides, no vol\u00e1tiles. Dichos compuestos tambi\u00e9n son importantes. Un tema interesante en el cap\u00edtulo tres, trata la forma de c\u00f3mo percibimos los olores o aromas y la diferencia de \u00e9stos. El cap\u00edtulo cuatro est\u00e1 estructurado por la revisi\u00f3n de varios libros y revistas especializadas, explica la estructura y funcionamiento de los organismos vegetales, adem\u00e1s presenta el origen y ensayo de algunas plantas con sus propiedades usos y aplicaciones. Para cada una de estas plantas se denotan las f\u00f3rmulas de los principales compuestos qu\u00edmicos y un procedimiento de an\u00e1lisis por cromatograf\u00eda de capa fina interesante en estudios de qu\u00edmica y biolog\u00eda.<\/p><p class=\"p1\">\u00a0 \u00a0Los criterios de selecci\u00f3n de las plantas que aqu\u00ed se describen, fueron principalmente por su contenido de aceites esenciales que oscila entre el 0.3 y 4% de \u00e9stos en la planta, aunado al inter\u00e9s en recopilar y presentar esquem\u00e1ticamente la mayor\u00eda de las estructuras qu\u00edmicas de importancia, que presenta cada una de las plantas escogidas; que si bien y aunque se conocen en muchos estados y regiones en nuestro pa\u00eds, no todas son plantas mexicanas. Aunque se menciona la actividad en la fitoterapia de sus aplicaciones, se debe tener cuidado, ya que el uso indicado en la mayor\u00eda de los casos constituye solamente una referencia del empleo popular, sin implicaci\u00f3n cient\u00edfica comprobada. Este tema puede ser de mucho inter\u00e9s tanto para bi\u00f3logos y\/o agr\u00f3nomos, como para qu\u00edmicos y m\u00e9dicos, en especial puede ofrecer una buena fuente de informaci\u00f3n confiable al tema para diversos alumnos de estudios superiores. El cap\u00edtulo cinco, involucra un tema poco conocido como es el estudio de compuestos vol\u00e1tiles con presencia de azufre y\/o nitr\u00f3geno. El cap\u00edtulo seis presenta datos econ\u00f3micos b\u00e1sicos que se aplican en la obtenci\u00f3n de aceites y su aplicaci\u00f3n para la elaboraci\u00f3n de otros productos. Un cap\u00edtulo interesante es el siete, donde se presentan los procedimientos de extracci\u00f3n, separaci\u00f3n y purificaci\u00f3n de estos metabolitos. Por \u00faltimo, el cap\u00edtulo final presenta una descripci\u00f3n del estudio espectroscopia y espectrometr\u00eda que se sigue en los metabolitos secundarios para elucidar su estructura qu\u00edmica, tales como HPLC, UV, RMN, Masas y Raman, copilando una informaci\u00f3n importante y que puede servir de referencia a muchos estudiantes tanto de licenciatura como de posgrado.<\/p><p class=\"p1\">\u00a0 \u00a0Este texto presenta el inicio de una serie de temas sobre estudios de principios activos; su importancia, extracci\u00f3n, identificaci\u00f3n, aplicaci\u00f3n y usos que posteriormente se presentaran algunos otros, sobre los que se basan los estudios de los productos naturales, como son, por mencionar algunos: alcaloides, flavonoides, quinonas, terpenoides y esteroides, como los m\u00e1s representativos.<\/p><\/div><\/div><\/div>\t\t\t\t\t\t\t\t<\/div>\n\t\t\t\t<\/div>\n\t\t\t\t\t<\/div>\n\t\t<\/div>\n\t\t\t\t\t<\/div>\n\t\t<\/section>\n\t\t\t\t<\/div>\n\t\t","protected":false},"excerpt":{"rendered":"<p>Sinopsis de Aceites Esenciales en Plantas Medicinales Descargar PDF Ver en flipbook El an\u00e1lisis de las plantas en su contexto general no se agota, ya que s\u00f3lo un bajo porcentaje de \u00e9stas se ha estudiado fitoqu\u00edmicamente. El desarrollo evolutivo en el conocimiento del contenido de metabolitos secundarios de las plantas, es tan sorprendente que muchos [&hellip;]<\/p>\n","protected":false},"author":1,"featured_media":0,"parent":0,"menu_order":0,"comment_status":"closed","ping_status":"closed","template":"elementor_header_footer","meta":{"footnotes":""},"class_list":["post-153","page","type-page","status-publish","hentry"],"_links":{"self":[{"href":"https:\/\/ceu2.izt.uam.mx\/librosUAMI\/index.php\/wp-json\/wp\/v2\/pages\/153","targetHints":{"allow":["GET"]}}],"collection":[{"href":"https:\/\/ceu2.izt.uam.mx\/librosUAMI\/index.php\/wp-json\/wp\/v2\/pages"}],"about":[{"href":"https:\/\/ceu2.izt.uam.mx\/librosUAMI\/index.php\/wp-json\/wp\/v2\/types\/page"}],"author":[{"embeddable":true,"href":"https:\/\/ceu2.izt.uam.mx\/librosUAMI\/index.php\/wp-json\/wp\/v2\/users\/1"}],"replies":[{"embeddable":true,"href":"https:\/\/ceu2.izt.uam.mx\/librosUAMI\/index.php\/wp-json\/wp\/v2\/comments?post=153"}],"version-history":[{"count":22,"href":"https:\/\/ceu2.izt.uam.mx\/librosUAMI\/index.php\/wp-json\/wp\/v2\/pages\/153\/revisions"}],"predecessor-version":[{"id":1205,"href":"https:\/\/ceu2.izt.uam.mx\/librosUAMI\/index.php\/wp-json\/wp\/v2\/pages\/153\/revisions\/1205"}],"wp:attachment":[{"href":"https:\/\/ceu2.izt.uam.mx\/librosUAMI\/index.php\/wp-json\/wp\/v2\/media?parent=153"}],"curies":[{"name":"wp","href":"https:\/\/api.w.org\/{rel}","templated":true}]}}