{"id":3056,"date":"2021-01-19T16:29:45","date_gmt":"2021-01-19T22:29:45","guid":{"rendered":"http:\/\/ceu2.izt.uam.mx\/?page_id=3056"},"modified":"2021-02-01T23:52:07","modified_gmt":"2021-02-02T05:52:07","slug":"lumen","status":"publish","type":"page","link":"https:\/\/ceu2.izt.uam.mx\/index.php\/secciones\/divulgacion\/proyectos\/radio\/lumen\/","title":{"rendered":"Lumen"},"content":{"rendered":"\t\t<div data-elementor-type=\"wp-page\" data-elementor-id=\"3056\" class=\"elementor elementor-3056\" data-elementor-post-type=\"page\">\n\t\t\t\t\t\t<section class=\"elementor-section elementor-top-section elementor-element elementor-element-1fe4f854 elementor-section-boxed elementor-section-height-default elementor-section-height-default\" data-id=\"1fe4f854\" data-element_type=\"section\" data-e-type=\"section\" data-settings=\"{&quot;background_background&quot;:&quot;classic&quot;}\">\n\t\t\t\t\t\t<div class=\"elementor-container elementor-column-gap-default\">\n\t\t\t\t\t<div class=\"elementor-column elementor-col-33 elementor-top-column elementor-element elementor-element-6c730510\" data-id=\"6c730510\" data-element_type=\"column\" data-e-type=\"column\">\n\t\t\t<div class=\"elementor-widget-wrap elementor-element-populated\">\n\t\t\t\t\t\t<div class=\"elementor-element elementor-element-108ac992 elementor-nav-menu__align-start elementor-nav-menu--dropdown-mobile elementor-nav-menu__text-align-aside elementor-widget elementor-widget-nav-menu\" data-id=\"108ac992\" data-element_type=\"widget\" data-e-type=\"widget\" data-settings=\"{&quot;layout&quot;:&quot;horizontal&quot;,&quot;submenu_icon&quot;:{&quot;value&quot;:&quot;&lt;svg aria-hidden=\\&quot;true\\&quot; class=\\&quot;e-font-icon-svg e-fas-caret-down\\&quot; viewBox=\\&quot;0 0 320 512\\&quot; xmlns=\\&quot;http:\\\/\\\/www.w3.org\\\/2000\\\/svg\\&quot;&gt;&lt;path d=\\&quot;M31.3 192h257.3c17.8 0 26.7 21.5 14.1 34.1L174.1 354.8c-7.8 7.8-20.5 7.8-28.3 0L17.2 226.1C4.6 213.5 13.5 192 31.3 192z\\&quot;&gt;&lt;\\\/path&gt;&lt;\\\/svg&gt;&quot;,&quot;library&quot;:&quot;fa-solid&quot;}}\" data-widget_type=\"nav-menu.default\">\n\t\t\t\t<div class=\"elementor-widget-container\">\n\t\t\t\t\t\t\t\t<nav aria-label=\"Menu\" class=\"elementor-nav-menu--main elementor-nav-menu__container elementor-nav-menu--layout-horizontal e--pointer-background e--animation-fade\">\n\t\t\t\t<ul id=\"menu-1-108ac992\" class=\"elementor-nav-menu\"><li class=\"menu-item menu-item-type-post_type menu-item-object-page menu-item-home menu-item-14379\"><a href=\"https:\/\/ceu2.izt.uam.mx\/\" class=\"elementor-item\">Inicio<\/a><\/li>\n<li class=\"menu-item menu-item-type-post_type menu-item-object-page menu-item-has-children menu-item-14380\"><a href=\"https:\/\/ceu2.izt.uam.mx\/index.php\/secciones\/\" class=\"elementor-item\">Secciones<\/a>\n<ul class=\"sub-menu elementor-nav-menu--dropdown\">\n\t<li class=\"menu-item menu-item-type-post_type menu-item-object-page menu-item-14387\"><a href=\"https:\/\/ceu2.izt.uam.mx\/index.php\/secciones\/centro-cultural-casa-de-las-bombas\/\" class=\"elementor-sub-item\">Centro Cultural &#8220;Casa de las Bombas&#8221;<\/a><\/li>\n\t<li class=\"menu-item menu-item-type-post_type menu-item-object-page menu-item-14385\"><a href=\"https:\/\/ceu2.izt.uam.mx\/index.php\/secciones\/actividades-culturales\/\" class=\"elementor-sub-item\">Secci\u00f3n de Actividades Culturales<\/a><\/li>\n\t<li class=\"menu-item menu-item-type-post_type menu-item-object-page menu-item-14381\"><a href=\"https:\/\/ceu2.izt.uam.mx\/index.php\/secciones\/difusion\/\" class=\"elementor-sub-item\">Secci\u00f3n de Difusi\u00f3n<\/a><\/li>\n\t<li class=\"menu-item menu-item-type-post_type menu-item-object-page menu-item-14382\"><a href=\"https:\/\/ceu2.izt.uam.mx\/index.php\/secciones\/impresiones\/\" class=\"elementor-sub-item\">Secci\u00f3n de Impresiones y Dise\u00f1o Gr\u00e1fico<\/a><\/li>\n\t<li class=\"menu-item menu-item-type-post_type menu-item-object-page menu-item-14386\"><a href=\"https:\/\/ceu2.izt.uam.mx\/index.php\/secciones\/libreria\/\" class=\"elementor-sub-item\">Secci\u00f3n de Librer\u00eda<\/a><\/li>\n\t<li class=\"menu-item menu-item-type-post_type menu-item-object-page menu-item-14383\"><a href=\"https:\/\/ceu2.izt.uam.mx\/index.php\/secciones\/proed\/\" class=\"elementor-sub-item\">Secci\u00f3n de Producci\u00f3n Editorial<\/a><\/li>\n\t<li class=\"menu-item menu-item-type-post_type menu-item-object-page menu-item-14384\"><a href=\"https:\/\/ceu2.izt.uam.mx\/index.php\/secciones\/audiovisuales\/\" class=\"elementor-sub-item\">Secci\u00f3n de Recursos Audiovisuales<\/a><\/li>\n\t<li class=\"menu-item menu-item-type-post_type menu-item-object-page menu-item-14388\"><a href=\"https:\/\/ceu2.izt.uam.mx\/index.php\/secciones\/promocion\/\" class=\"elementor-sub-item\">Oficina de Promoci\u00f3n y Distribuci\u00f3n Editorial<\/a><\/li>\n\t<li class=\"menu-item menu-item-type-post_type menu-item-object-page menu-item-has-children menu-item-14389\"><a href=\"https:\/\/ceu2.izt.uam.mx\/index.php\/secciones\/enlaces\/\" class=\"elementor-sub-item\">Oficina de Enlaces y Eventos Universitarios<\/a>\n\t<ul class=\"sub-menu elementor-nav-menu--dropdown\">\n\t\t<li class=\"menu-item menu-item-type-post_type menu-item-object-page menu-item-14930\"><a href=\"https:\/\/ceu2.izt.uam.mx\/index.php\/secciones\/enlaces\/servicios-oeeu\/eventos-universitarios\/\" class=\"elementor-sub-item\">Eventos Universitarios<\/a><\/li>\n\t\t<li class=\"menu-item menu-item-type-post_type menu-item-object-page menu-item-has-children menu-item-14931\"><a href=\"https:\/\/ceu2.izt.uam.mx\/index.php\/secciones\/enlaces\/servicios-oeeu\/promocion-universitaria\/aspirantes-uami\/\" class=\"elementor-sub-item\">Aspirantes UAM Iztapalapa<\/a>\n\t\t<ul class=\"sub-menu elementor-nav-menu--dropdown\">\n\t\t\t<li class=\"menu-item menu-item-type-post_type menu-item-object-page menu-item-has-children menu-item-14932\"><a href=\"https:\/\/ceu2.izt.uam.mx\/index.php\/secciones\/enlaces\/servicios-oeeu\/promocion-universitaria\/aspirantes-uami\/oferta-educativa\/\" class=\"elementor-sub-item\">Oferta Educativa<\/a>\n\t\t\t<ul class=\"sub-menu elementor-nav-menu--dropdown\">\n\t\t\t\t<li class=\"menu-item menu-item-type-post_type menu-item-object-page menu-item-14935\"><a href=\"https:\/\/ceu2.izt.uam.mx\/index.php\/secciones\/enlaces\/servicios-oeeu\/promocion-universitaria\/aspirantes-uami\/oferta-educativa\/licenciaturas-cbi\/\" class=\"elementor-sub-item\">Licenciaturas CBI<\/a><\/li>\n\t\t\t\t<li class=\"menu-item menu-item-type-post_type menu-item-object-page menu-item-14934\"><a href=\"https:\/\/ceu2.izt.uam.mx\/index.php\/secciones\/enlaces\/servicios-oeeu\/promocion-universitaria\/aspirantes-uami\/oferta-educativa\/licenciaturas-cbs\/\" class=\"elementor-sub-item\">Licenciaturas CBS<\/a><\/li>\n\t\t\t\t<li class=\"menu-item menu-item-type-post_type menu-item-object-page menu-item-14933\"><a href=\"https:\/\/ceu2.izt.uam.mx\/index.php\/secciones\/enlaces\/servicios-oeeu\/promocion-universitaria\/aspirantes-uami\/oferta-educativa\/licenciaturas-csh\/\" class=\"elementor-sub-item\">Licenciaturas CSH<\/a><\/li>\n\t\t\t<\/ul>\n<\/li>\n\t\t<\/ul>\n<\/li>\n\t\t<li class=\"menu-item menu-item-type-post_type menu-item-object-page menu-item-14936\"><a href=\"https:\/\/ceu2.izt.uam.mx\/index.php\/secciones\/enlaces\/servicios-oeeu\/promocion-universitaria\/aspirantes-uami\/servicios-universitarios\/\" class=\"elementor-sub-item\">Servicios Universitarios<\/a><\/li>\n\t<\/ul>\n<\/li>\n<\/ul>\n<\/li>\n<\/ul>\t\t\t<\/nav>\n\t\t\t\t\t\t<nav class=\"elementor-nav-menu--dropdown elementor-nav-menu__container\" aria-hidden=\"true\">\n\t\t\t\t<ul id=\"menu-2-108ac992\" class=\"elementor-nav-menu\"><li class=\"menu-item menu-item-type-post_type menu-item-object-page menu-item-home menu-item-14379\"><a href=\"https:\/\/ceu2.izt.uam.mx\/\" class=\"elementor-item\" tabindex=\"-1\">Inicio<\/a><\/li>\n<li class=\"menu-item menu-item-type-post_type menu-item-object-page menu-item-has-children menu-item-14380\"><a href=\"https:\/\/ceu2.izt.uam.mx\/index.php\/secciones\/\" class=\"elementor-item\" tabindex=\"-1\">Secciones<\/a>\n<ul class=\"sub-menu elementor-nav-menu--dropdown\">\n\t<li class=\"menu-item menu-item-type-post_type menu-item-object-page menu-item-14387\"><a href=\"https:\/\/ceu2.izt.uam.mx\/index.php\/secciones\/centro-cultural-casa-de-las-bombas\/\" class=\"elementor-sub-item\" tabindex=\"-1\">Centro Cultural &#8220;Casa de las Bombas&#8221;<\/a><\/li>\n\t<li class=\"menu-item menu-item-type-post_type menu-item-object-page menu-item-14385\"><a href=\"https:\/\/ceu2.izt.uam.mx\/index.php\/secciones\/actividades-culturales\/\" class=\"elementor-sub-item\" tabindex=\"-1\">Secci\u00f3n de Actividades Culturales<\/a><\/li>\n\t<li class=\"menu-item menu-item-type-post_type menu-item-object-page menu-item-14381\"><a href=\"https:\/\/ceu2.izt.uam.mx\/index.php\/secciones\/difusion\/\" class=\"elementor-sub-item\" tabindex=\"-1\">Secci\u00f3n de Difusi\u00f3n<\/a><\/li>\n\t<li class=\"menu-item menu-item-type-post_type menu-item-object-page menu-item-14382\"><a href=\"https:\/\/ceu2.izt.uam.mx\/index.php\/secciones\/impresiones\/\" class=\"elementor-sub-item\" tabindex=\"-1\">Secci\u00f3n de Impresiones y Dise\u00f1o Gr\u00e1fico<\/a><\/li>\n\t<li class=\"menu-item menu-item-type-post_type menu-item-object-page menu-item-14386\"><a href=\"https:\/\/ceu2.izt.uam.mx\/index.php\/secciones\/libreria\/\" class=\"elementor-sub-item\" tabindex=\"-1\">Secci\u00f3n de Librer\u00eda<\/a><\/li>\n\t<li class=\"menu-item menu-item-type-post_type menu-item-object-page menu-item-14383\"><a href=\"https:\/\/ceu2.izt.uam.mx\/index.php\/secciones\/proed\/\" class=\"elementor-sub-item\" tabindex=\"-1\">Secci\u00f3n de Producci\u00f3n Editorial<\/a><\/li>\n\t<li class=\"menu-item menu-item-type-post_type menu-item-object-page menu-item-14384\"><a href=\"https:\/\/ceu2.izt.uam.mx\/index.php\/secciones\/audiovisuales\/\" class=\"elementor-sub-item\" tabindex=\"-1\">Secci\u00f3n de Recursos Audiovisuales<\/a><\/li>\n\t<li class=\"menu-item menu-item-type-post_type menu-item-object-page menu-item-14388\"><a href=\"https:\/\/ceu2.izt.uam.mx\/index.php\/secciones\/promocion\/\" class=\"elementor-sub-item\" tabindex=\"-1\">Oficina de Promoci\u00f3n y Distribuci\u00f3n Editorial<\/a><\/li>\n\t<li class=\"menu-item menu-item-type-post_type menu-item-object-page menu-item-has-children menu-item-14389\"><a href=\"https:\/\/ceu2.izt.uam.mx\/index.php\/secciones\/enlaces\/\" class=\"elementor-sub-item\" tabindex=\"-1\">Oficina de Enlaces y Eventos Universitarios<\/a>\n\t<ul class=\"sub-menu elementor-nav-menu--dropdown\">\n\t\t<li class=\"menu-item menu-item-type-post_type menu-item-object-page menu-item-14930\"><a href=\"https:\/\/ceu2.izt.uam.mx\/index.php\/secciones\/enlaces\/servicios-oeeu\/eventos-universitarios\/\" class=\"elementor-sub-item\" tabindex=\"-1\">Eventos Universitarios<\/a><\/li>\n\t\t<li class=\"menu-item menu-item-type-post_type menu-item-object-page menu-item-has-children menu-item-14931\"><a href=\"https:\/\/ceu2.izt.uam.mx\/index.php\/secciones\/enlaces\/servicios-oeeu\/promocion-universitaria\/aspirantes-uami\/\" class=\"elementor-sub-item\" tabindex=\"-1\">Aspirantes UAM Iztapalapa<\/a>\n\t\t<ul class=\"sub-menu elementor-nav-menu--dropdown\">\n\t\t\t<li class=\"menu-item menu-item-type-post_type menu-item-object-page menu-item-has-children menu-item-14932\"><a href=\"https:\/\/ceu2.izt.uam.mx\/index.php\/secciones\/enlaces\/servicios-oeeu\/promocion-universitaria\/aspirantes-uami\/oferta-educativa\/\" class=\"elementor-sub-item\" tabindex=\"-1\">Oferta Educativa<\/a>\n\t\t\t<ul class=\"sub-menu elementor-nav-menu--dropdown\">\n\t\t\t\t<li class=\"menu-item menu-item-type-post_type menu-item-object-page menu-item-14935\"><a href=\"https:\/\/ceu2.izt.uam.mx\/index.php\/secciones\/enlaces\/servicios-oeeu\/promocion-universitaria\/aspirantes-uami\/oferta-educativa\/licenciaturas-cbi\/\" class=\"elementor-sub-item\" tabindex=\"-1\">Licenciaturas CBI<\/a><\/li>\n\t\t\t\t<li class=\"menu-item menu-item-type-post_type menu-item-object-page menu-item-14934\"><a href=\"https:\/\/ceu2.izt.uam.mx\/index.php\/secciones\/enlaces\/servicios-oeeu\/promocion-universitaria\/aspirantes-uami\/oferta-educativa\/licenciaturas-cbs\/\" class=\"elementor-sub-item\" tabindex=\"-1\">Licenciaturas CBS<\/a><\/li>\n\t\t\t\t<li class=\"menu-item menu-item-type-post_type menu-item-object-page menu-item-14933\"><a href=\"https:\/\/ceu2.izt.uam.mx\/index.php\/secciones\/enlaces\/servicios-oeeu\/promocion-universitaria\/aspirantes-uami\/oferta-educativa\/licenciaturas-csh\/\" class=\"elementor-sub-item\" tabindex=\"-1\">Licenciaturas CSH<\/a><\/li>\n\t\t\t<\/ul>\n<\/li>\n\t\t<\/ul>\n<\/li>\n\t\t<li class=\"menu-item menu-item-type-post_type menu-item-object-page menu-item-14936\"><a href=\"https:\/\/ceu2.izt.uam.mx\/index.php\/secciones\/enlaces\/servicios-oeeu\/promocion-universitaria\/aspirantes-uami\/servicios-universitarios\/\" class=\"elementor-sub-item\" tabindex=\"-1\">Servicios Universitarios<\/a><\/li>\n\t<\/ul>\n<\/li>\n<\/ul>\n<\/li>\n<\/ul>\t\t\t<\/nav>\n\t\t\t\t\t\t<\/div>\n\t\t\t\t<\/div>\n\t\t\t\t\t<\/div>\n\t\t<\/div>\n\t\t\t\t<div class=\"elementor-column elementor-col-33 elementor-top-column elementor-element elementor-element-4f6f7944\" data-id=\"4f6f7944\" data-element_type=\"column\" data-e-type=\"column\">\n\t\t\t<div class=\"elementor-widget-wrap elementor-element-populated\">\n\t\t\t\t\t\t<div class=\"elementor-element elementor-element-4a642e2c e-grid-align-left elementor-shape-rounded elementor-grid-0 elementor-widget elementor-widget-social-icons\" data-id=\"4a642e2c\" data-element_type=\"widget\" data-e-type=\"widget\" data-widget_type=\"social-icons.default\">\n\t\t\t\t<div class=\"elementor-widget-container\">\n\t\t\t\t\t\t\t<div class=\"elementor-social-icons-wrapper elementor-grid\" role=\"list\">\n\t\t\t\t\t\t\t<span class=\"elementor-grid-item\" role=\"listitem\">\n\t\t\t\t\t<a class=\"elementor-icon elementor-social-icon elementor-social-icon-facebook elementor-animation-pop elementor-repeater-item-47dd433\" href=\"https:\/\/www.facebook.com\/extensionuniversitariauami\" target=\"_blank\">\n\t\t\t\t\t\t<span class=\"elementor-screen-only\">Facebook<\/span>\n\t\t\t\t\t\t<svg aria-hidden=\"true\" class=\"e-font-icon-svg e-fab-facebook\" viewBox=\"0 0 512 512\" xmlns=\"http:\/\/www.w3.org\/2000\/svg\"><path d=\"M504 256C504 119 393 8 256 8S8 119 8 256c0 123.78 90.69 226.38 209.25 245V327.69h-63V256h63v-54.64c0-62.15 37-96.48 93.67-96.48 27.14 0 55.52 4.84 55.52 4.84v61h-31.28c-30.8 0-40.41 19.12-40.41 38.73V256h68.78l-11 71.69h-57.78V501C413.31 482.38 504 379.78 504 256z\"><\/path><\/svg>\t\t\t\t\t<\/a>\n\t\t\t\t<\/span>\n\t\t\t\t\t\t\t<span class=\"elementor-grid-item\" role=\"listitem\">\n\t\t\t\t\t<a class=\"elementor-icon elementor-social-icon elementor-social-icon-twitter elementor-animation-pop elementor-repeater-item-7acae90\" href=\"https:\/\/twitter.com\/Extension_UAMI\" target=\"_blank\">\n\t\t\t\t\t\t<span class=\"elementor-screen-only\">Twitter<\/span>\n\t\t\t\t\t\t<svg aria-hidden=\"true\" class=\"e-font-icon-svg e-fab-twitter\" viewBox=\"0 0 512 512\" xmlns=\"http:\/\/www.w3.org\/2000\/svg\"><path d=\"M459.37 151.716c.325 4.548.325 9.097.325 13.645 0 138.72-105.583 298.558-298.558 298.558-59.452 0-114.68-17.219-161.137-47.106 8.447.974 16.568 1.299 25.34 1.299 49.055 0 94.213-16.568 130.274-44.832-46.132-.975-84.792-31.188-98.112-72.772 6.498.974 12.995 1.624 19.818 1.624 9.421 0 18.843-1.3 27.614-3.573-48.081-9.747-84.143-51.98-84.143-102.985v-1.299c13.969 7.797 30.214 12.67 47.431 13.319-28.264-18.843-46.781-51.005-46.781-87.391 0-19.492 5.197-37.36 14.294-52.954 51.655 63.675 129.3 105.258 216.365 109.807-1.624-7.797-2.599-15.918-2.599-24.04 0-57.828 46.782-104.934 104.934-104.934 30.213 0 57.502 12.67 76.67 33.137 23.715-4.548 46.456-13.32 66.599-25.34-7.798 24.366-24.366 44.833-46.132 57.827 21.117-2.273 41.584-8.122 60.426-16.243-14.292 20.791-32.161 39.308-52.628 54.253z\"><\/path><\/svg>\t\t\t\t\t<\/a>\n\t\t\t\t<\/span>\n\t\t\t\t\t\t\t<span class=\"elementor-grid-item\" role=\"listitem\">\n\t\t\t\t\t<a class=\"elementor-icon elementor-social-icon elementor-social-icon-youtube elementor-animation-pop elementor-repeater-item-d115499\" href=\"https:\/\/www.youtube.com\/channel\/UCZAX22gWr6B7gL3sIAKuRUA\" target=\"_blank\">\n\t\t\t\t\t\t<span class=\"elementor-screen-only\">Youtube<\/span>\n\t\t\t\t\t\t<svg aria-hidden=\"true\" class=\"e-font-icon-svg e-fab-youtube\" viewBox=\"0 0 576 512\" xmlns=\"http:\/\/www.w3.org\/2000\/svg\"><path d=\"M549.655 124.083c-6.281-23.65-24.787-42.276-48.284-48.597C458.781 64 288 64 288 64S117.22 64 74.629 75.486c-23.497 6.322-42.003 24.947-48.284 48.597-11.412 42.867-11.412 132.305-11.412 132.305s0 89.438 11.412 132.305c6.281 23.65 24.787 41.5 48.284 47.821C117.22 448 288 448 288 448s170.78 0 213.371-11.486c23.497-6.321 42.003-24.171 48.284-47.821 11.412-42.867 11.412-132.305 11.412-132.305s0-89.438-11.412-132.305zm-317.51 213.508V175.185l142.739 81.205-142.739 81.201z\"><\/path><\/svg>\t\t\t\t\t<\/a>\n\t\t\t\t<\/span>\n\t\t\t\t\t<\/div>\n\t\t\t\t\t\t<\/div>\n\t\t\t\t<\/div>\n\t\t\t\t\t<\/div>\n\t\t<\/div>\n\t\t\t\t<div class=\"elementor-column elementor-col-33 elementor-top-column elementor-element elementor-element-38479ab\" data-id=\"38479ab\" data-element_type=\"column\" data-e-type=\"column\">\n\t\t\t<div class=\"elementor-widget-wrap elementor-element-populated\">\n\t\t\t\t\t\t<div class=\"elementor-element elementor-element-6db5fb54 elementor-search-form--skin-classic elementor-search-form--button-type-icon elementor-widget elementor-widget-search-form\" data-id=\"6db5fb54\" data-element_type=\"widget\" data-e-type=\"widget\" data-settings=\"{&quot;skin&quot;:&quot;classic&quot;}\" data-widget_type=\"search-form.default\">\n\t\t\t\t<div class=\"elementor-widget-container\">\n\t\t\t\t\t\t\t<search role=\"search\">\n\t\t\t<form class=\"elementor-search-form\" action=\"https:\/\/ceu2.izt.uam.mx\" method=\"get\">\n\t\t\t\t\t\t\t\t\t\t\t\t<div class=\"elementor-search-form__container\">\n\t\t\t\t\t<label class=\"elementor-screen-only\" for=\"elementor-search-form-6db5fb54\">Search<\/label>\n\n\t\t\t\t\t\n\t\t\t\t\t<input id=\"elementor-search-form-6db5fb54\" placeholder=\"Buscar...\" class=\"elementor-search-form__input\" type=\"search\" name=\"s\" value=\"\">\n\t\t\t\t\t\n\t\t\t\t\t\t\t\t\t\t\t<button class=\"elementor-search-form__submit\" type=\"submit\" aria-label=\"Search\">\n\t\t\t\t\t\t\t\t\t\t\t\t\t\t\t<div class=\"e-font-icon-svg-container\"><svg class=\"fa fa-search e-font-icon-svg e-fas-search\" viewBox=\"0 0 512 512\" xmlns=\"http:\/\/www.w3.org\/2000\/svg\"><path d=\"M505 442.7L405.3 343c-4.5-4.5-10.6-7-17-7H372c27.6-35.3 44-79.7 44-128C416 93.1 322.9 0 208 0S0 93.1 0 208s93.1 208 208 208c48.3 0 92.7-16.4 128-44v16.3c0 6.4 2.5 12.5 7 17l99.7 99.7c9.4 9.4 24.6 9.4 33.9 0l28.3-28.3c9.4-9.4 9.4-24.6.1-34zM208 336c-70.7 0-128-57.2-128-128 0-70.7 57.2-128 128-128 70.7 0 128 57.2 128 128 0 70.7-57.2 128-128 128z\"><\/path><\/svg><\/div>\t\t\t\t\t\t\t\t\t\t\t\t\t<\/button>\n\t\t\t\t\t\n\t\t\t\t\t\t\t\t\t<\/div>\n\t\t\t<\/form>\n\t\t<\/search>\n\t\t\t\t\t\t<\/div>\n\t\t\t\t<\/div>\n\t\t\t\t\t<\/div>\n\t\t<\/div>\n\t\t\t\t\t<\/div>\n\t\t<\/section>\n\t\t\t\t<section class=\"elementor-section elementor-top-section elementor-element elementor-element-b321bfb elementor-section-boxed elementor-section-height-default elementor-section-height-default\" data-id=\"b321bfb\" data-element_type=\"section\" data-e-type=\"section\">\n\t\t\t\t\t\t<div class=\"elementor-container elementor-column-gap-default\">\n\t\t\t\t\t<div class=\"elementor-column elementor-col-100 elementor-top-column elementor-element elementor-element-707f223\" data-id=\"707f223\" data-element_type=\"column\" data-e-type=\"column\">\n\t\t\t<div class=\"elementor-widget-wrap elementor-element-populated\">\n\t\t\t\t\t\t<div class=\"elementor-element elementor-element-e4d7cd4 elementor-widget elementor-widget-heading\" data-id=\"e4d7cd4\" data-element_type=\"widget\" data-e-type=\"widget\" data-widget_type=\"heading.default\">\n\t\t\t\t<div class=\"elementor-widget-container\">\n\t\t\t\t\t<h2 class=\"elementor-heading-title elementor-size-default\">Oficina de Divulgaci\u00f3n de la Ciencia y las Humanidades<\/h2>\t\t\t\t<\/div>\n\t\t\t\t<\/div>\n\t\t\t\t\t<\/div>\n\t\t<\/div>\n\t\t\t\t\t<\/div>\n\t\t<\/section>\n\t\t\t\t<section class=\"elementor-section elementor-top-section elementor-element elementor-element-bff3354 elementor-section-boxed elementor-section-height-default elementor-section-height-default\" data-id=\"bff3354\" data-element_type=\"section\" data-e-type=\"section\">\n\t\t\t\t\t\t<div class=\"elementor-container elementor-column-gap-default\">\n\t\t\t\t\t<div class=\"elementor-column elementor-col-100 elementor-top-column elementor-element elementor-element-d9b6b25\" data-id=\"d9b6b25\" data-element_type=\"column\" data-e-type=\"column\">\n\t\t\t<div class=\"elementor-widget-wrap elementor-element-populated\">\n\t\t\t\t\t\t<div class=\"elementor-element elementor-element-170ddf1 elementor-widget elementor-widget-heading\" data-id=\"170ddf1\" data-element_type=\"widget\" data-e-type=\"widget\" data-widget_type=\"heading.default\">\n\t\t\t\t<div class=\"elementor-widget-container\">\n\t\t\t\t\t<h2 class=\"elementor-heading-title elementor-size-default\">Radio \/ Lumen<\/h2>\t\t\t\t<\/div>\n\t\t\t\t<\/div>\n\t\t\t\t\t<\/div>\n\t\t<\/div>\n\t\t\t\t\t<\/div>\n\t\t<\/section>\n\t\t\t\t<section class=\"elementor-section elementor-top-section elementor-element elementor-element-035685b elementor-section-boxed elementor-section-height-default elementor-section-height-default\" data-id=\"035685b\" data-element_type=\"section\" data-e-type=\"section\">\n\t\t\t\t\t\t<div class=\"elementor-container elementor-column-gap-default\">\n\t\t\t\t\t<div class=\"elementor-column elementor-col-66 elementor-top-column elementor-element elementor-element-9bed8e0\" data-id=\"9bed8e0\" data-element_type=\"column\" data-e-type=\"column\">\n\t\t\t<div class=\"elementor-widget-wrap elementor-element-populated\">\n\t\t\t\t\t\t<div class=\"elementor-element elementor-element-6555108 elementor-widget elementor-widget-image\" data-id=\"6555108\" data-element_type=\"widget\" data-e-type=\"widget\" data-widget_type=\"image.default\">\n\t\t\t\t<div class=\"elementor-widget-container\">\n\t\t\t\t\t\t\t\t\t\t\t\t\t\t\t<img decoding=\"async\" width=\"348\" height=\"124\" src=\"https:\/\/ceu2.izt.uam.mx\/wp-content\/uploads\/2021\/02\/logo-lumen.png\" class=\"attachment-large size-large wp-image-3971\" alt=\"\" srcset=\"https:\/\/ceu2.izt.uam.mx\/wp-content\/uploads\/2021\/02\/logo-lumen.png 348w, https:\/\/ceu2.izt.uam.mx\/wp-content\/uploads\/2021\/02\/logo-lumen-300x107.png 300w\" sizes=\"(max-width: 348px) 100vw, 348px\" \/>\t\t\t\t\t\t\t\t\t\t\t\t\t\t\t<\/div>\n\t\t\t\t<\/div>\n\t\t\t\t\t<\/div>\n\t\t<\/div>\n\t\t\t\t<div class=\"elementor-column elementor-col-33 elementor-top-column elementor-element elementor-element-b77110b\" data-id=\"b77110b\" data-element_type=\"column\" data-e-type=\"column\">\n\t\t\t<div class=\"elementor-widget-wrap\">\n\t\t\t\t\t\t\t<\/div>\n\t\t<\/div>\n\t\t\t\t\t<\/div>\n\t\t<\/section>\n\t\t\t\t<section class=\"elementor-section elementor-top-section elementor-element elementor-element-884909c elementor-section-boxed elementor-section-height-default elementor-section-height-default\" data-id=\"884909c\" data-element_type=\"section\" data-e-type=\"section\">\n\t\t\t\t\t\t<div class=\"elementor-container elementor-column-gap-default\">\n\t\t\t\t\t<div class=\"elementor-column elementor-col-100 elementor-top-column elementor-element elementor-element-f1555e3\" data-id=\"f1555e3\" data-element_type=\"column\" data-e-type=\"column\">\n\t\t\t<div class=\"elementor-widget-wrap elementor-element-populated\">\n\t\t\t\t\t\t<div class=\"elementor-element elementor-element-8edff1e elementor-widget elementor-widget-text-editor\" data-id=\"8edff1e\" data-element_type=\"widget\" data-e-type=\"widget\" data-widget_type=\"text-editor.default\">\n\t\t\t\t<div class=\"elementor-widget-container\">\n\t\t\t\t\t\t\t\t\t<p><em><strong>Lumen. Personajes y hechos que le han dado luz a la f\u00edsica<\/strong><\/em><\/p><p>En este programa corto de 15 minutos, el Dr. Eliezaer Braun Guitler, investigador reconocido como Profesor Distinguido en la UAM, nos narra de manera divertida los sucesos en la historia de f\u00edsica, desde Galileo Galilei hasta Albert Ainstein.<\/p><p>Escucha los audios aqu\u00ed: <span style=\"color: #0000ff;\"><a style=\"color: #0000ff;\" href=\"http:\/\/www.feriacienciasuami.com\/lumen\/audios.html\">http:\/\/www.feriacienciasuami.com\/lumen\/audios.html<\/a><\/span><\/p>\t\t\t\t\t\t\t\t<\/div>\n\t\t\t\t<\/div>\n\t\t\t\t\t<\/div>\n\t\t<\/div>\n\t\t\t\t\t<\/div>\n\t\t<\/section>\n\t\t\t\t<\/div>\n\t\t","protected":false},"excerpt":{"rendered":"<p>Facebook Twitter Youtube Oficina de Divulgaci\u00f3n de la Ciencia y las Humanidades Radio \/ Lumen Lumen. Personajes y hechos que le han dado luz a la f\u00edsica En este programa corto de 15 minutos, el Dr. Eliezaer Braun Guitler, investigador reconocido como Profesor Distinguido en la UAM, nos narra de manera divertida los sucesos en [&hellip;]<\/p>\n","protected":false},"author":1,"featured_media":0,"parent":3038,"menu_order":5,"comment_status":"closed","ping_status":"closed","template":"elementor_header_footer","meta":{"footnotes":""},"class_list":["post-3056","page","type-page","status-publish","hentry","eq-blocks"],"_links":{"self":[{"href":"https:\/\/ceu2.izt.uam.mx\/index.php\/wp-json\/wp\/v2\/pages\/3056","targetHints":{"allow":["GET"]}}],"collection":[{"href":"https:\/\/ceu2.izt.uam.mx\/index.php\/wp-json\/wp\/v2\/pages"}],"about":[{"href":"https:\/\/ceu2.izt.uam.mx\/index.php\/wp-json\/wp\/v2\/types\/page"}],"author":[{"embeddable":true,"href":"https:\/\/ceu2.izt.uam.mx\/index.php\/wp-json\/wp\/v2\/users\/1"}],"replies":[{"embeddable":true,"href":"https:\/\/ceu2.izt.uam.mx\/index.php\/wp-json\/wp\/v2\/comments?post=3056"}],"version-history":[{"count":16,"href":"https:\/\/ceu2.izt.uam.mx\/index.php\/wp-json\/wp\/v2\/pages\/3056\/revisions"}],"predecessor-version":[{"id":3978,"href":"https:\/\/ceu2.izt.uam.mx\/index.php\/wp-json\/wp\/v2\/pages\/3056\/revisions\/3978"}],"up":[{"embeddable":true,"href":"https:\/\/ceu2.izt.uam.mx\/index.php\/wp-json\/wp\/v2\/pages\/3038"}],"wp:attachment":[{"href":"https:\/\/ceu2.izt.uam.mx\/index.php\/wp-json\/wp\/v2\/media?parent=3056"}],"curies":[{"name":"wp","href":"https:\/\/api.w.org\/{rel}","templated":true}]}}