{"id":13553,"date":"2024-03-19T12:54:56","date_gmt":"2024-03-19T18:54:56","guid":{"rendered":"http:\/\/ceu2.izt.uam.mx\/?page_id=13553"},"modified":"2024-03-25T13:09:11","modified_gmt":"2024-03-25T19:09:11","slug":"ceeecilxxii-cuento","status":"publish","type":"page","link":"https:\/\/ceu2.izt.uam.mx\/index.php\/ceeecilxxii-cuento\/","title":{"rendered":"CEEECIL XXII &#8211; Concurso de Cuento"},"content":{"rendered":"\t\t<div data-elementor-type=\"wp-page\" data-elementor-id=\"13553\" class=\"elementor elementor-13553\" data-elementor-post-type=\"page\">\n\t\t\t\t<div class=\"elementor-element elementor-element-68e67ec e-flex e-con-boxed e-con e-parent\" data-id=\"68e67ec\" data-element_type=\"container\" data-e-type=\"container\" data-settings=\"{&quot;background_background&quot;:&quot;classic&quot;}\">\n\t\t\t\t\t<div class=\"e-con-inner\">\n\t\t\t\t<div class=\"elementor-element elementor-element-b6b11ef elementor-widget elementor-widget-spacer\" data-id=\"b6b11ef\" data-element_type=\"widget\" data-e-type=\"widget\" data-widget_type=\"spacer.default\">\n\t\t\t\t<div class=\"elementor-widget-container\">\n\t\t\t\t\t\t\t<div class=\"elementor-spacer\">\n\t\t\t<div class=\"elementor-spacer-inner\"><\/div>\n\t\t<\/div>\n\t\t\t\t\t\t<\/div>\n\t\t\t\t<\/div>\n\t\t\t\t\t<\/div>\n\t\t\t\t<\/div>\n\t\t<div class=\"elementor-element elementor-element-ce10b07 elementor-hidden-desktop elementor-hidden-tablet e-flex e-con-boxed e-con e-parent\" data-id=\"ce10b07\" data-element_type=\"container\" data-e-type=\"container\" data-settings=\"{&quot;background_background&quot;:&quot;classic&quot;}\">\n\t\t\t\t\t<div class=\"e-con-inner\">\n\t\t\t\t<div class=\"elementor-element elementor-element-ac529b4 elementor-widget elementor-widget-image\" data-id=\"ac529b4\" data-element_type=\"widget\" data-e-type=\"widget\" data-widget_type=\"image.default\">\n\t\t\t\t<div class=\"elementor-widget-container\">\n\t\t\t\t\t\t\t\t\t\t\t\t\t\t\t<img decoding=\"async\" src=\"https:\/\/ceu2.izt.uam.mx\/wp-content\/uploads\/elementor\/thumbs\/logo-50-calado-blanco-copy-qler11ak95r5acpaa3islrvhreketf4bmnotwz97t8.png\" title=\"logo 50 calado blanco copy\" alt=\"logo 50 calado blanco copy\" loading=\"lazy\" \/>\t\t\t\t\t\t\t\t\t\t\t\t\t\t\t<\/div>\n\t\t\t\t<\/div>\n\t\t\t\t<div class=\"elementor-element elementor-element-04bb1f4 elementor-widget elementor-widget-image\" data-id=\"04bb1f4\" data-element_type=\"widget\" data-e-type=\"widget\" data-widget_type=\"image.default\">\n\t\t\t\t<div class=\"elementor-widget-container\">\n\t\t\t\t\t\t\t\t\t\t\t\t\t\t\t<img decoding=\"async\" src=\"https:\/\/ceu2.izt.uam.mx\/wp-content\/uploads\/elementor\/thumbs\/letras-logo-calado-qlgegtxxmjqwetcigdhsv9yphjjpy274ryzoz0ie26.png\" title=\"letras-logo-calado\" alt=\"letras-logo-calado\" loading=\"lazy\" \/>\t\t\t\t\t\t\t\t\t\t\t\t\t\t\t<\/div>\n\t\t\t\t<\/div>\n\t\t\t\t\t<\/div>\n\t\t\t\t<\/div>\n\t\t<div class=\"elementor-element elementor-element-cd40b52 elementor-hidden-mobile e-flex e-con-boxed e-con e-parent\" data-id=\"cd40b52\" data-element_type=\"container\" data-e-type=\"container\" data-settings=\"{&quot;background_background&quot;:&quot;classic&quot;}\">\n\t\t\t\t\t<div class=\"e-con-inner\">\n\t\t<div class=\"elementor-element elementor-element-dc61cf1 e-con-full e-flex e-con e-child\" data-id=\"dc61cf1\" data-element_type=\"container\" data-e-type=\"container\">\n\t\t\t\t<div class=\"elementor-element elementor-element-42d5b8d elementor-widget elementor-widget-image\" data-id=\"42d5b8d\" data-element_type=\"widget\" data-e-type=\"widget\" data-widget_type=\"image.default\">\n\t\t\t\t<div class=\"elementor-widget-container\">\n\t\t\t\t\t\t\t\t\t\t\t\t\t\t\t<img decoding=\"async\" src=\"https:\/\/ceu2.izt.uam.mx\/wp-content\/uploads\/elementor\/thumbs\/logo-50-calado-blanco-copy-qler11al3uw93c9wc31w41zc7ullzizhxh1ysw0sr0.png\" title=\"logo 50 calado blanco copy\" alt=\"logo 50 calado blanco copy\" loading=\"lazy\" \/>\t\t\t\t\t\t\t\t\t\t\t\t\t\t\t<\/div>\n\t\t\t\t<\/div>\n\t\t\t\t<\/div>\n\t\t<div class=\"elementor-element elementor-element-ee714df e-con-full e-flex e-con e-child\" data-id=\"ee714df\" data-element_type=\"container\" data-e-type=\"container\">\n\t\t\t\t<\/div>\n\t\t<div class=\"elementor-element elementor-element-e33ba9a e-con-full e-flex e-con e-child\" data-id=\"e33ba9a\" data-element_type=\"container\" data-e-type=\"container\">\n\t\t\t\t<div class=\"elementor-element elementor-element-38cb7c3 elementor-widget elementor-widget-image\" data-id=\"38cb7c3\" data-element_type=\"widget\" data-e-type=\"widget\" data-widget_type=\"image.default\">\n\t\t\t\t<div class=\"elementor-widget-container\">\n\t\t\t\t\t\t\t\t\t\t\t\t\t\t\t<img fetchpriority=\"high\" decoding=\"async\" width=\"640\" height=\"139\" src=\"https:\/\/ceu2.izt.uam.mx\/wp-content\/uploads\/2024\/03\/letras-logo-calado-1024x222.png\" class=\"attachment-large size-large wp-image-13585\" alt=\"\" srcset=\"https:\/\/ceu2.izt.uam.mx\/wp-content\/uploads\/2024\/03\/letras-logo-calado-1024x222.png 1024w, https:\/\/ceu2.izt.uam.mx\/wp-content\/uploads\/2024\/03\/letras-logo-calado-300x65.png 300w, https:\/\/ceu2.izt.uam.mx\/wp-content\/uploads\/2024\/03\/letras-logo-calado-768x166.png 768w, https:\/\/ceu2.izt.uam.mx\/wp-content\/uploads\/2024\/03\/letras-logo-calado-1536x333.png 1536w, https:\/\/ceu2.izt.uam.mx\/wp-content\/uploads\/2024\/03\/letras-logo-calado-2048x444.png 2048w\" sizes=\"(max-width: 640px) 100vw, 640px\" \/>\t\t\t\t\t\t\t\t\t\t\t\t\t\t\t<\/div>\n\t\t\t\t<\/div>\n\t\t\t\t<\/div>\n\t\t\t\t\t<\/div>\n\t\t\t\t<\/div>\n\t\t<div class=\"elementor-element elementor-element-0490872 e-flex e-con-boxed e-con e-parent\" data-id=\"0490872\" data-element_type=\"container\" data-e-type=\"container\" data-settings=\"{&quot;background_background&quot;:&quot;classic&quot;}\">\n\t\t\t\t\t<div class=\"e-con-inner\">\n\t\t<div class=\"elementor-element elementor-element-7552586 e-con-full e-flex e-con e-child\" data-id=\"7552586\" data-element_type=\"container\" data-e-type=\"container\">\n\t\t\t\t<\/div>\n\t\t<div class=\"elementor-element elementor-element-da99095 e-con-full e-flex e-con e-child\" data-id=\"da99095\" data-element_type=\"container\" data-e-type=\"container\">\n\t\t\t\t<div class=\"elementor-element elementor-element-c83ed8b elementor-widget elementor-widget-image\" data-id=\"c83ed8b\" data-element_type=\"widget\" data-e-type=\"widget\" data-widget_type=\"image.default\">\n\t\t\t\t<div class=\"elementor-widget-container\">\n\t\t\t\t\t\t\t\t\t\t\t\t\t\t\t<img decoding=\"async\" width=\"272\" height=\"300\" src=\"https:\/\/ceu2.izt.uam.mx\/wp-content\/uploads\/2024\/03\/logo-animado3-272x300.gif\" class=\"attachment-medium size-medium wp-image-13397\" alt=\"\" \/>\t\t\t\t\t\t\t\t\t\t\t\t\t\t\t<\/div>\n\t\t\t\t<\/div>\n\t\t\t\t<\/div>\n\t\t<div class=\"elementor-element elementor-element-1d5e536 e-con-full e-flex e-con e-child\" data-id=\"1d5e536\" data-element_type=\"container\" data-e-type=\"container\">\n\t\t\t\t<div class=\"elementor-element elementor-element-95e1be1 elementor-widget elementor-widget-image\" data-id=\"95e1be1\" data-element_type=\"widget\" data-e-type=\"widget\" data-widget_type=\"image.default\">\n\t\t\t\t<div class=\"elementor-widget-container\">\n\t\t\t\t\t\t\t\t\t\t\t\t<figure class=\"wp-caption\">\n\t\t\t\t\t\t\t\t\t\t\t<a href=\"https:\/\/ceu2.izt.uam.mx\/wp-content\/uploads\/2024\/03\/concurso-cuento-copy.pdf\" target=\"_blank\">\n\t\t\t\t\t\t\t<img decoding=\"async\" width=\"400\" height=\"400\" src=\"https:\/\/ceu2.izt.uam.mx\/wp-content\/uploads\/2024\/03\/concurso-cuento-copy.png\" class=\"attachment-large size-large wp-image-13705\" alt=\"\" srcset=\"https:\/\/ceu2.izt.uam.mx\/wp-content\/uploads\/2024\/03\/concurso-cuento-copy.png 400w, https:\/\/ceu2.izt.uam.mx\/wp-content\/uploads\/2024\/03\/concurso-cuento-copy-300x300.png 300w, https:\/\/ceu2.izt.uam.mx\/wp-content\/uploads\/2024\/03\/concurso-cuento-copy-150x150.png 150w\" sizes=\"(max-width: 400px) 100vw, 400px\" \/>\t\t\t\t\t\t\t\t<\/a>\n\t\t\t\t\t\t\t\t\t\t\t<figcaption class=\"widget-image-caption wp-caption-text\">CONVOCATORIA EN PDF<\/figcaption>\n\t\t\t\t\t\t\t\t\t\t<\/figure>\n\t\t\t\t\t\t\t\t\t<\/div>\n\t\t\t\t<\/div>\n\t\t\t\t<\/div>\n\t\t\t\t\t<\/div>\n\t\t\t\t<\/div>\n\t\t<div class=\"elementor-element elementor-element-175a927 e-con-full e-flex e-con e-parent\" data-id=\"175a927\" data-element_type=\"container\" data-e-type=\"container\" data-settings=\"{&quot;background_background&quot;:&quot;classic&quot;}\">\n\t\t<div class=\"elementor-element elementor-element-793029a e-flex e-con-boxed e-con e-child\" data-id=\"793029a\" data-element_type=\"container\" data-e-type=\"container\" data-settings=\"{&quot;background_background&quot;:&quot;classic&quot;}\">\n\t\t\t\t\t<div class=\"e-con-inner\">\n\t\t\t\t<div class=\"elementor-element elementor-element-058c9ea elementor-widget elementor-widget-spacer\" data-id=\"058c9ea\" data-element_type=\"widget\" data-e-type=\"widget\" data-widget_type=\"spacer.default\">\n\t\t\t\t<div class=\"elementor-widget-container\">\n\t\t\t\t\t\t\t<div class=\"elementor-spacer\">\n\t\t\t<div class=\"elementor-spacer-inner\"><\/div>\n\t\t<\/div>\n\t\t\t\t\t\t<\/div>\n\t\t\t\t<\/div>\n\t\t\t\t<div class=\"elementor-element elementor-element-4e5ea1d elementor-widget elementor-widget-heading\" data-id=\"4e5ea1d\" data-element_type=\"widget\" data-e-type=\"widget\" data-widget_type=\"heading.default\">\n\t\t\t\t<div class=\"elementor-widget-container\">\n\t\t\t\t\t<h2 class=\"elementor-heading-title elementor-size-default\">Concurso de Cuento<\/h2>\t\t\t\t<\/div>\n\t\t\t\t<\/div>\n\t\t\t\t<div class=\"elementor-element elementor-element-57dc746 elementor-widget elementor-widget-text-editor\" data-id=\"57dc746\" data-element_type=\"widget\" data-e-type=\"widget\" data-widget_type=\"text-editor.default\">\n\t\t\t\t<div class=\"elementor-widget-container\">\n\t\t\t\t\t\t\t\t\t<p><strong><span class=\"s2\">BASES:<\/span><\/strong><\/p><div class=\"s10\"><span class=\"s8\">\u2022 <\/span><span class=\"s2\">Podr\u00e1 participar cualquier persona <\/span><span class=\"s2\">interesada en la escritura y residente <\/span><span class=\"s2\">en el territorio nacional<\/span><span class=\"s2\">.<\/span><\/div><div class=\"s10\"><span class=\"s8\">\u2022 <\/span><span class=\"s2\">S\u00f3lo se<\/span><span class=\"s2\"> admitir\u00e1n textos en espa\u00f1ol. <\/span><\/div><div class=\"s10\"><span class=\"s8\">\u2022 <\/span><span class=\"s2\">Los cuentos deber\u00e1n corresponder a los temas del <\/span><span class=\"s2\">C<\/span><span class=\"s2\">ongreso con un m\u00ednimo de 3 cuartillas y un m\u00e1ximo de 5. <\/span><\/div><div class=\"s10\"><span class=\"s8\">\u2022 <\/span><span class=\"s2\">Las obras deber\u00e1n presentarse en formato PDF con fuente Times New Roman a 12 puntos, interlineado doble y texto justificado (en caso de que no requiera otros criterios). <\/span><\/div><p>\u00a0<\/p><p><strong><span class=\"s2\">RECEPCI\u00d3N:<\/span><\/strong><\/p><div class=\"s13\"><span class=\"s8\">\u2022 <\/span><span class=\"s2\">La presente convocatoria estar\u00e1 abierta a partir de su publicaci\u00f3n.<\/span><\/div><div class=\"s13\"><span class=\"s8\">\u2022 <\/span><span class=\"s2\">El plazo para la recepci\u00f3n de trabajos concluir\u00e1 el 30 de abril de 2024. <\/span><\/div><div class=\"s13\"><span class=\"s8\">\u2022 <\/span><span class=\"s2\">Los interesados deber\u00e1n enviar sus escritos al correo <\/span><span style=\"text-decoration: underline; color: #3366ff;\"><a style=\"color: #3366ff;\" href=\"mailto:ceeeciluami@gmail.com\"><span class=\"s12\">ceeeciluami@gmail.com<\/span><\/a><\/span> <span class=\"s2\">con los siguientes datos en el cuerpo del mensaje: nombre completo y n\u00famero de tel\u00e9fono.<\/span><\/div><div class=\"s13\"><span class=\"s8\">\u2022 <\/span><span class=\"s2\">El archivo se nombrar\u00e1 con base en el siguiente modelo: cuento_t\u00edtulo (ejemplo: cuento_el paraiso de los unicornios grises).<\/span><\/div><p>\u00a0<\/p><p><strong><span class=\"s2\">PREMIACI\u00d3N:<br \/><\/span><\/strong><span class=\"s2\">Los ganadores se dar\u00e1n a conocer durante la semana del Congreso y posteriormente ser\u00e1n publicados en nuestras redes sociales. <\/span><\/p><p><span class=\"s2\"><strong>Primer lugar:<\/strong> Un paquete de libros, un art\u00edculo oficial del Congreso (taza o playera) y lectura vocalizada. <\/span><\/p><p><span class=\"s2\"><strong>Segundo lugar:<\/strong> Un paquete de libros y lectura vocalizada. <\/span><\/p><p><span class=\"s2\"><strong>Tercer lugar:<\/strong> un libro a elegir y lectura vocalizada.<\/span><\/p>\t\t\t\t\t\t\t\t<\/div>\n\t\t\t\t<\/div>\n\t\t\t\t<div class=\"elementor-element elementor-element-2559f56 elementor-widget elementor-widget-spacer\" data-id=\"2559f56\" data-element_type=\"widget\" data-e-type=\"widget\" data-widget_type=\"spacer.default\">\n\t\t\t\t<div class=\"elementor-widget-container\">\n\t\t\t\t\t\t\t<div class=\"elementor-spacer\">\n\t\t\t<div class=\"elementor-spacer-inner\"><\/div>\n\t\t<\/div>\n\t\t\t\t\t\t<\/div>\n\t\t\t\t<\/div>\n\t\t\t\t\t<\/div>\n\t\t\t\t<\/div>\n\t\t\t\t<\/div>\n\t\t<div class=\"elementor-element elementor-element-3f73a38 e-flex e-con-boxed e-con e-parent\" data-id=\"3f73a38\" data-element_type=\"container\" data-e-type=\"container\" data-settings=\"{&quot;background_background&quot;:&quot;classic&quot;}\">\n\t\t\t\t\t<div class=\"e-con-inner\">\n\t\t\t\t<div class=\"elementor-element elementor-element-d375571 elementor-widget elementor-widget-spacer\" data-id=\"d375571\" data-element_type=\"widget\" data-e-type=\"widget\" data-widget_type=\"spacer.default\">\n\t\t\t\t<div class=\"elementor-widget-container\">\n\t\t\t\t\t\t\t<div class=\"elementor-spacer\">\n\t\t\t<div class=\"elementor-spacer-inner\"><\/div>\n\t\t<\/div>\n\t\t\t\t\t\t<\/div>\n\t\t\t\t<\/div>\n\t\t\t\t<div class=\"elementor-element elementor-element-43a9fb5 elementor-widget elementor-widget-heading\" data-id=\"43a9fb5\" data-element_type=\"widget\" data-e-type=\"widget\" data-widget_type=\"heading.default\">\n\t\t\t\t<div class=\"elementor-widget-container\">\n\t\t\t\t\t<h3 class=\"elementor-heading-title elementor-size-default\">S\u00edguenos en:<\/h3>\t\t\t\t<\/div>\n\t\t\t\t<\/div>\n\t\t\t\t<div class=\"elementor-element elementor-element-7cde45d elementor-shape-rounded elementor-grid-0 e-grid-align-center elementor-widget elementor-widget-social-icons\" data-id=\"7cde45d\" data-element_type=\"widget\" data-e-type=\"widget\" data-widget_type=\"social-icons.default\">\n\t\t\t\t<div class=\"elementor-widget-container\">\n\t\t\t\t\t\t\t<div class=\"elementor-social-icons-wrapper elementor-grid\" role=\"list\">\n\t\t\t\t\t\t\t<span class=\"elementor-grid-item\" role=\"listitem\">\n\t\t\t\t\t<a class=\"elementor-icon elementor-social-icon elementor-social-icon-facebook elementor-repeater-item-2ef8559\" href=\"https:\/\/www.facebook.com\/Ceeecil.UAM.Izt\" target=\"_blank\">\n\t\t\t\t\t\t<span class=\"elementor-screen-only\">Facebook<\/span>\n\t\t\t\t\t\t<svg aria-hidden=\"true\" class=\"e-font-icon-svg e-fab-facebook\" viewBox=\"0 0 512 512\" xmlns=\"http:\/\/www.w3.org\/2000\/svg\"><path d=\"M504 256C504 119 393 8 256 8S8 119 8 256c0 123.78 90.69 226.38 209.25 245V327.69h-63V256h63v-54.64c0-62.15 37-96.48 93.67-96.48 27.14 0 55.52 4.84 55.52 4.84v61h-31.28c-30.8 0-40.41 19.12-40.41 38.73V256h68.78l-11 71.69h-57.78V501C413.31 482.38 504 379.78 504 256z\"><\/path><\/svg>\t\t\t\t\t<\/a>\n\t\t\t\t<\/span>\n\t\t\t\t\t\t\t<span class=\"elementor-grid-item\" role=\"listitem\">\n\t\t\t\t\t<a class=\"elementor-icon elementor-social-icon elementor-social-icon-youtube elementor-repeater-item-eafc162\" href=\"https:\/\/www.youtube.com\/@ceeeciluam-i6611\" target=\"_blank\">\n\t\t\t\t\t\t<span class=\"elementor-screen-only\">Youtube<\/span>\n\t\t\t\t\t\t<svg aria-hidden=\"true\" class=\"e-font-icon-svg e-fab-youtube\" viewBox=\"0 0 576 512\" xmlns=\"http:\/\/www.w3.org\/2000\/svg\"><path d=\"M549.655 124.083c-6.281-23.65-24.787-42.276-48.284-48.597C458.781 64 288 64 288 64S117.22 64 74.629 75.486c-23.497 6.322-42.003 24.947-48.284 48.597-11.412 42.867-11.412 132.305-11.412 132.305s0 89.438 11.412 132.305c6.281 23.65 24.787 41.5 48.284 47.821C117.22 448 288 448 288 448s170.78 0 213.371-11.486c23.497-6.321 42.003-24.171 48.284-47.821 11.412-42.867 11.412-132.305 11.412-132.305s0-89.438-11.412-132.305zm-317.51 213.508V175.185l142.739 81.205-142.739 81.201z\"><\/path><\/svg>\t\t\t\t\t<\/a>\n\t\t\t\t<\/span>\n\t\t\t\t\t\t\t<span class=\"elementor-grid-item\" role=\"listitem\">\n\t\t\t\t\t<a class=\"elementor-icon elementor-social-icon elementor-social-icon-instagram elementor-repeater-item-d6c68af\" href=\"https:\/\/www.instagram.com\/ceeeciluami\/\" target=\"_blank\" rel=\"nofollow\">\n\t\t\t\t\t\t<span class=\"elementor-screen-only\">Instagram<\/span>\n\t\t\t\t\t\t<svg aria-hidden=\"true\" class=\"e-font-icon-svg e-fab-instagram\" viewBox=\"0 0 448 512\" xmlns=\"http:\/\/www.w3.org\/2000\/svg\"><path d=\"M224.1 141c-63.6 0-114.9 51.3-114.9 114.9s51.3 114.9 114.9 114.9S339 319.5 339 255.9 287.7 141 224.1 141zm0 189.6c-41.1 0-74.7-33.5-74.7-74.7s33.5-74.7 74.7-74.7 74.7 33.5 74.7 74.7-33.6 74.7-74.7 74.7zm146.4-194.3c0 14.9-12 26.8-26.8 26.8-14.9 0-26.8-12-26.8-26.8s12-26.8 26.8-26.8 26.8 12 26.8 26.8zm76.1 27.2c-1.7-35.9-9.9-67.7-36.2-93.9-26.2-26.2-58-34.4-93.9-36.2-37-2.1-147.9-2.1-184.9 0-35.8 1.7-67.6 9.9-93.9 36.1s-34.4 58-36.2 93.9c-2.1 37-2.1 147.9 0 184.9 1.7 35.9 9.9 67.7 36.2 93.9s58 34.4 93.9 36.2c37 2.1 147.9 2.1 184.9 0 35.9-1.7 67.7-9.9 93.9-36.2 26.2-26.2 34.4-58 36.2-93.9 2.1-37 2.1-147.8 0-184.8zM398.8 388c-7.8 19.6-22.9 34.7-42.6 42.6-29.5 11.7-99.5 9-132.1 9s-102.7 2.6-132.1-9c-19.6-7.8-34.7-22.9-42.6-42.6-11.7-29.5-9-99.5-9-132.1s-2.6-102.7 9-132.1c7.8-19.6 22.9-34.7 42.6-42.6 29.5-11.7 99.5-9 132.1-9s102.7-2.6 132.1 9c19.6 7.8 34.7 22.9 42.6 42.6 11.7 29.5 9 99.5 9 132.1s2.7 102.7-9 132.1z\"><\/path><\/svg>\t\t\t\t\t<\/a>\n\t\t\t\t<\/span>\n\t\t\t\t\t\t\t<span class=\"elementor-grid-item\" role=\"listitem\">\n\t\t\t\t\t<a class=\"elementor-icon elementor-social-icon elementor-social-icon- elementor-repeater-item-9d622ab\" href=\"https:\/\/www.tiktok.com\/@ceeecil.uami\" target=\"_blank\">\n\t\t\t\t\t\t<span class=\"elementor-screen-only\"><\/span>\n\t\t\t\t\t\t<svg xmlns=\"http:\/\/www.w3.org\/2000\/svg\" fill=\"#000000\" width=\"800px\" height=\"800px\" viewBox=\"0 0 24 24\" xml:space=\"preserve\"><path d=\"M19.589 6.686a4.793 4.793 0 0 1-3.77-4.245V2h-3.445v13.672a2.896 2.896 0 0 1-5.201 1.743l-.002-.001.002.001a2.895 2.895 0 0 1 3.183-4.51v-3.5a6.329 6.329 0 0 0-5.394 10.692 6.33 6.33 0 0 0 10.857-4.424V8.687a8.182 8.182 0 0 0 4.773 1.526V6.79a4.831 4.831 0 0 1-1.003-.104z\"><\/path><\/svg>\t\t\t\t\t<\/a>\n\t\t\t\t<\/span>\n\t\t\t\t\t<\/div>\n\t\t\t\t\t\t<\/div>\n\t\t\t\t<\/div>\n\t\t\t\t<div class=\"elementor-element elementor-element-887db96 elementor-widget elementor-widget-spacer\" data-id=\"887db96\" data-element_type=\"widget\" data-e-type=\"widget\" data-widget_type=\"spacer.default\">\n\t\t\t\t<div class=\"elementor-widget-container\">\n\t\t\t\t\t\t\t<div class=\"elementor-spacer\">\n\t\t\t<div class=\"elementor-spacer-inner\"><\/div>\n\t\t<\/div>\n\t\t\t\t\t\t<\/div>\n\t\t\t\t<\/div>\n\t\t\t\t\t<\/div>\n\t\t\t\t<\/div>\n\t\t\t\t<\/div>\n\t\t","protected":false},"excerpt":{"rendered":"<p>CONVOCATORIA EN PDF Concurso de Cuento BASES: \u2022 Podr\u00e1 participar cualquier persona interesada en la escritura y residente en el territorio nacional.\u2022 S\u00f3lo se admitir\u00e1n textos en espa\u00f1ol. \u2022 Los cuentos deber\u00e1n corresponder a los temas del Congreso con un m\u00ednimo de 3 cuartillas y un m\u00e1ximo de 5. \u2022 Las obras deber\u00e1n presentarse en [&hellip;]<\/p>\n","protected":false},"author":1,"featured_media":0,"parent":0,"menu_order":0,"comment_status":"closed","ping_status":"closed","template":"elementor_header_footer","meta":{"footnotes":""},"class_list":["post-13553","page","type-page","status-publish","hentry","eq-blocks"],"_links":{"self":[{"href":"https:\/\/ceu2.izt.uam.mx\/index.php\/wp-json\/wp\/v2\/pages\/13553","targetHints":{"allow":["GET"]}}],"collection":[{"href":"https:\/\/ceu2.izt.uam.mx\/index.php\/wp-json\/wp\/v2\/pages"}],"about":[{"href":"https:\/\/ceu2.izt.uam.mx\/index.php\/wp-json\/wp\/v2\/types\/page"}],"author":[{"embeddable":true,"href":"https:\/\/ceu2.izt.uam.mx\/index.php\/wp-json\/wp\/v2\/users\/1"}],"replies":[{"embeddable":true,"href":"https:\/\/ceu2.izt.uam.mx\/index.php\/wp-json\/wp\/v2\/comments?post=13553"}],"version-history":[{"count":16,"href":"https:\/\/ceu2.izt.uam.mx\/index.php\/wp-json\/wp\/v2\/pages\/13553\/revisions"}],"predecessor-version":[{"id":13725,"href":"https:\/\/ceu2.izt.uam.mx\/index.php\/wp-json\/wp\/v2\/pages\/13553\/revisions\/13725"}],"wp:attachment":[{"href":"https:\/\/ceu2.izt.uam.mx\/index.php\/wp-json\/wp\/v2\/media?parent=13553"}],"curies":[{"name":"wp","href":"https:\/\/api.w.org\/{rel}","templated":true}]}}