{"id":99,"date":"2024-01-23T01:38:43","date_gmt":"2024-01-23T01:38:43","guid":{"rendered":"http:\/\/ceu2.izt.uam.mx\/difusion\/?page_id=99"},"modified":"2024-01-24T17:43:17","modified_gmt":"2024-01-24T17:43:17","slug":"secciones","status":"publish","type":"page","link":"https:\/\/ceu2.izt.uam.mx\/difusion\/index.php\/secciones\/","title":{"rendered":"Secciones"},"content":{"rendered":"\t\t<div data-elementor-type=\"wp-page\" data-elementor-id=\"99\" class=\"elementor elementor-99\" data-elementor-post-type=\"page\">\n\t\t\t\t<div class=\"elementor-element elementor-element-f3ee6d1 e-flex e-con-boxed e-con e-parent\" data-id=\"f3ee6d1\" data-element_type=\"container\">\n\t\t\t\t\t<div class=\"e-con-inner\">\n\t\t\t\t<div class=\"elementor-element elementor-element-62bbda9 jltma-glass-effect-no elementor-widget elementor-widget-heading\" data-id=\"62bbda9\" data-element_type=\"widget\" data-widget_type=\"heading.default\">\n\t\t\t\t<div class=\"elementor-widget-container\">\n\t\t\t\t\t<h3 class=\"elementor-heading-title elementor-size-default\">secciones<\/h3>\t\t\t\t<\/div>\n\t\t\t\t<\/div>\n\t\t\t\t<div class=\"elementor-element elementor-element-b83ef41 elementor-widget-divider--view-line jltma-glass-effect-no elementor-widget elementor-widget-divider\" data-id=\"b83ef41\" data-element_type=\"widget\" data-widget_type=\"divider.default\">\n\t\t\t\t<div class=\"elementor-widget-container\">\n\t\t\t\t\t\t\t<div class=\"elementor-divider\">\n\t\t\t<span class=\"elementor-divider-separator\">\n\t\t\t\t\t\t<\/span>\n\t\t<\/div>\n\t\t\t\t\t\t<\/div>\n\t\t\t\t<\/div>\n\t\t\t\t\t<\/div>\n\t\t\t\t<\/div>\n\t\t<div class=\"elementor-element elementor-element-c263fe6 e-flex e-con-boxed e-con e-parent\" data-id=\"c263fe6\" data-element_type=\"container\" data-settings=\"{&quot;background_background&quot;:&quot;classic&quot;}\">\n\t\t\t\t\t<div class=\"e-con-inner\">\n\t\t<div class=\"elementor-element elementor-element-2535132 e-con-full e-flex e-con e-child\" data-id=\"2535132\" data-element_type=\"container\">\n\t\t\t\t<div class=\"elementor-element elementor-element-46faef6 elementor-flip-box--direction-right elementor-flip-box--effect-flip jltma-glass-effect-no elementor-widget elementor-widget-flip-box\" data-id=\"46faef6\" data-element_type=\"widget\" data-widget_type=\"flip-box.default\">\n\t\t\t\t<div class=\"elementor-widget-container\">\n\t\t\t\t\t\t\t<div class=\"elementor-flip-box\" tabindex=\"0\">\n\t\t\t<div class=\"elementor-flip-box__layer elementor-flip-box__front\">\n\t\t\t\t<div class=\"elementor-flip-box__layer__overlay\">\n\t\t\t\t\t<div class=\"elementor-flip-box__layer__inner\">\n\t\t\t\t\t\t\t\t\t\t\t\t\t<div class=\"elementor-icon-wrapper elementor-view-default\">\n\t\t\t\t\t\t\t\t<div class=\"elementor-icon\">\n\t\t\t\t\t\t\t\t\t<svg xmlns=\"http:\/\/www.w3.org\/2000\/svg\" xmlns:xlink=\"http:\/\/www.w3.org\/1999\/xlink\" id=\"Layer_1\" x=\"0px\" y=\"0px\" viewBox=\"0 0 141.73 141.73\" style=\"enable-background:new 0 0 141.73 141.73;\" xml:space=\"preserve\"><style type=\"text\/css\">\t.st0{clip-path:url(#SVGID_00000083077455614652139550000005706413549897324724_);}<\/style><g>\t<defs>\t\t<rect id=\"SVGID_1_\" x=\"37.7\" y=\"1.16\" width=\"66.33\" height=\"139.41\"><\/rect>\t<\/defs>\t<clipPath id=\"SVGID_00000040546301201479195230000000099894328472745406_\">\t\t<use xlink:href=\"#SVGID_1_\" style=\"overflow:visible;\"><\/use>\t<\/clipPath>\t<path style=\"clip-path:url(#SVGID_00000040546301201479195230000000099894328472745406_);\" d=\"M68.61,140.56  c3.28,0.22,6.78-5.13,8.25-8.84l-15.32-0.27C62.72,134.91,65.58,140.37,68.61,140.56\"><\/path>\t<path style=\"clip-path:url(#SVGID_00000040546301201479195230000000099894328472745406_);\" d=\"M46.69,1.16  c-4.41-0.08-8.06,3.45-8.13,7.86l-0.72,45.54c-0.07,4.41-0.13,8.13-0.13,8.29c0,0.16,3.61,0.64,8.02,0.72l49.45,0.94  c4.41,0.08,8.01,0.02,8.02-0.15c0.01-0.16,0.08-4.2,0.15-8.6l0.69-45.51c0.07-4.41-3.48-8.08-7.88-8.16L46.69,1.16z\"><\/path>\t<path style=\"clip-path:url(#SVGID_00000040546301201479195230000000099894328472745406_);\" d=\"M42.04,69.98  c-1.92,0.09-3.38,0.6-3.23,1.12c0.14,0.53,1.19,3.62,1.92,5.69l6.58,18.59c0.74,2.08,1.94,5.48,2.67,7.55l6.46,18.3  c0.74,2.08,2.91,3.71,4.84,3.61c1.93-0.09,2.91-1.86,2.18-3.94L46.86,73.6C46.13,71.52,43.96,69.89,42.04,69.98\"><\/path>\t<path style=\"clip-path:url(#SVGID_00000040546301201479195230000000099894328472745406_);\" d=\"M68.31,121.35  c0.73,2.08,3.13,3.83,5.33,3.89l3.22,0.09c2.2,0.06,4.66-1.56,5.48-3.61c0,0,6.56-16.6,8.81-22.28c2.25-5.69,9.49-24.35,9.49-24.35  c0.79-2.06-0.35-3.78-2.56-3.82l-43.68-0.92c-2.2-0.05-3.41,1.61-2.68,3.69L68.31,121.35z\"><\/path><\/g><\/svg>\t\t\t\t\t\t\t\t<\/div>\n\t\t\t\t\t\t\t<\/div>\n\t\t\t\t\t\t\n\t\t\t\t\t\t\t\t\t\t\t\t\t<h3 class=\"elementor-flip-box__layer__title\">\n\t\t\t\t\t\t\t\tEDITORIAL\t\t\t\t\t\t\t<\/h3>\n\t\t\t\t\t\t\n\t\t\t\t\t\t\t\t\t\t\t<\/div>\n\t\t\t\t<\/div>\n\t\t\t<\/div>\n\t\t\t<div class=\"elementor-flip-box__layer elementor-flip-box__back\">\n\t\t\t<div class=\"elementor-flip-box__layer__overlay\">\n\t\t\t\t<div class=\"elementor-flip-box__layer__inner\">\n\t\t\t\t\t\t\t\t\t\t\t<h3 class=\"elementor-flip-box__layer__title\">\n\t\t\t\t\t\t\tEDITORIAL\t\t\t\t\t\t<\/h3>\n\t\t\t\t\t\n\t\t\t\t\t\t\t\t\t\t\t<div class=\"elementor-flip-box__layer__description\">\n\t\t\t\t\t\t\tLorem ipsum dolor sit amet consectetur adipiscing elit dolor\t\t\t\t\t\t<\/div>\n\t\t\t\t\t\n\t\t\t\t\t\t\t\t\t\t\t<a class=\"elementor-flip-box__button elementor-button elementor-size-sm\" href=\"http:\/\/ceu2.izt.uam.mx\/difusion\/index.php\/category\/secciones\/editorial\/\" target=\"_blank\">\n\t\t\t\t\t\t\tVER SECCI\u00d3N\t\t\t\t\t\t<\/a>\n\t\t\t\t\t\t\t\t<\/div>\n\t\t<\/div>\n\t\t<\/div>\n\t\t<\/div>\n\t\t\t\t\t\t<\/div>\n\t\t\t\t<\/div>\n\t\t\t\t<\/div>\n\t\t<div class=\"elementor-element elementor-element-548e5f5 e-con-full e-flex e-con e-child\" data-id=\"548e5f5\" data-element_type=\"container\">\n\t\t\t\t<div class=\"elementor-element elementor-element-d2914e5 elementor-flip-box--direction-right elementor-flip-box--effect-flip jltma-glass-effect-no elementor-widget elementor-widget-flip-box\" data-id=\"d2914e5\" data-element_type=\"widget\" data-widget_type=\"flip-box.default\">\n\t\t\t\t<div class=\"elementor-widget-container\">\n\t\t\t\t\t\t\t<div class=\"elementor-flip-box\" tabindex=\"0\">\n\t\t\t<div class=\"elementor-flip-box__layer elementor-flip-box__front\">\n\t\t\t\t<div class=\"elementor-flip-box__layer__overlay\">\n\t\t\t\t\t<div class=\"elementor-flip-box__layer__inner\">\n\t\t\t\t\t\t\t\t\t\t\t\t\t<div class=\"elementor-icon-wrapper elementor-view-default\">\n\t\t\t\t\t\t\t\t<div class=\"elementor-icon\">\n\t\t\t\t\t\t\t\t\t<svg xmlns=\"http:\/\/www.w3.org\/2000\/svg\" xmlns:xlink=\"http:\/\/www.w3.org\/1999\/xlink\" id=\"Layer_1\" x=\"0px\" y=\"0px\" viewBox=\"0 0 141.73 141.73\" style=\"enable-background:new 0 0 141.73 141.73;\" xml:space=\"preserve\"><style type=\"text\/css\">\t.st0{fill:none;stroke:#000000;stroke-width:1.3905;stroke-miterlimit:10;}\t.st1{clip-path:url(#SVGID_00000047039350266360835250000007640491792878929545_);}<\/style><g>\t<defs>\t\t<rect id=\"SVGID_1_\" x=\"-32.81\" y=\"-32.93\" width=\"209.11\" height=\"209.11\"><\/rect>\t<\/defs>\t<clipPath id=\"SVGID_00000044863524471561638550000006813488412251265924_\">\t\t<use xlink:href=\"#SVGID_1_\" style=\"overflow:visible;\"><\/use>\t<\/clipPath><\/g><polygon class=\"st0\" points=\"114.87,99.54 98.86,100.94 92.15,33.23 108.17,31.83 \"><\/polygon><polygon class=\"st0\" points=\"106.49,91.19 98.82,104.57 39.5,69.59 47.16,56.2 \"><\/polygon><g>\t<defs>\t\t<rect id=\"SVGID_00000055697715690629875520000015474366584476563859_\" x=\"-32.81\" y=\"-32.93\" width=\"209.11\" height=\"209.11\"><\/rect>\t<\/defs>\t<clipPath id=\"SVGID_00000012439247889488403360000009933088235013222029_\">\t\t<use xlink:href=\"#SVGID_00000055697715690629875520000015474366584476563859_\" style=\"overflow:visible;\"><\/use>\t<\/clipPath>\t<path style=\"clip-path:url(#SVGID_00000012439247889488403360000009933088235013222029_);\" d=\"M124.83,33.41  c0,13.26-10.75,24.01-24.01,24.01c-13.26,0-24.01-10.75-24.01-24.01c0-13.25,10.76-24.01,24.01-24.01  C114.08,9.4,124.83,20.16,124.83,33.41\"><\/path>\t<path style=\"clip-path:url(#SVGID_00000012439247889488403360000009933088235013222029_);\" d=\"M60.87,56.26c0,16.01-12.99,29-29,29  s-28.99-12.99-28.99-29s12.98-28.99,28.99-28.99S60.87,40.25,60.87,56.26\"><\/path>\t<path style=\"clip-path:url(#SVGID_00000012439247889488403360000009933088235013222029_);\" d=\"M140.61,99.44  c0,18.99-15.41,34.4-34.39,34.4c-18.99,0-34.4-15.4-34.4-34.4c0-18.99,15.4-34.39,34.4-34.39  C125.21,65.05,140.61,80.46,140.61,99.44\"><\/path><\/g><\/svg>\t\t\t\t\t\t\t\t<\/div>\n\t\t\t\t\t\t\t<\/div>\n\t\t\t\t\t\t\n\t\t\t\t\t\t\t\t\t\t\t\t\t<h3 class=\"elementor-flip-box__layer__title\">\n\t\t\t\t\t\t\t\tCIENCIA Y ESENCIA\t\t\t\t\t\t\t<\/h3>\n\t\t\t\t\t\t\n\t\t\t\t\t\t\t\t\t\t\t<\/div>\n\t\t\t\t<\/div>\n\t\t\t<\/div>\n\t\t\t<div class=\"elementor-flip-box__layer elementor-flip-box__back\">\n\t\t\t<div class=\"elementor-flip-box__layer__overlay\">\n\t\t\t\t<div class=\"elementor-flip-box__layer__inner\">\n\t\t\t\t\t\t\t\t\t\t\t<h3 class=\"elementor-flip-box__layer__title\">\n\t\t\t\t\t\t\tCIENCIA Y ESENCIA\t\t\t\t\t\t<\/h3>\n\t\t\t\t\t\n\t\t\t\t\t\t\t\t\t\t\t<div class=\"elementor-flip-box__layer__description\">\n\t\t\t\t\t\t\tLorem ipsum dolor sit amet consectetur adipiscing elit dolor\t\t\t\t\t\t<\/div>\n\t\t\t\t\t\n\t\t\t\t\t\t\t\t\t\t\t<a class=\"elementor-flip-box__button elementor-button elementor-size-sm\" href=\"http:\/\/ceu2.izt.uam.mx\/difusion\/index.php\/category\/secciones\/ciencia_y_esencia\/\" target=\"_blank\">\n\t\t\t\t\t\t\tVER SECCI\u00d3N\t\t\t\t\t\t<\/a>\n\t\t\t\t\t\t\t\t<\/div>\n\t\t<\/div>\n\t\t<\/div>\n\t\t<\/div>\n\t\t\t\t\t\t<\/div>\n\t\t\t\t<\/div>\n\t\t\t\t<\/div>\n\t\t<div class=\"elementor-element elementor-element-c67aaac e-con-full e-flex e-con e-child\" data-id=\"c67aaac\" data-element_type=\"container\">\n\t\t\t\t<div class=\"elementor-element elementor-element-a40dc46 elementor-flip-box--direction-right elementor-flip-box--effect-flip jltma-glass-effect-no elementor-widget elementor-widget-flip-box\" data-id=\"a40dc46\" data-element_type=\"widget\" data-widget_type=\"flip-box.default\">\n\t\t\t\t<div class=\"elementor-widget-container\">\n\t\t\t\t\t\t\t<div class=\"elementor-flip-box\" tabindex=\"0\">\n\t\t\t<div class=\"elementor-flip-box__layer elementor-flip-box__front\">\n\t\t\t\t<div class=\"elementor-flip-box__layer__overlay\">\n\t\t\t\t\t<div class=\"elementor-flip-box__layer__inner\">\n\t\t\t\t\t\t\t\t\t\t\t\t\t<div class=\"elementor-icon-wrapper elementor-view-default\">\n\t\t\t\t\t\t\t\t<div class=\"elementor-icon\">\n\t\t\t\t\t\t\t\t\t<svg xmlns=\"http:\/\/www.w3.org\/2000\/svg\" xmlns:xlink=\"http:\/\/www.w3.org\/1999\/xlink\" id=\"Layer_1\" x=\"0px\" y=\"0px\" viewBox=\"0 0 141.73 141.73\" style=\"enable-background:new 0 0 141.73 141.73;\" xml:space=\"preserve\"><style type=\"text\/css\">\t.st0{clip-path:url(#SVGID_00000113336010736251532710000015117861399538376110_);}<\/style><g>\t<defs>\t\t<rect id=\"SVGID_1_\" x=\"-32.81\" y=\"-32.93\" width=\"209.11\" height=\"209.11\"><\/rect>\t<\/defs>\t<clipPath id=\"SVGID_00000097458820172436518280000017312435472834615941_\">\t\t<use xlink:href=\"#SVGID_1_\" style=\"overflow:visible;\"><\/use>\t<\/clipPath><\/g><g>\t<g>\t\t<defs>\t\t\t<rect id=\"SVGID_00000094592938762621814540000008037309670173898905_\" x=\"-17.11\" y=\"-15.6\" width=\"175.95\" height=\"172.93\"><\/rect>\t\t<\/defs>\t\t<clipPath id=\"SVGID_00000180342687136673375060000015924957474432038302_\">\t\t\t<use xlink:href=\"#SVGID_00000094592938762621814540000008037309670173898905_\" style=\"overflow:visible;\"><\/use>\t\t<\/clipPath>\t\t<path style=\"clip-path:url(#SVGID_00000180342687136673375060000015924957474432038302_);\" d=\"M35.22,89.11V99.3l28.89,3.54   c0,0,5.86,1.42,14.23-3.48c8.36-4.89,56.52-31.12,56.52-31.12s7.04-5.78,0-10.34c-3.1-2.01-6.37-0.91-6.37-0.91v3.68L77.4,88.38   c0,0-6.17,5.06-12.31,4.42L35.22,89.11z M16.9,71.09l40.97,4.37c0,0,5.38,0.75,9.52,0.36c4.14-0.39,11.44-5.08,11.44-5.08   l55.85-28.54c0,0,2.08-1.29,0-1.92l-49.93-2.45c0,0-6.3-0.78-13.09,1.76c-6.78,2.54-59.39,21.66-59.39,21.66S0.77,66.19,0.94,79.3   c0.14,11.06,7.64,16.77,13.34,16.93V86.12c0,0-3.96,1.29-3.34-7.37c0.28-3.86,3.36-7.03,3.36-7.03S15.24,70.92,16.9,71.09\"><\/path>\t<\/g>\t<polygon points=\"19.18,81.6 19.18,106.71 25.03,104.55 30.47,109.93 30.47,83.08  \"><\/polygon><\/g><\/svg>\t\t\t\t\t\t\t\t<\/div>\n\t\t\t\t\t\t\t<\/div>\n\t\t\t\t\t\t\n\t\t\t\t\t\t\t\t\t\t\t\t\t<h3 class=\"elementor-flip-box__layer__title\">\n\t\t\t\t\t\t\t\tVIDA ACAD\u00c9MICA\t\t\t\t\t\t\t<\/h3>\n\t\t\t\t\t\t\n\t\t\t\t\t\t\t\t\t\t\t<\/div>\n\t\t\t\t<\/div>\n\t\t\t<\/div>\n\t\t\t<div class=\"elementor-flip-box__layer elementor-flip-box__back\">\n\t\t\t<div class=\"elementor-flip-box__layer__overlay\">\n\t\t\t\t<div class=\"elementor-flip-box__layer__inner\">\n\t\t\t\t\t\t\t\t\t\t\t<h3 class=\"elementor-flip-box__layer__title\">\n\t\t\t\t\t\t\tVIDA ACAD\u00c9MICA\t\t\t\t\t\t<\/h3>\n\t\t\t\t\t\n\t\t\t\t\t\t\t\t\t\t\t<div class=\"elementor-flip-box__layer__description\">\n\t\t\t\t\t\t\tLorem ipsum dolor sit amet consectetur adipiscing elit dolor\t\t\t\t\t\t<\/div>\n\t\t\t\t\t\n\t\t\t\t\t\t\t\t\t\t\t<a class=\"elementor-flip-box__button elementor-button elementor-size-sm\" href=\"http:\/\/ceu2.izt.uam.mx\/difusion\/index.php\/category\/secciones\/vida_academica\/\" target=\"_blank\">\n\t\t\t\t\t\t\tVER SECCI\u00d3N\t\t\t\t\t\t<\/a>\n\t\t\t\t\t\t\t\t<\/div>\n\t\t<\/div>\n\t\t<\/div>\n\t\t<\/div>\n\t\t\t\t\t\t<\/div>\n\t\t\t\t<\/div>\n\t\t\t\t<\/div>\n\t\t<div class=\"elementor-element elementor-element-183372e e-con-full e-flex e-con e-child\" data-id=\"183372e\" data-element_type=\"container\">\n\t\t\t\t<div class=\"elementor-element elementor-element-492c82c elementor-flip-box--direction-right elementor-flip-box--effect-flip jltma-glass-effect-no elementor-widget elementor-widget-flip-box\" data-id=\"492c82c\" data-element_type=\"widget\" data-widget_type=\"flip-box.default\">\n\t\t\t\t<div class=\"elementor-widget-container\">\n\t\t\t\t\t\t\t<div class=\"elementor-flip-box\" tabindex=\"0\">\n\t\t\t<div class=\"elementor-flip-box__layer elementor-flip-box__front\">\n\t\t\t\t<div class=\"elementor-flip-box__layer__overlay\">\n\t\t\t\t\t<div class=\"elementor-flip-box__layer__inner\">\n\t\t\t\t\t\t\t\t\t\t\t\t\t<div class=\"elementor-icon-wrapper elementor-view-default\">\n\t\t\t\t\t\t\t\t<div class=\"elementor-icon\">\n\t\t\t\t\t\t\t\t\t<svg xmlns=\"http:\/\/www.w3.org\/2000\/svg\" xmlns:xlink=\"http:\/\/www.w3.org\/1999\/xlink\" id=\"Layer_1\" x=\"0px\" y=\"0px\" viewBox=\"0 0 141.73 141.73\" style=\"enable-background:new 0 0 141.73 141.73;\" xml:space=\"preserve\"><style type=\"text\/css\">\t.st0{fill:none;stroke:#000000;stroke-width:0.6828;stroke-linejoin:round;stroke-miterlimit:10;}\t.st1{fill:#808080;}\t.st2{fill:#FFFFFF;}<\/style><g>\t<defs>\t\t<rect id=\"SVGID_1_\" x=\"-32.81\" y=\"-32.93\" width=\"209.11\" height=\"209.11\"><\/rect>\t<\/defs>\t<clipPath id=\"SVGID_00000010309198345425395840000014883985576601601155_\">\t\t<use xlink:href=\"#SVGID_1_\" style=\"overflow:visible;\"><\/use>\t<\/clipPath><\/g><g>\t<defs>\t\t<rect id=\"SVGID_00000057851171600003777350000002996451130106163902_\" x=\"-37.44\" y=\"-31.39\" width=\"208\" height=\"204.44\"><\/rect>\t<\/defs>\t<clipPath id=\"SVGID_00000178186750014016389090000003702834641693320610_\">\t\t<use xlink:href=\"#SVGID_00000057851171600003777350000002996451130106163902_\" style=\"overflow:visible;\"><\/use>\t<\/clipPath><\/g><polygon points=\"37.36,133.1 50.82,91.81 2.4,73.01 \"><\/polygon><polygon class=\"st0\" points=\"37.36,133.1 50.82,91.81 2.4,73.01 \"><\/polygon><polygon class=\"st1\" points=\"37.17,133.1 105.91,132.38 50.61,91.73 \"><\/polygon><polygon class=\"st0\" points=\"37.17,133.1 105.91,132.38 50.61,91.73 \"><\/polygon><polygon class=\"st2\" points=\"105.92,132.38 50.55,91.83 100.28,64.25 \"><\/polygon><polygon class=\"st0\" points=\"105.92,132.38 50.55,91.83 100.28,64.25 \"><\/polygon><polygon points=\"105.69,132.38 138.91,74.84 100.04,64.25 \"><\/polygon><polygon class=\"st0\" points=\"105.69,132.38 138.91,74.84 100.04,64.25 \"><\/polygon><polygon class=\"st2\" points=\"138.91,75.07 104.48,12.98 100.04,64.47 \"><\/polygon><polygon class=\"st0\" points=\"138.91,75.07 104.48,12.98 100.04,64.47 \"><\/polygon><polygon points=\"100.31,64.39 47.38,32.32 50.57,91.99 \"><\/polygon><polygon class=\"st0\" points=\"100.31,64.39 47.38,32.32 50.57,91.99 \"><\/polygon><polygon class=\"st1\" points=\"47.38,32.42 104.72,12.98 100.29,64.51 \"><\/polygon><polygon class=\"st0\" points=\"47.38,32.42 104.72,12.98 100.29,64.51 \"><\/polygon><polygon class=\"st2\" points=\"47.63,32.32 50.82,91.99 2.4,73.19 \"><\/polygon><polygon class=\"st0\" points=\"47.63,32.32 50.82,91.99 2.4,73.19 \"><\/polygon><polygon class=\"st2\" points=\"104.71,13.02 34.56,9.14 47.43,32.58 \"><\/polygon><polygon class=\"st0\" points=\"104.71,13.02 34.56,9.14 47.43,32.58 \"><\/polygon><polygon points=\"34.75,9.14 2.4,73.28 47.65,32.42 \"><\/polygon><polygon class=\"st0\" points=\"34.75,9.14 2.4,73.28 47.65,32.42 \"><\/polygon><\/svg>\t\t\t\t\t\t\t\t<\/div>\n\t\t\t\t\t\t\t<\/div>\n\t\t\t\t\t\t\n\t\t\t\t\t\t\t\t\t\t\t\t\t<h3 class=\"elementor-flip-box__layer__title\">\n\t\t\t\t\t\t\t\tPOLIEDRO\t\t\t\t\t\t\t<\/h3>\n\t\t\t\t\t\t\n\t\t\t\t\t\t\t\t\t\t\t<\/div>\n\t\t\t\t<\/div>\n\t\t\t<\/div>\n\t\t\t<div class=\"elementor-flip-box__layer elementor-flip-box__back\">\n\t\t\t<div class=\"elementor-flip-box__layer__overlay\">\n\t\t\t\t<div class=\"elementor-flip-box__layer__inner\">\n\t\t\t\t\t\t\t\t\t\t\t<h3 class=\"elementor-flip-box__layer__title\">\n\t\t\t\t\t\t\tPOLIEDRO\t\t\t\t\t\t<\/h3>\n\t\t\t\t\t\n\t\t\t\t\t\t\t\t\t\t\t<div class=\"elementor-flip-box__layer__description\">\n\t\t\t\t\t\t\tLorem ipsum dolor sit amet consectetur adipiscing elit dolor\t\t\t\t\t\t<\/div>\n\t\t\t\t\t\n\t\t\t\t\t\t\t\t\t\t\t<a class=\"elementor-flip-box__button elementor-button elementor-size-sm\" href=\"http:\/\/ceu2.izt.uam.mx\/difusion\/index.php\/category\/secciones\/poliedro\/\" target=\"_blank\">\n\t\t\t\t\t\t\tVER SECCI\u00d3N\t\t\t\t\t\t<\/a>\n\t\t\t\t\t\t\t\t<\/div>\n\t\t<\/div>\n\t\t<\/div>\n\t\t<\/div>\n\t\t\t\t\t\t<\/div>\n\t\t\t\t<\/div>\n\t\t\t\t<\/div>\n\t\t<div class=\"elementor-element elementor-element-b400ace e-con-full e-flex e-con e-child\" data-id=\"b400ace\" data-element_type=\"container\">\n\t\t\t\t<div class=\"elementor-element elementor-element-e872cc7 elementor-flip-box--direction-right elementor-flip-box--effect-flip jltma-glass-effect-no elementor-widget elementor-widget-flip-box\" data-id=\"e872cc7\" data-element_type=\"widget\" data-widget_type=\"flip-box.default\">\n\t\t\t\t<div class=\"elementor-widget-container\">\n\t\t\t\t\t\t\t<div class=\"elementor-flip-box\" tabindex=\"0\">\n\t\t\t<div class=\"elementor-flip-box__layer elementor-flip-box__front\">\n\t\t\t\t<div class=\"elementor-flip-box__layer__overlay\">\n\t\t\t\t\t<div class=\"elementor-flip-box__layer__inner\">\n\t\t\t\t\t\t\t\t\t\t\t\t\t<div class=\"elementor-icon-wrapper elementor-view-default\">\n\t\t\t\t\t\t\t\t<div class=\"elementor-icon\">\n\t\t\t\t\t\t\t\t\t<svg class=\"e-font-icon-svg e-fas-comment-alt\" viewBox=\"0 0 512 512\" xmlns=\"http:\/\/www.w3.org\/2000\/svg\"><path d=\"M448 0H64C28.7 0 0 28.7 0 64v288c0 35.3 28.7 64 64 64h96v84c0 9.8 11.2 15.5 19.1 9.7L304 416h144c35.3 0 64-28.7 64-64V64c0-35.3-28.7-64-64-64z\"><\/path><\/svg>\t\t\t\t\t\t\t\t<\/div>\n\t\t\t\t\t\t\t<\/div>\n\t\t\t\t\t\t\n\t\t\t\t\t\t\t\t\t\t\t\t\t<h3 class=\"elementor-flip-box__layer__title\">\n\t\t\t\t\t\t\t\tCRIATURA CREATIVA\t\t\t\t\t\t\t<\/h3>\n\t\t\t\t\t\t\n\t\t\t\t\t\t\t\t\t\t\t<\/div>\n\t\t\t\t<\/div>\n\t\t\t<\/div>\n\t\t\t<div class=\"elementor-flip-box__layer elementor-flip-box__back\">\n\t\t\t<div class=\"elementor-flip-box__layer__overlay\">\n\t\t\t\t<div class=\"elementor-flip-box__layer__inner\">\n\t\t\t\t\t\t\t\t\t\t\t<h3 class=\"elementor-flip-box__layer__title\">\n\t\t\t\t\t\t\tCRIATURA CREATIVA\t\t\t\t\t\t<\/h3>\n\t\t\t\t\t\n\t\t\t\t\t\t\t\t\t\t\t<div class=\"elementor-flip-box__layer__description\">\n\t\t\t\t\t\t\tLorem ipsum dolor sit amet consectetur adipiscing elit dolor\t\t\t\t\t\t<\/div>\n\t\t\t\t\t\n\t\t\t\t\t\t\t\t\t\t\t<a class=\"elementor-flip-box__button elementor-button elementor-size-sm\" href=\"http:\/\/ceu2.izt.uam.mx\/difusion\/index.php\/category\/secciones\/criatura_creativa\/\" target=\"_blank\">\n\t\t\t\t\t\t\tVER SECCI\u00d3N\t\t\t\t\t\t<\/a>\n\t\t\t\t\t\t\t\t<\/div>\n\t\t<\/div>\n\t\t<\/div>\n\t\t<\/div>\n\t\t\t\t\t\t<\/div>\n\t\t\t\t<\/div>\n\t\t\t\t<\/div>\n\t\t<div class=\"elementor-element elementor-element-44cb1f7 e-con-full e-flex e-con e-child\" data-id=\"44cb1f7\" data-element_type=\"container\">\n\t\t\t\t<div class=\"elementor-element elementor-element-b39dc0a elementor-flip-box--direction-right elementor-flip-box--effect-flip jltma-glass-effect-no elementor-widget elementor-widget-flip-box\" data-id=\"b39dc0a\" data-element_type=\"widget\" data-widget_type=\"flip-box.default\">\n\t\t\t\t<div class=\"elementor-widget-container\">\n\t\t\t\t\t\t\t<div class=\"elementor-flip-box\" tabindex=\"0\">\n\t\t\t<div class=\"elementor-flip-box__layer elementor-flip-box__front\">\n\t\t\t\t<div class=\"elementor-flip-box__layer__overlay\">\n\t\t\t\t\t<div class=\"elementor-flip-box__layer__inner\">\n\t\t\t\t\t\t\t\t\t\t\t\t\t<div class=\"elementor-icon-wrapper elementor-view-default\">\n\t\t\t\t\t\t\t\t<div class=\"elementor-icon\">\n\t\t\t\t\t\t\t\t\t<svg class=\"e-font-icon-svg e-fas-book-open\" viewBox=\"0 0 576 512\" xmlns=\"http:\/\/www.w3.org\/2000\/svg\"><path d=\"M542.22 32.05c-54.8 3.11-163.72 14.43-230.96 55.59-4.64 2.84-7.27 7.89-7.27 13.17v363.87c0 11.55 12.63 18.85 23.28 13.49 69.18-34.82 169.23-44.32 218.7-46.92 16.89-.89 30.02-14.43 30.02-30.66V62.75c.01-17.71-15.35-31.74-33.77-30.7zM264.73 87.64C197.5 46.48 88.58 35.17 33.78 32.05 15.36 31.01 0 45.04 0 62.75V400.6c0 16.24 13.13 29.78 30.02 30.66 49.49 2.6 149.59 12.11 218.77 46.95 10.62 5.35 23.21-1.94 23.21-13.46V100.63c0-5.29-2.62-10.14-7.27-12.99z\"><\/path><\/svg>\t\t\t\t\t\t\t\t<\/div>\n\t\t\t\t\t\t\t<\/div>\n\t\t\t\t\t\t\n\t\t\t\t\t\t\t\t\t\t\t\t\t<h3 class=\"elementor-flip-box__layer__title\">\n\t\t\t\t\t\t\t\tDOSIER\t\t\t\t\t\t\t<\/h3>\n\t\t\t\t\t\t\n\t\t\t\t\t\t\t\t\t\t\t<\/div>\n\t\t\t\t<\/div>\n\t\t\t<\/div>\n\t\t\t<div class=\"elementor-flip-box__layer elementor-flip-box__back\">\n\t\t\t<div class=\"elementor-flip-box__layer__overlay\">\n\t\t\t\t<div class=\"elementor-flip-box__layer__inner\">\n\t\t\t\t\t\t\t\t\t\t\t<h3 class=\"elementor-flip-box__layer__title\">\n\t\t\t\t\t\t\tDOSIER\t\t\t\t\t\t<\/h3>\n\t\t\t\t\t\n\t\t\t\t\t\t\t\t\t\t\t<div class=\"elementor-flip-box__layer__description\">\n\t\t\t\t\t\t\tLorem ipsum dolor sit amet consectetur adipiscing elit dolor\t\t\t\t\t\t<\/div>\n\t\t\t\t\t\n\t\t\t\t\t\t\t\t\t\t\t<a class=\"elementor-flip-box__button elementor-button elementor-size-sm\" href=\"http:\/\/ceu2.izt.uam.mx\/difusion\/index.php\/category\/secciones\/dosier\/\" target=\"_blank\">\n\t\t\t\t\t\t\tVER SECCI\u00d3N\t\t\t\t\t\t<\/a>\n\t\t\t\t\t\t\t\t<\/div>\n\t\t<\/div>\n\t\t<\/div>\n\t\t<\/div>\n\t\t\t\t\t\t<\/div>\n\t\t\t\t<\/div>\n\t\t\t\t<\/div>\n\t\t\t\t\t<\/div>\n\t\t\t\t<\/div>\n\t\t<div class=\"elementor-element elementor-element-eb840f6 e-flex e-con-boxed e-con e-parent\" data-id=\"eb840f6\" data-element_type=\"container\">\n\t\t\t\t\t<div class=\"e-con-inner\">\n\t\t\t\t\t<\/div>\n\t\t\t\t<\/div>\n\t\t\t\t<\/div>\n\t\t","protected":false},"excerpt":{"rendered":"<p>secciones EDITORIAL EDITORIAL Lorem ipsum dolor sit amet consectetur adipiscing elit dolor VER SECCI\u00d3N CIENCIA Y ESENCIA CIENCIA Y ESENCIA Lorem ipsum dolor sit amet consectetur adipiscing elit dolor VER SECCI\u00d3N VIDA ACAD\u00c9MICA VIDA ACAD\u00c9MICA Lorem ipsum dolor sit amet consectetur adipiscing elit dolor VER SECCI\u00d3N POLIEDRO POLIEDRO Lorem ipsum dolor sit amet consectetur adipiscing [&hellip;]<\/p>\n","protected":false},"author":1,"featured_media":0,"parent":0,"menu_order":0,"comment_status":"closed","ping_status":"closed","template":"elementor_header_footer","meta":{"footnotes":""},"class_list":["post-99","page","type-page","status-publish","hentry"],"_links":{"self":[{"href":"https:\/\/ceu2.izt.uam.mx\/difusion\/index.php\/wp-json\/wp\/v2\/pages\/99","targetHints":{"allow":["GET"]}}],"collection":[{"href":"https:\/\/ceu2.izt.uam.mx\/difusion\/index.php\/wp-json\/wp\/v2\/pages"}],"about":[{"href":"https:\/\/ceu2.izt.uam.mx\/difusion\/index.php\/wp-json\/wp\/v2\/types\/page"}],"author":[{"embeddable":true,"href":"https:\/\/ceu2.izt.uam.mx\/difusion\/index.php\/wp-json\/wp\/v2\/users\/1"}],"replies":[{"embeddable":true,"href":"https:\/\/ceu2.izt.uam.mx\/difusion\/index.php\/wp-json\/wp\/v2\/comments?post=99"}],"version-history":[{"count":55,"href":"https:\/\/ceu2.izt.uam.mx\/difusion\/index.php\/wp-json\/wp\/v2\/pages\/99\/revisions"}],"predecessor-version":[{"id":399,"href":"https:\/\/ceu2.izt.uam.mx\/difusion\/index.php\/wp-json\/wp\/v2\/pages\/99\/revisions\/399"}],"wp:attachment":[{"href":"https:\/\/ceu2.izt.uam.mx\/difusion\/index.php\/wp-json\/wp\/v2\/media?parent=99"}],"curies":[{"name":"wp","href":"https:\/\/api.w.org\/{rel}","templated":true}]}}