{"id":4900,"date":"2024-07-01T13:24:57","date_gmt":"2024-07-01T13:24:57","guid":{"rendered":"https:\/\/ceu2.izt.uam.mx\/difusion\/?page_id=4900"},"modified":"2025-07-26T17:28:10","modified_gmt":"2025-07-26T17:28:10","slug":"numero-actual","status":"publish","type":"page","link":"https:\/\/ceu2.izt.uam.mx\/difusion\/index.php\/numero-actual\/","title":{"rendered":"N\u00daMERO ACTUAL"},"content":{"rendered":"\t\t<div data-elementor-type=\"wp-page\" data-elementor-id=\"4900\" class=\"elementor elementor-4900\" data-elementor-post-type=\"page\">\n\t\t\t\t<div class=\"elementor-element elementor-element-a7c8813 e-flex e-con-boxed e-con e-parent\" data-id=\"a7c8813\" data-element_type=\"container\">\n\t\t\t\t\t<div class=\"e-con-inner\">\n\t\t\t\t<div class=\"elementor-element elementor-element-9bc5097 jltma-glass-effect-no elementor-widget elementor-widget-spacer\" data-id=\"9bc5097\" data-element_type=\"widget\" data-widget_type=\"spacer.default\">\n\t\t\t\t<div class=\"elementor-widget-container\">\n\t\t\t\t\t\t\t<div class=\"elementor-spacer\">\n\t\t\t<div class=\"elementor-spacer-inner\"><\/div>\n\t\t<\/div>\n\t\t\t\t\t\t<\/div>\n\t\t\t\t<\/div>\n\t\t\t\t\t<\/div>\n\t\t\t\t<\/div>\n\t\t<div class=\"elementor-element elementor-element-2afeca3 e-flex e-con-boxed e-con e-parent\" data-id=\"2afeca3\" data-element_type=\"container\">\n\t\t\t\t\t<div class=\"e-con-inner\">\n\t\t\t\t<div class=\"elementor-element elementor-element-9757d90 jltma-glass-effect-no elementor-widget elementor-widget-spacer\" data-id=\"9757d90\" data-element_type=\"widget\" data-widget_type=\"spacer.default\">\n\t\t\t\t<div class=\"elementor-widget-container\">\n\t\t\t\t\t\t\t<div class=\"elementor-spacer\">\n\t\t\t<div class=\"elementor-spacer-inner\"><\/div>\n\t\t<\/div>\n\t\t\t\t\t\t<\/div>\n\t\t\t\t<\/div>\n\t\t\t\t\t<\/div>\n\t\t\t\t<\/div>\n\t\t<div class=\"elementor-element elementor-element-8923083 e-flex e-con-boxed e-con e-parent\" data-id=\"8923083\" data-element_type=\"container\">\n\t\t\t\t\t<div class=\"e-con-inner\">\n\t\t<div class=\"elementor-element elementor-element-d2341eb e-con-full e-flex e-con e-child\" data-id=\"d2341eb\" data-element_type=\"container\">\n\t\t<div class=\"elementor-element elementor-element-c313fd3 e-con-full e-flex e-con e-child\" data-id=\"c313fd3\" data-element_type=\"container\">\n\t\t\t\t<\/div>\n\t\t<div class=\"elementor-element elementor-element-42cec0a e-con-full e-flex e-con e-child\" data-id=\"42cec0a\" data-element_type=\"container\">\n\t\t\t\t<div class=\"elementor-element elementor-element-c65a528 jltma-glass-effect-no elementor-widget elementor-widget-heading\" data-id=\"c65a528\" data-element_type=\"widget\" data-widget_type=\"heading.default\">\n\t\t\t\t<div class=\"elementor-widget-container\">\n\t\t\t\t\t<h3 class=\"elementor-heading-title elementor-size-default\">CEMAN\u00c1HUAC 83,  JULIO DE 2025<\/h3>\t\t\t\t<\/div>\n\t\t\t\t<\/div>\n\t\t\t\t<\/div>\n\t\t<div class=\"elementor-element elementor-element-d3ea4aa e-con-full e-flex e-con e-child\" data-id=\"d3ea4aa\" data-element_type=\"container\">\n\t\t\t\t<\/div>\n\t\t\t\t<\/div>\n\t\t\t\t\t<\/div>\n\t\t\t\t<\/div>\n\t\t<div class=\"elementor-element elementor-element-369d057 e-flex e-con-boxed e-con e-parent\" data-id=\"369d057\" data-element_type=\"container\">\n\t\t\t\t\t<div class=\"e-con-inner\">\n\t\t<div class=\"elementor-element elementor-element-5799910 e-con-full e-flex e-con e-child\" data-id=\"5799910\" data-element_type=\"container\">\n\t\t<div class=\"elementor-element elementor-element-0890bcd e-con-full e-flex e-con e-child\" data-id=\"0890bcd\" data-element_type=\"container\">\n\t\t<div class=\"elementor-element elementor-element-945a0b9 e-flex e-con-boxed e-con e-child\" data-id=\"945a0b9\" data-element_type=\"container\">\n\t\t\t\t\t<div class=\"e-con-inner\">\n\t\t<div class=\"elementor-element elementor-element-e7a228f e-flex e-con-boxed e-con e-child\" data-id=\"e7a228f\" data-element_type=\"container\" data-settings=\"{&quot;background_background&quot;:&quot;classic&quot;}\">\n\t\t\t\t\t<div class=\"e-con-inner\">\n\t\t<div class=\"elementor-element elementor-element-026faee e-con-full e-flex e-con e-child\" data-id=\"026faee\" data-element_type=\"container\">\n\t\t\t\t<div class=\"elementor-element elementor-element-db1fd87 jltma-glass-effect-no elementor-widget elementor-widget-heading\" data-id=\"db1fd87\" data-element_type=\"widget\" data-widget_type=\"heading.default\">\n\t\t\t\t<div class=\"elementor-widget-container\">\n\t\t\t\t\t<h3 class=\"elementor-heading-title elementor-size-default\">.<\/h3>\t\t\t\t<\/div>\n\t\t\t\t<\/div>\n\t\t\t\t<\/div>\n\t\t<div class=\"elementor-element elementor-element-3af07dc e-con-full e-flex e-con e-child\" data-id=\"3af07dc\" data-element_type=\"container\" data-settings=\"{&quot;background_background&quot;:&quot;classic&quot;}\">\n\t\t\t\t<div class=\"elementor-element elementor-element-4e9ec15 jltma-glass-effect-no elementor-widget elementor-widget-spacer\" data-id=\"4e9ec15\" data-element_type=\"widget\" data-widget_type=\"spacer.default\">\n\t\t\t\t<div class=\"elementor-widget-container\">\n\t\t\t\t\t\t\t<div class=\"elementor-spacer\">\n\t\t\t<div class=\"elementor-spacer-inner\"><\/div>\n\t\t<\/div>\n\t\t\t\t\t\t<\/div>\n\t\t\t\t<\/div>\n\t\t\t\t<div class=\"elementor-element elementor-element-7aea021 jltma-glass-effect-no elementor-widget elementor-widget-image\" data-id=\"7aea021\" data-element_type=\"widget\" data-widget_type=\"image.default\">\n\t\t\t\t<div class=\"elementor-widget-container\">\n\t\t\t\t\t\t\t\t\t\t\t\t\t\t\t<img fetchpriority=\"high\" decoding=\"async\" width=\"235\" height=\"252\" src=\"https:\/\/ceu2.izt.uam.mx\/difusion\/wp-content\/uploads\/2025\/07\/c_83_lat_ang_ts_cm.png\" class=\"attachment-large size-large wp-image-10206\" alt=\"\" \/>\t\t\t\t\t\t\t\t\t\t\t\t\t\t\t<\/div>\n\t\t\t\t<\/div>\n\t\t\t\t<div class=\"elementor-element elementor-element-1f17105 elementor-align-center jltma-glass-effect-no elementor-widget elementor-widget-button\" data-id=\"1f17105\" data-element_type=\"widget\" data-widget_type=\"button.default\">\n\t\t\t\t<div class=\"elementor-widget-container\">\n\t\t\t\t\t\t\t\t\t<div class=\"elementor-button-wrapper\">\n\t\t\t\t\t<a class=\"elementor-button elementor-button-link elementor-size-xs\" href=\"http:\/\/ceu2.izt.uam.mx\/difusion\/wp-content\/uploads\/2025\/07\/Cemanahuac-83-julio-2025_DIFUSION_UAM-I.pdf\" target=\"_blank\">\n\t\t\t\t\t\t<span class=\"elementor-button-content-wrapper\">\n\t\t\t\t\t\t\t\t\t<span class=\"elementor-button-text\">VERSI\u00d3N PDF<\/span>\n\t\t\t\t\t<\/span>\n\t\t\t\t\t<\/a>\n\t\t\t\t<\/div>\n\t\t\t\t\t\t\t\t<\/div>\n\t\t\t\t<\/div>\n\t\t\t\t<div class=\"elementor-element elementor-element-a246e38 jltma-glass-effect-no elementor-widget elementor-widget-spacer\" data-id=\"a246e38\" data-element_type=\"widget\" data-widget_type=\"spacer.default\">\n\t\t\t\t<div class=\"elementor-widget-container\">\n\t\t\t\t\t\t\t<div class=\"elementor-spacer\">\n\t\t\t<div class=\"elementor-spacer-inner\"><\/div>\n\t\t<\/div>\n\t\t\t\t\t\t<\/div>\n\t\t\t\t<\/div>\n\t\t\t\t<\/div>\n\t\t<div class=\"elementor-element elementor-element-11b66d5 e-con-full e-flex e-con e-child\" data-id=\"11b66d5\" data-element_type=\"container\">\n\t\t\t\t<div class=\"elementor-element elementor-element-ba56892 jltma-glass-effect-no elementor-widget elementor-widget-image\" data-id=\"ba56892\" data-element_type=\"widget\" data-widget_type=\"image.default\">\n\t\t\t\t<div class=\"elementor-widget-container\">\n\t\t\t\t\t\t\t\t\t\t\t\t\t\t\t<img decoding=\"async\" width=\"367\" height=\"250\" src=\"https:\/\/ceu2.izt.uam.mx\/difusion\/wp-content\/uploads\/2025\/07\/c_83_flip_img_cm_uam_okas.jpg\" class=\"attachment-large size-large wp-image-10205\" alt=\"\" srcset=\"https:\/\/ceu2.izt.uam.mx\/difusion\/wp-content\/uploads\/2025\/07\/c_83_flip_img_cm_uam_okas.jpg 367w, https:\/\/ceu2.izt.uam.mx\/difusion\/wp-content\/uploads\/2025\/07\/c_83_flip_img_cm_uam_okas-300x204.jpg 300w\" sizes=\"(max-width: 367px) 100vw, 367px\" \/>\t\t\t\t\t\t\t\t\t\t\t\t\t\t\t<\/div>\n\t\t\t\t<\/div>\n\t\t\t\t<div class=\"elementor-element elementor-element-711a23e elementor-align-center jltma-glass-effect-no elementor-widget elementor-widget-button\" data-id=\"711a23e\" data-element_type=\"widget\" data-widget_type=\"button.default\">\n\t\t\t\t<div class=\"elementor-widget-container\">\n\t\t\t\t\t\t\t\t\t<div class=\"elementor-button-wrapper\">\n\t\t\t\t\t<a class=\"elementor-button elementor-button-link elementor-size-xs\" href=\"https:\/\/ceu2.izt.uam.mx\/difusion\/index.php\/3d-flip-book\/cemanahuac-83\/\" target=\"_blank\">\n\t\t\t\t\t\t<span class=\"elementor-button-content-wrapper\">\n\t\t\t\t\t\t\t\t\t<span class=\"elementor-button-text\">VERSI\u00d3N FLIPBOOK<\/span>\n\t\t\t\t\t<\/span>\n\t\t\t\t\t<\/a>\n\t\t\t\t<\/div>\n\t\t\t\t\t\t\t\t<\/div>\n\t\t\t\t<\/div>\n\t\t\t\t<div class=\"elementor-element elementor-element-926c0eb jltma-glass-effect-no elementor-widget elementor-widget-spacer\" data-id=\"926c0eb\" data-element_type=\"widget\" data-widget_type=\"spacer.default\">\n\t\t\t\t<div class=\"elementor-widget-container\">\n\t\t\t\t\t\t\t<div class=\"elementor-spacer\">\n\t\t\t<div class=\"elementor-spacer-inner\"><\/div>\n\t\t<\/div>\n\t\t\t\t\t\t<\/div>\n\t\t\t\t<\/div>\n\t\t\t\t<\/div>\n\t\t\t\t\t<\/div>\n\t\t\t\t<\/div>\n\t\t\t\t\t<\/div>\n\t\t\t\t<\/div>\n\t\t\t\t<\/div>\n\t\t\t\t<\/div>\n\t\t\t\t\t<\/div>\n\t\t\t\t<\/div>\n\t\t<div class=\"elementor-element elementor-element-3478de2 e-flex e-con-boxed e-con e-parent\" data-id=\"3478de2\" data-element_type=\"container\">\n\t\t\t\t\t<div class=\"e-con-inner\">\n\t\t\t\t<div class=\"elementor-element elementor-element-dbd3591 jltma-glass-effect-no elementor-widget elementor-widget-spacer\" data-id=\"dbd3591\" data-element_type=\"widget\" data-widget_type=\"spacer.default\">\n\t\t\t\t<div class=\"elementor-widget-container\">\n\t\t\t\t\t\t\t<div class=\"elementor-spacer\">\n\t\t\t<div class=\"elementor-spacer-inner\"><\/div>\n\t\t<\/div>\n\t\t\t\t\t\t<\/div>\n\t\t\t\t<\/div>\n\t\t\t\t\t<\/div>\n\t\t\t\t<\/div>\n\t\t\t\t<\/div>\n\t\t","protected":false},"excerpt":{"rendered":"<p>CEMAN\u00c1HUAC 83, JULIO DE 2025 . VERSI\u00d3N PDF VERSI\u00d3N FLIPBOOK<\/p>\n","protected":false},"author":21,"featured_media":4903,"parent":0,"menu_order":0,"comment_status":"closed","ping_status":"closed","template":"elementor_header_footer","meta":{"footnotes":""},"class_list":["post-4900","page","type-page","status-publish","has-post-thumbnail","hentry"],"_links":{"self":[{"href":"https:\/\/ceu2.izt.uam.mx\/difusion\/index.php\/wp-json\/wp\/v2\/pages\/4900","targetHints":{"allow":["GET"]}}],"collection":[{"href":"https:\/\/ceu2.izt.uam.mx\/difusion\/index.php\/wp-json\/wp\/v2\/pages"}],"about":[{"href":"https:\/\/ceu2.izt.uam.mx\/difusion\/index.php\/wp-json\/wp\/v2\/types\/page"}],"author":[{"embeddable":true,"href":"https:\/\/ceu2.izt.uam.mx\/difusion\/index.php\/wp-json\/wp\/v2\/users\/21"}],"replies":[{"embeddable":true,"href":"https:\/\/ceu2.izt.uam.mx\/difusion\/index.php\/wp-json\/wp\/v2\/comments?post=4900"}],"version-history":[{"count":330,"href":"https:\/\/ceu2.izt.uam.mx\/difusion\/index.php\/wp-json\/wp\/v2\/pages\/4900\/revisions"}],"predecessor-version":[{"id":10213,"href":"https:\/\/ceu2.izt.uam.mx\/difusion\/index.php\/wp-json\/wp\/v2\/pages\/4900\/revisions\/10213"}],"wp:featuredmedia":[{"embeddable":true,"href":"https:\/\/ceu2.izt.uam.mx\/difusion\/index.php\/wp-json\/wp\/v2\/media\/4903"}],"wp:attachment":[{"href":"https:\/\/ceu2.izt.uam.mx\/difusion\/index.php\/wp-json\/wp\/v2\/media?parent=4900"}],"curies":[{"name":"wp","href":"https:\/\/api.w.org\/{rel}","templated":true}]}}